{"id":764545,"date":"2025-08-28T11:13:55","date_gmt":"2025-08-28T08:13:55","guid":{"rendered":"https:\/\/roveyayinevi.com.tr\/index.php\/urun\/bu-kitap-hayatinizi-kurtarabilir\/"},"modified":"2026-04-15T03:30:21","modified_gmt":"2026-04-15T00:30:21","slug":"bu-kitap-hayatinizi-kurtarabilir","status":"publish","type":"product","link":"https:\/\/roveyayinevi.com.tr\/index.php\/urun\/bu-kitap-hayatinizi-kurtarabilir\/","title":{"rendered":"Bu Kitap Hayat\u0131n\u0131z\u0131 Kurtarabilir"},"content":{"rendered":"<p>NEDEN GAZINIZI \u0130\u00c7\u0130N\u0130ZDE TUTMAMALISINIZ? BURUN KILLARINIZI ALDIRMANIN TEHL\u0130KELER\u0130 NELERD\u0130R? ANNE KARNINDAYKEN V\u00dcCUDUNUZUN OLU\u015eAN   \u0130LK PAR\u00c7ASI HANG\u0130S\u0130D\u0130R? BEYN\u0130M\u0130Z\u0130N B\u0130ZE HATIRLATTI\u011eI ANILARI GER\u00c7EKTEN YA\u015eADIK MI?   Sosyal medyada 5 milyondan fazla takip\u00e7isi olan bir t\u0131p doktorunun insan v\u00fccuduna dair yanl\u0131\u015f bilinenleri if\u015fa etti\u011fi, hayati sa\u011fl\u0131k bilgilerini bize sundu\u011fu komik ve m\u00fckemmel bir rehber! Dr. Karan Rajan\u2019a g\u00f6re insan v\u00fccudu hayatta kalabilmek i\u00e7in ola\u011fan\u00fcst\u00fc bir \u00e7aba g\u00f6sterir. Dr. Rajan\u2019\u0131n, hastanede \u00e7al\u0131\u015ft\u0131\u011f\u0131 y\u0131llardan \u00e7\u0131kard\u0131\u011f\u0131 dersler ve \u00f6\u011frendi\u011fi sa\u011fl\u0131k t\u00fcyolar\u0131yla dolu olan Bu Kitap Hayat\u0131n\u0131z\u0131 Kurtarabilir, daha az endi\u015felenmenize ve iyi ya\u015faman\u0131za yard\u0131mc\u0131 olacak. Bu kitap, her \u015feyiyle muhte\u015fem bedenlerimize bir \u00f6vg\u00fc niteli\u011finde. Dr. Karan, bizi ayakta tutan tuhaf bedensel i\u015flevleri a\u00e7\u0131klarken ayn\u0131 zamanda sa\u011fl\u0131\u011f\u0131m\u0131zla ilgili bir sorun oldu\u011funda toparlanmam\u0131za yard\u0131mc\u0131 olacak pratik tavsiyeleri de bizden esirgemiyor. \u201cT\u0131p alan\u0131nda ger\u00e7ek bilgileri sahtesinden ay\u0131rmak isterseniz Dr. Karan\u2019\u0131n s\u00f6ylediklerine rahatl\u0131kla kulak kabartabilirsiniz. G\u00fclme ve \u00f6\u011frenme eylemlerinin e\u015fit \u00f6l\u00e7\u00fclerde yer ald\u0131\u011f\u0131 nadir kitaplardan biri.\u2019\u2019 \u2013Dr. Julie Smith <\/p>\n","protected":false},"excerpt":{"rendered":"<p>NEDEN GAZINIZI \u0130\u00c7\u0130N\u0130ZDE TUTMAMALISINIZ? BURUN KILLARINIZI ALDIRMANIN TEHL\u0130KELER\u0130 NELERD\u0130R? ANNE KARNINDAYKEN V\u00dcCUDUNUZUN OLU\u015eAN \u0130LK PAR\u00c7ASI HANG\u0130S\u0130D\u0130R? BEYN\u0130M\u0130Z\u0130N B\u0130ZE HATIRLATTI\u011eI ANILARI GER\u00c7EKTEN YA\u015eADIK MI? Sosyal medyada 5<span class=\"excerpt-hellip\"> [\u2026]<\/span><\/p>\n","protected":false},"featured_media":0,"template":"","meta":{"_monsterinsights_skip_tracking":false,"_monsterinsights_sitenote_active":false,"_monsterinsights_sitenote_note":"","_monsterinsights_sitenote_category":0},"product_brand":[],"product_cat":[13365],"product_tag":[],"class_list":{"0":"post-764545","1":"product","2":"type-product","3":"status-publish","5":"product_cat-saglik","6":"pa_cilt-ciltsiz","7":"pa_tur-kitap","8":"pa_yayinevi-mona-kitap","9":"pa_yazar-dr-karan-rajan","11":"first","12":"instock","13":"sale","14":"shipping-taxable","15":"purchasable","16":"product-type-simple"},"_links":{"self":[{"href":"https:\/\/roveyayinevi.com.tr\/index.php\/wp-json\/wp\/v2\/product\/764545","targetHints":{"allow":["GET"]}}],"collection":[{"href":"https:\/\/roveyayinevi.com.tr\/index.php\/wp-json\/wp\/v2\/product"}],"about":[{"href":"https:\/\/roveyayinevi.com.tr\/index.php\/wp-json\/wp\/v2\/types\/product"}],"wp:attachment":[{"href":"https:\/\/roveyayinevi.com.tr\/index.php\/wp-json\/wp\/v2\/media?parent=764545"}],"wp:term":[{"taxonomy":"product_brand","embeddable":true,"href":"https:\/\/roveyayinevi.com.tr\/index.php\/wp-json\/wp\/v2\/product_brand?post=764545"},{"taxonomy":"product_cat","embeddable":true,"href":"https:\/\/roveyayinevi.com.tr\/index.php\/wp-json\/wp\/v2\/product_cat?post=764545"},{"taxonomy":"product_tag","embeddable":true,"href":"https:\/\/roveyayinevi.com.tr\/index.php\/wp-json\/wp\/v2\/product_tag?post=764545"}],"curies":[{"name":"wp","href":"https:\/\/api.w.org\/{rel}","templated":true}]}}