{"id":764542,"date":"2025-08-28T11:13:48","date_gmt":"2025-08-28T08:13:48","guid":{"rendered":"https:\/\/roveyayinevi.com.tr\/index.php\/urun\/vahiy-ve-bilim-isiginda-esintiler\/"},"modified":"2026-01-30T03:58:46","modified_gmt":"2026-01-30T00:58:46","slug":"vahiy-ve-bilim-isiginda-esintiler","status":"publish","type":"product","link":"https:\/\/roveyayinevi.com.tr\/index.php\/urun\/vahiy-ve-bilim-isiginda-esintiler\/","title":{"rendered":"Vahiy ve Bilim I\u015f\u0131\u011f\u0131nda Esintiler"},"content":{"rendered":"<p>Mustafa Cemal TOMAR 02.03.1968 y\u0131l\u0131nda Trabzon&#8217;un Tonya il\u00e7esine ba\u011fl\u0131 Sayra\u00e7 K\u00f6y\u00fc\u2019nde\/ Mahallesi&#8217;nde d\u00fcnyaya geldi. 1984-85 y\u0131l\u0131nda Tonya \u0130mam Hatip Lisesi&#8217;den mezun oldu. 2,5 y\u0131l Erzurum-Oltu il\u00e7esine ba\u011fl\u0131 Yolboyu K\u00f6y\u00fc\u2019nde \u0130mam-Hatiplik g\u00f6revinde bulundu. 1989 Haziran d\u00f6neminde KT\u00dc-Giresun E\u011fitim Y\u00fcksekokulu&#8217;nu bitirdi. 1990 y\u0131l\u0131ndan 1996 y\u0131l\u0131na kadar m\u00fcd\u00fcr yetkili \u00f6\u011fretmenlik, 1996 y\u0131l\u0131ndan bu yana da s\u0131n\u0131f \u00f6\u011fretmeni olarak g\u00f6revine devam etmektedir. Trabzon, Erzurum, \u015eanl\u0131urfa&#8217;da g\u00f6rev yapm\u0131\u015ft\u0131r. 2023 y\u0131l\u0131 itibar\u0131yla Ba\u015f\u00f6\u011fretmen \u00fcnvan\u0131ylag\u00f6revine devam etmektedir.     Yazar\u0131m\u0131z g\u00f6rev s\u00fcresi i\u00e7inde Anadolu \u00dcniversitesi A\u00e7\u0131k\u00f6\u011fretim Fak\u00fcltesi T\u00fcrk\u00e7e \u00f6\u011fretmenli\u011fib\u00f6l\u00fcm\u00fcn\u00fc bitirerek lisans diplomas\u0131 alm\u0131\u015ft\u0131r. 2023-24 e\u011fitim-\u00f6\u011fretim y\u0131l\u0131ndan beri Samsun ili &#8211; \u0130lkad\u0131m il\u00e7esi Sakarya \u0130lkokulu&#8217;nda g\u00f6revine devam etmektedir. Mustafa Cemal Hoca, yaz\u0131 hayat\u0131na 2020 y\u0131l\u0131ndan beri aktif olarak devam etmektedir. G\u00fcnl\u00fck olarak yazd\u0131\u011f\u0131 denemeleri www.serhathaber.com&#8217;da yay\u0131mlanmaktad\u0131r.     Ayr\u0131ca yazar\u0131m\u0131z,iki y\u0131l Anadolu \u00dcniversitesi \u0130ktisat Fak\u00fcltesi&#8217;nde okumu\u015ftur.Vatani g\u00f6revini on dokuz ay er r\u00fctbesiyle yapm\u0131\u015ft\u0131r. Yazar\u0131m\u0131z, okumay\u0131-yazmay\u0131, g\u00fcncel olaylar\u0131 takip etmeyi, olaylara farkl\u0131 pencereden bakmay\u0131, gezmeyi, Kur&#8217;an okuyup anlamay\u0131 ve anlatmay\u0131, \u00e7e\u015fitli konularda ara\u015ft\u0131rma yapmay\u0131, il\u00e2hi- \u015fiir okumay\u0131 ve dinlemeyi sever.     Yazar\u0131m\u0131z Mustafa Cemal Hoca&#8217;n\u0131n&#8221;G\u00f6z Ard\u0131 Edilen Ger\u00e7ekler&#8221; ismiyle(Cilt:1, Cilt:2 ve Cilt:3) olmak \u00fczere \u00fc\u00e7 ayr\u0131 eseri yay\u0131mlanm\u0131\u015ft\u0131r. Yazar, &#8220;Vahiy ve Bilim I\u015f\u0131\u011f\u0131nda Esintiler&#8221; adl\u0131 eserini de bitirerek okuyucular\u0131n hizmetine sunmu\u015ftur.<\/p>\n","protected":false},"excerpt":{"rendered":"<p>Mustafa Cemal TOMAR 02.03.1968 y\u0131l\u0131nda Trabzon&#8217;un Tonya il\u00e7esine ba\u011fl\u0131 Sayra\u00e7 K\u00f6y\u00fc\u2019nde\/ Mahallesi&#8217;nde d\u00fcnyaya geldi. 1984-85 y\u0131l\u0131nda Tonya \u0130mam Hatip Lisesi&#8217;den mezun oldu. 2,5 y\u0131l Erzurum-Oltu il\u00e7esine<span class=\"excerpt-hellip\"> [\u2026]<\/span><\/p>\n","protected":false},"featured_media":0,"template":"","meta":{"_monsterinsights_skip_tracking":false,"_monsterinsights_sitenote_active":false,"_monsterinsights_sitenote_note":"","_monsterinsights_sitenote_category":0},"product_brand":[],"product_cat":[12777,12291],"product_tag":[],"class_list":{"0":"post-764542","1":"product","2":"type-product","3":"status-publish","5":"product_cat-deneme","6":"product_cat-edebiyat","7":"pa_cilt-ciltsiz","8":"pa_tur-kitap","9":"pa_yayinevi-vova-yayinlari","10":"pa_yazar-mustafa-cemal-tomar","12":"first","13":"instock","14":"sale","15":"shipping-taxable","16":"purchasable","17":"product-type-simple"},"_links":{"self":[{"href":"https:\/\/roveyayinevi.com.tr\/index.php\/wp-json\/wp\/v2\/product\/764542","targetHints":{"allow":["GET"]}}],"collection":[{"href":"https:\/\/roveyayinevi.com.tr\/index.php\/wp-json\/wp\/v2\/product"}],"about":[{"href":"https:\/\/roveyayinevi.com.tr\/index.php\/wp-json\/wp\/v2\/types\/product"}],"wp:attachment":[{"href":"https:\/\/roveyayinevi.com.tr\/index.php\/wp-json\/wp\/v2\/media?parent=764542"}],"wp:term":[{"taxonomy":"product_brand","embeddable":true,"href":"https:\/\/roveyayinevi.com.tr\/index.php\/wp-json\/wp\/v2\/product_brand?post=764542"},{"taxonomy":"product_cat","embeddable":true,"href":"https:\/\/roveyayinevi.com.tr\/index.php\/wp-json\/wp\/v2\/product_cat?post=764542"},{"taxonomy":"product_tag","embeddable":true,"href":"https:\/\/roveyayinevi.com.tr\/index.php\/wp-json\/wp\/v2\/product_tag?post=764542"}],"curies":[{"name":"wp","href":"https:\/\/api.w.org\/{rel}","templated":true}]}}