{"id":764541,"date":"2025-08-28T11:13:46","date_gmt":"2025-08-28T08:13:46","guid":{"rendered":"https:\/\/roveyayinevi.com.tr\/index.php\/urun\/veda-vefa\/"},"modified":"2026-01-30T03:58:46","modified_gmt":"2026-01-30T00:58:46","slug":"veda-vefa","status":"publish","type":"product","link":"https:\/\/roveyayinevi.com.tr\/index.php\/urun\/veda-vefa\/","title":{"rendered":"Veda &amp; Vefa"},"content":{"rendered":"<p>A\u015fk merdivenin sonunda g\u00fczellikleri ve g\u00fczelleri g\u00fczel yapan en g\u00fczel vard\u0131r\u2026Kad\u0131n, k\u0131z, hayat, \u00e7i\u00e7ek, su, yer, g\u00f6k, kelebek, bebek, anne, baba, duygu, sa\u011fl\u0131k g\u00fczelde acaba bu g\u00fczellikleri g\u00fczel edip kurgulayan daha g\u00fczel de\u011fil mi?EVET! EVET! EVET!<\/p>\n","protected":false},"excerpt":{"rendered":"<p>A\u015fk merdivenin sonunda g\u00fczellikleri ve g\u00fczelleri g\u00fczel yapan en g\u00fczel vard\u0131r\u2026Kad\u0131n, k\u0131z, hayat, \u00e7i\u00e7ek, su, yer, g\u00f6k, kelebek, bebek, anne, baba, duygu, sa\u011fl\u0131k g\u00fczelde acaba bu<span class=\"excerpt-hellip\"> [\u2026]<\/span><\/p>\n","protected":false},"featured_media":0,"template":"","meta":{"_monsterinsights_skip_tracking":false,"_monsterinsights_sitenote_active":false,"_monsterinsights_sitenote_note":"","_monsterinsights_sitenote_category":0},"product_brand":[],"product_cat":[12291,12509],"product_tag":[],"class_list":{"0":"post-764541","1":"product","2":"type-product","3":"status-publish","5":"product_cat-edebiyat","6":"product_cat-siir","7":"pa_cilt-ciltsiz","8":"pa_tur-kitap","9":"pa_yayinevi-vova-yayinlari","10":"pa_yazar-ahmet-faruk-kayhan","12":"first","13":"instock","14":"sale","15":"shipping-taxable","16":"purchasable","17":"product-type-simple"},"_links":{"self":[{"href":"https:\/\/roveyayinevi.com.tr\/index.php\/wp-json\/wp\/v2\/product\/764541","targetHints":{"allow":["GET"]}}],"collection":[{"href":"https:\/\/roveyayinevi.com.tr\/index.php\/wp-json\/wp\/v2\/product"}],"about":[{"href":"https:\/\/roveyayinevi.com.tr\/index.php\/wp-json\/wp\/v2\/types\/product"}],"wp:attachment":[{"href":"https:\/\/roveyayinevi.com.tr\/index.php\/wp-json\/wp\/v2\/media?parent=764541"}],"wp:term":[{"taxonomy":"product_brand","embeddable":true,"href":"https:\/\/roveyayinevi.com.tr\/index.php\/wp-json\/wp\/v2\/product_brand?post=764541"},{"taxonomy":"product_cat","embeddable":true,"href":"https:\/\/roveyayinevi.com.tr\/index.php\/wp-json\/wp\/v2\/product_cat?post=764541"},{"taxonomy":"product_tag","embeddable":true,"href":"https:\/\/roveyayinevi.com.tr\/index.php\/wp-json\/wp\/v2\/product_tag?post=764541"}],"curies":[{"name":"wp","href":"https:\/\/api.w.org\/{rel}","templated":true}]}}