{"id":764540,"date":"2025-08-28T11:13:44","date_gmt":"2025-08-28T08:13:44","guid":{"rendered":"https:\/\/roveyayinevi.com.tr\/index.php\/urun\/sonsuz-arayis\/"},"modified":"2026-01-30T03:58:46","modified_gmt":"2026-01-30T00:58:46","slug":"sonsuz-arayis","status":"publish","type":"product","link":"https:\/\/roveyayinevi.com.tr\/index.php\/urun\/sonsuz-arayis\/","title":{"rendered":"Sonsuz Aray\u0131\u015f"},"content":{"rendered":"<p>SONSUZ ARAYI\u015e   Derin \u00f6zlem i\u00e7inde g\u00f6nl\u00fcm. Ait de\u011fil bu d\u00fcnyaya bilirim. Bir aray\u0131\u015f i\u00e7inde, \u00d6yle bir aray\u0131\u015f ki, kar\u015f\u0131l\u0131\u011f\u0131 bilinmez, Kar\u015f\u0131l\u0131\u011f\u0131 bilinse, bu d\u00fcnyada verilmez.   Sarm\u0131yor gelip ge\u00e7ici arzular i\u00e7imi, Bitecek g\u00fczellikler, teskin etmiyor i\u00e7imi. Sonsuzluk istiyor, Dert, gam, kederden uzak bir hayat bi\u00e7imi.   Anlad\u0131m ki, bu d\u00fcnya fani. Nerde kal\u0131c\u0131 mutluluk, nerde hani? G\u00f6z\u00fcm\u00fc diktim \u00f6l\u00fcmden sonraki hayata, \u00d6l\u00fcms\u00fczl\u00fck istiyor bu fani bedenim, Bu ge\u00e7ici d\u00fcnyaya bel ba\u011flamak, en b\u00fcy\u00fck hata!   Mesrur oldu g\u00f6nl\u00fcm, o an bu fikirle, Her zaman anar\u0131m onu, g\u00f6n\u00fclden bir zikirle.<\/p>\n","protected":false},"excerpt":{"rendered":"<p>SONSUZ ARAYI\u015e Derin \u00f6zlem i\u00e7inde g\u00f6nl\u00fcm. Ait de\u011fil bu d\u00fcnyaya bilirim. Bir aray\u0131\u015f i\u00e7inde, \u00d6yle bir aray\u0131\u015f ki, kar\u015f\u0131l\u0131\u011f\u0131 bilinmez, Kar\u015f\u0131l\u0131\u011f\u0131 bilinse, bu d\u00fcnyada verilmez. Sarm\u0131yor<span class=\"excerpt-hellip\"> [\u2026]<\/span><\/p>\n","protected":false},"featured_media":0,"template":"","meta":{"_monsterinsights_skip_tracking":false,"_monsterinsights_sitenote_active":false,"_monsterinsights_sitenote_note":"","_monsterinsights_sitenote_category":0},"product_brand":[],"product_cat":[12291,12509],"product_tag":[],"class_list":{"0":"post-764540","1":"product","2":"type-product","3":"status-publish","5":"product_cat-edebiyat","6":"product_cat-siir","7":"pa_cilt-ciltsiz","8":"pa_tur-kitap","9":"pa_yayinevi-vova-yayinlari","10":"pa_yazar-seyfullah-gider","12":"first","13":"instock","14":"sale","15":"shipping-taxable","16":"purchasable","17":"product-type-simple"},"_links":{"self":[{"href":"https:\/\/roveyayinevi.com.tr\/index.php\/wp-json\/wp\/v2\/product\/764540","targetHints":{"allow":["GET"]}}],"collection":[{"href":"https:\/\/roveyayinevi.com.tr\/index.php\/wp-json\/wp\/v2\/product"}],"about":[{"href":"https:\/\/roveyayinevi.com.tr\/index.php\/wp-json\/wp\/v2\/types\/product"}],"wp:attachment":[{"href":"https:\/\/roveyayinevi.com.tr\/index.php\/wp-json\/wp\/v2\/media?parent=764540"}],"wp:term":[{"taxonomy":"product_brand","embeddable":true,"href":"https:\/\/roveyayinevi.com.tr\/index.php\/wp-json\/wp\/v2\/product_brand?post=764540"},{"taxonomy":"product_cat","embeddable":true,"href":"https:\/\/roveyayinevi.com.tr\/index.php\/wp-json\/wp\/v2\/product_cat?post=764540"},{"taxonomy":"product_tag","embeddable":true,"href":"https:\/\/roveyayinevi.com.tr\/index.php\/wp-json\/wp\/v2\/product_tag?post=764540"}],"curies":[{"name":"wp","href":"https:\/\/api.w.org\/{rel}","templated":true}]}}