{"id":764537,"date":"2025-08-28T11:13:37","date_gmt":"2025-08-28T08:13:37","guid":{"rendered":"https:\/\/roveyayinevi.com.tr\/index.php\/urun\/yaz-gunesi\/"},"modified":"2026-01-30T03:58:46","modified_gmt":"2026-01-30T00:58:46","slug":"yaz-gunesi","status":"publish","type":"product","link":"https:\/\/roveyayinevi.com.tr\/index.php\/urun\/yaz-gunesi\/","title":{"rendered":"Yaz G\u00fcne\u015fi"},"content":{"rendered":"<p>Bu yol mevsimlere g\u00f6re bize yakla\u015f\u0131rd\u0131. Bazen sar\u0131, bazen beyaz, bazen ye\u015file boyan\u0131r, her renginde ayr\u0131 bir sevin\u00e7, ayr\u0131 bir a\u011f\u0131rl\u0131k olurdu. Sonbaharda kuru yapraklar\u0131n \u00fcst\u00fcne basarak y\u00fcr\u00fcr, bazen ya\u011fmur, bazen r\u00fczgarla hazan\u0131 s\u0131rt\u0131m\u0131za al\u0131p ta\u015f\u0131rd\u0131k. S\u0131rt\u0131m\u0131zda, ceketimize yap\u0131\u015fm\u0131\u015f bir kar\u0131\u015f ya\u011fmur suyu, ayaklar\u0131m\u0131zda a\u011f\u0131rla\u015fan \u00e7amurla ve her ge\u00e7en g\u00fcn biraz daha so\u011fuyan, beyaz mevsime yakla\u015fan bir ruh haliyle, gittik\u00e7e b\u00fcy\u00fcy\u00fcp, g\u00fcnler aylar ge\u00e7tik\u00e7e, hazan mevsimi kaybolurdu. <\/p>\n","protected":false},"excerpt":{"rendered":"<p>Bu yol mevsimlere g\u00f6re bize yakla\u015f\u0131rd\u0131. Bazen sar\u0131, bazen beyaz, bazen ye\u015file boyan\u0131r, her renginde ayr\u0131 bir sevin\u00e7, ayr\u0131 bir a\u011f\u0131rl\u0131k olurdu. Sonbaharda kuru yapraklar\u0131n \u00fcst\u00fcne<span class=\"excerpt-hellip\"> [\u2026]<\/span><\/p>\n","protected":false},"featured_media":0,"template":"","meta":{"_monsterinsights_skip_tracking":false,"_monsterinsights_sitenote_active":false,"_monsterinsights_sitenote_note":"","_monsterinsights_sitenote_category":0},"product_brand":[],"product_cat":[14009,12291],"product_tag":[],"class_list":{"0":"post-764537","1":"product","2":"type-product","3":"status-publish","5":"product_cat-biyografi-otobiyografi-edebiyat","6":"product_cat-edebiyat","7":"pa_cilt-ciltsiz","8":"pa_tur-kitap","9":"pa_yayinevi-vova-yayinlari","10":"pa_yazar-yakup-yazici","12":"first","13":"instock","14":"sale","15":"shipping-taxable","16":"purchasable","17":"product-type-simple"},"_links":{"self":[{"href":"https:\/\/roveyayinevi.com.tr\/index.php\/wp-json\/wp\/v2\/product\/764537","targetHints":{"allow":["GET"]}}],"collection":[{"href":"https:\/\/roveyayinevi.com.tr\/index.php\/wp-json\/wp\/v2\/product"}],"about":[{"href":"https:\/\/roveyayinevi.com.tr\/index.php\/wp-json\/wp\/v2\/types\/product"}],"wp:attachment":[{"href":"https:\/\/roveyayinevi.com.tr\/index.php\/wp-json\/wp\/v2\/media?parent=764537"}],"wp:term":[{"taxonomy":"product_brand","embeddable":true,"href":"https:\/\/roveyayinevi.com.tr\/index.php\/wp-json\/wp\/v2\/product_brand?post=764537"},{"taxonomy":"product_cat","embeddable":true,"href":"https:\/\/roveyayinevi.com.tr\/index.php\/wp-json\/wp\/v2\/product_cat?post=764537"},{"taxonomy":"product_tag","embeddable":true,"href":"https:\/\/roveyayinevi.com.tr\/index.php\/wp-json\/wp\/v2\/product_tag?post=764537"}],"curies":[{"name":"wp","href":"https:\/\/api.w.org\/{rel}","templated":true}]}}