{"id":764536,"date":"2025-08-28T11:13:35","date_gmt":"2025-08-28T08:13:35","guid":{"rendered":"https:\/\/roveyayinevi.com.tr\/index.php\/urun\/dunya-eylem-yeridir\/"},"modified":"2026-01-30T03:58:46","modified_gmt":"2026-01-30T00:58:46","slug":"dunya-eylem-yeridir","status":"publish","type":"product","link":"https:\/\/roveyayinevi.com.tr\/index.php\/urun\/dunya-eylem-yeridir\/","title":{"rendered":"D\u00fcnya Eylem Yeridir"},"content":{"rendered":"<p>D\u00fcnya eylem yeridir. Fark\u0131nda olal\u0131m yada olmayal\u0131m eylem yapmaya geldik, yap\u0131yoruz da. Yapt\u0131\u011f\u0131m\u0131z eylemlerimizden sorumluyuz. Amac\u0131m\u0131z kendimizi geli\u015ftirmek ve b\u00fct\u00fcne hizmet olsun. Eylemlerimizden ald\u0131\u011f\u0131m\u0131z pozitif sonu\u00e7lar,ba\u015far\u0131lar\u0131m\u0131z\u0131n kan\u0131tlar\u0131d\u0131r,bence&#8230; Benim hikayelerim ya\u015fanm\u0131\u015f an\u0131lardan. Baz\u0131lar\u0131 benim, baz\u0131lar\u0131 ba\u015fkalar\u0131n\u0131n an\u0131lar\u0131ndan. Herkesin ba\u015f\u0131na gelebilen,benzerlerinin ya\u015fanabileceklerinden fikirlerim hayat tecr\u00fcbelerimden ve \u00f6\u011frendiklerimden olan birikimlerim. Belki de sizlerin de yazmaya \u00fc\u015fendi\u011finiz fikirlerleri ve hissettikleri. Sizin yerinize de akl\u0131ma d\u00fc\u015fenleri,kalbimin s\u00f6ylediklerini ben kaleme ald\u0131m. Kayg\u0131m; duygular\u0131m\u0131, d\u00fc\u015f\u00fcncelerimi sizlere iyi aktarabilmek amac\u0131m; sizlerle payla\u015fmak,okurken keyif ald\u0131rmak,sizlere yarenlik yapmakt\u0131r. Yazmas\u0131 benden,okumas\u0131 sizden. <\/p>\n","protected":false},"excerpt":{"rendered":"<p>D\u00fcnya eylem yeridir. Fark\u0131nda olal\u0131m yada olmayal\u0131m eylem yapmaya geldik, yap\u0131yoruz da. Yapt\u0131\u011f\u0131m\u0131z eylemlerimizden sorumluyuz. Amac\u0131m\u0131z kendimizi geli\u015ftirmek ve b\u00fct\u00fcne hizmet olsun. Eylemlerimizden ald\u0131\u011f\u0131m\u0131z pozitif sonu\u00e7lar,ba\u015far\u0131lar\u0131m\u0131z\u0131n<span class=\"excerpt-hellip\"> [\u2026]<\/span><\/p>\n","protected":false},"featured_media":0,"template":"","meta":{"_monsterinsights_skip_tracking":false,"_monsterinsights_sitenote_active":false,"_monsterinsights_sitenote_note":"","_monsterinsights_sitenote_category":0},"product_brand":[],"product_cat":[12777,12291],"product_tag":[],"class_list":{"0":"post-764536","1":"product","2":"type-product","3":"status-publish","5":"product_cat-deneme","6":"product_cat-edebiyat","7":"pa_cilt-ciltsiz","8":"pa_tur-kitap","9":"pa_yayinevi-vova-yayinlari","10":"pa_yazar-bilgi-ozkay","12":"first","13":"instock","14":"sale","15":"shipping-taxable","16":"purchasable","17":"product-type-simple"},"_links":{"self":[{"href":"https:\/\/roveyayinevi.com.tr\/index.php\/wp-json\/wp\/v2\/product\/764536","targetHints":{"allow":["GET"]}}],"collection":[{"href":"https:\/\/roveyayinevi.com.tr\/index.php\/wp-json\/wp\/v2\/product"}],"about":[{"href":"https:\/\/roveyayinevi.com.tr\/index.php\/wp-json\/wp\/v2\/types\/product"}],"wp:attachment":[{"href":"https:\/\/roveyayinevi.com.tr\/index.php\/wp-json\/wp\/v2\/media?parent=764536"}],"wp:term":[{"taxonomy":"product_brand","embeddable":true,"href":"https:\/\/roveyayinevi.com.tr\/index.php\/wp-json\/wp\/v2\/product_brand?post=764536"},{"taxonomy":"product_cat","embeddable":true,"href":"https:\/\/roveyayinevi.com.tr\/index.php\/wp-json\/wp\/v2\/product_cat?post=764536"},{"taxonomy":"product_tag","embeddable":true,"href":"https:\/\/roveyayinevi.com.tr\/index.php\/wp-json\/wp\/v2\/product_tag?post=764536"}],"curies":[{"name":"wp","href":"https:\/\/api.w.org\/{rel}","templated":true}]}}