{"id":764534,"date":"2025-08-28T11:13:31","date_gmt":"2025-08-28T08:13:31","guid":{"rendered":"https:\/\/roveyayinevi.com.tr\/index.php\/urun\/kiz-kralice-tanrica\/"},"modified":"2026-04-15T03:30:21","modified_gmt":"2026-04-15T00:30:21","slug":"kiz-kralice-tanrica","status":"publish","type":"product","link":"https:\/\/roveyayinevi.com.tr\/index.php\/urun\/kiz-kralice-tanrica\/","title":{"rendered":"K\u0131z, Krali\u00e7e, Tanr\u0131\u00e7a"},"content":{"rendered":"<p>A\u015fk\u0131n can\u0131 cehenneme, bu tanr\u0131\u00e7an\u0131n ba\u015fka planlar\u0131 var&#8230; Binlerce y\u0131l \u00f6nce tanr\u0131lar bir yalan s\u00f6yledi: Persephone\u2019nin di\u011fer tanr\u0131lar\u0131n politikalar\u0131nda nas\u0131l bir piyon oldu\u011fu. Hades\u2019in Persephone\u2019yi gelini olmas\u0131 i\u00e7in nas\u0131l ka\u00e7\u0131rd\u0131\u011f\u0131. Annesi Demeter\u2019in nas\u0131l \u00e7\u0131lg\u0131na d\u00f6nd\u00fc\u011f\u00fc ve D\u00fcnya\u2019n\u0131n \u00f6lmeye ba\u015flamas\u0131na neden oldu\u011fu. Ger\u00e7ek hik\u00e2ye ise \u00e7ok daha ilgin\u00e7. Persephone cehenneme g\u00f6t\u00fcr\u00fclmedi, atlad\u0131. Kendine ondan daha \u00e2\u015f\u0131k olan kendini be\u011fenmi\u015f bir tanr\u0131yla evlenmesi olanaks\u0131zd\u0131. \u015eimdi tek yapmas\u0131 gereken Yeralt\u0131 D\u00fcnyas\u0131\u2019n\u0131n sinir bozucu derecede \u00e7ekici, kibirli ve kaba h\u00fck\u00fcmdar\u0131 Hades\u2019i plan\u0131na uymaya ikna etmek. Olimpos Da\u011f\u0131\u2019n\u0131 temelinden sarsacak bir plan. Ancak sonu\u00e7lar \u00f6l\u00fcmc\u00fcl olabilir, \u00f6zellikle de zaten cehennemdeyseniz&#8230; *** \u201cZamans\u0131z tanr\u0131lara, aile ba\u011flar\u0131n\u0131n karma\u015f\u0131k samimiyetine, sert bir kahramana ve tutkulu, yava\u015f ilerleyen bir romantizme hayat veriyor.\u201d Sue Lynn Tan \u201cHades ve Persephone efsanesinin zengin bir \u015fekilde \u00f6r\u00fclm\u00fc\u015f, muhte\u015fem derecede komik ve son derece b\u00fcy\u00fcleyici bir ke\u015ffi.\u201d Lizzie Huxley-Jones <\/p>\n","protected":false},"excerpt":{"rendered":"<p>A\u015fk\u0131n can\u0131 cehenneme, bu tanr\u0131\u00e7an\u0131n ba\u015fka planlar\u0131 var&#8230; Binlerce y\u0131l \u00f6nce tanr\u0131lar bir yalan s\u00f6yledi: Persephone\u2019nin di\u011fer tanr\u0131lar\u0131n politikalar\u0131nda nas\u0131l bir piyon oldu\u011fu. Hades\u2019in Persephone\u2019yi gelini<span class=\"excerpt-hellip\"> [\u2026]<\/span><\/p>\n","protected":false},"featured_media":0,"template":"","meta":{"_monsterinsights_skip_tracking":false,"_monsterinsights_sitenote_active":false,"_monsterinsights_sitenote_note":"","_monsterinsights_sitenote_category":0},"product_brand":[],"product_cat":[12291,14777],"product_tag":[],"class_list":{"0":"post-764534","1":"product","2":"type-product","3":"status-publish","5":"product_cat-edebiyat","6":"product_cat-fantastik","7":"pa_cilt-ciltsiz","8":"pa_tur-kitap","9":"pa_yayinevi-eksik-parca-yayinlari","10":"pa_yazar-bea-fitzgerald","12":"first","13":"instock","14":"sale","15":"shipping-taxable","16":"purchasable","17":"product-type-simple"},"_links":{"self":[{"href":"https:\/\/roveyayinevi.com.tr\/index.php\/wp-json\/wp\/v2\/product\/764534","targetHints":{"allow":["GET"]}}],"collection":[{"href":"https:\/\/roveyayinevi.com.tr\/index.php\/wp-json\/wp\/v2\/product"}],"about":[{"href":"https:\/\/roveyayinevi.com.tr\/index.php\/wp-json\/wp\/v2\/types\/product"}],"wp:attachment":[{"href":"https:\/\/roveyayinevi.com.tr\/index.php\/wp-json\/wp\/v2\/media?parent=764534"}],"wp:term":[{"taxonomy":"product_brand","embeddable":true,"href":"https:\/\/roveyayinevi.com.tr\/index.php\/wp-json\/wp\/v2\/product_brand?post=764534"},{"taxonomy":"product_cat","embeddable":true,"href":"https:\/\/roveyayinevi.com.tr\/index.php\/wp-json\/wp\/v2\/product_cat?post=764534"},{"taxonomy":"product_tag","embeddable":true,"href":"https:\/\/roveyayinevi.com.tr\/index.php\/wp-json\/wp\/v2\/product_tag?post=764534"}],"curies":[{"name":"wp","href":"https:\/\/api.w.org\/{rel}","templated":true}]}}