{"id":764533,"date":"2025-08-28T11:13:29","date_gmt":"2025-08-28T08:13:29","guid":{"rendered":"https:\/\/roveyayinevi.com.tr\/index.php\/urun\/devler\/"},"modified":"2026-04-15T03:30:21","modified_gmt":"2026-04-15T00:30:21","slug":"devler","status":"publish","type":"product","link":"https:\/\/roveyayinevi.com.tr\/index.php\/urun\/devler\/","title":{"rendered":"Devler"},"content":{"rendered":"<p>Arthur C. Clarke \u00d6d\u00fcll\u00fc Zaman\u0131n \u00c7ocuklar\u0131\u2019n\u0131n yazar\u0131 Adrian Tchaikovsky\u2019den ac\u0131mas\u0131z tiranlar\u0131n d\u00fcnyas\u0131na kasvetli bir bak\u0131\u015f.    Devler sizden \u00e7ok daha b\u00fcy\u00fck.  Devler sizden \u00e7ok daha g\u00fc\u00e7l\u00fc.  D\u00fcnyay\u0131 devler y\u00f6netir.  Toprak A\u011fas\u0131 gelene dek k\u00f6yde hayat \u00e7ok g\u00fczeldir. \u00c7\u00fcnk\u00fc Toprak A\u011fas\u0131 Devdir. Devler g\u00fc\u00e7leri ve devasa c\u00fcsseleriyle d\u00fcnyaya h\u0131rsla h\u00fckmederler. Bu hep b\u00f6yledir. D\u00fcnyan\u0131n d\u00fczenidir bu. Devlerin bazen insanlar\u0131 yedikleri de olur. Ne var ki k\u00f6y muhtar\u0131n\u0131n o\u011flu Torquell, Toprak A\u011fas\u0131n\u0131n o\u011fluna el kald\u0131r\u0131nca, Devler ve otoritelerini g\u00fcvence alt\u0131na alan gizemli g\u00fc\u00e7lerle ilgili korkun\u00e7 ger\u00e7e\u011fi ke\u015ffeder ve t\u00fcm ezberler bozulur. <\/p>\n","protected":false},"excerpt":{"rendered":"<p>Arthur C. Clarke \u00d6d\u00fcll\u00fc Zaman\u0131n \u00c7ocuklar\u0131\u2019n\u0131n yazar\u0131 Adrian Tchaikovsky\u2019den ac\u0131mas\u0131z tiranlar\u0131n d\u00fcnyas\u0131na kasvetli bir bak\u0131\u015f. Devler sizden \u00e7ok daha b\u00fcy\u00fck. Devler sizden \u00e7ok daha g\u00fc\u00e7l\u00fc. D\u00fcnyay\u0131<span class=\"excerpt-hellip\"> [\u2026]<\/span><\/p>\n","protected":false},"featured_media":0,"template":"","meta":{"_monsterinsights_skip_tracking":false,"_monsterinsights_sitenote_active":false,"_monsterinsights_sitenote_note":"","_monsterinsights_sitenote_category":0},"product_brand":[],"product_cat":[12540,12291],"product_tag":[],"class_list":{"0":"post-764533","1":"product","2":"type-product","3":"status-publish","5":"product_cat-bilim-kurgu","6":"product_cat-edebiyat","7":"pa_cilt-ciltsiz","8":"pa_tur-kitap","9":"pa_yayinevi-eksik-parca-yayinlari","10":"pa_yazar-adrian-tchaikovsky","12":"first","13":"instock","14":"sale","15":"shipping-taxable","16":"purchasable","17":"product-type-simple"},"_links":{"self":[{"href":"https:\/\/roveyayinevi.com.tr\/index.php\/wp-json\/wp\/v2\/product\/764533","targetHints":{"allow":["GET"]}}],"collection":[{"href":"https:\/\/roveyayinevi.com.tr\/index.php\/wp-json\/wp\/v2\/product"}],"about":[{"href":"https:\/\/roveyayinevi.com.tr\/index.php\/wp-json\/wp\/v2\/types\/product"}],"wp:attachment":[{"href":"https:\/\/roveyayinevi.com.tr\/index.php\/wp-json\/wp\/v2\/media?parent=764533"}],"wp:term":[{"taxonomy":"product_brand","embeddable":true,"href":"https:\/\/roveyayinevi.com.tr\/index.php\/wp-json\/wp\/v2\/product_brand?post=764533"},{"taxonomy":"product_cat","embeddable":true,"href":"https:\/\/roveyayinevi.com.tr\/index.php\/wp-json\/wp\/v2\/product_cat?post=764533"},{"taxonomy":"product_tag","embeddable":true,"href":"https:\/\/roveyayinevi.com.tr\/index.php\/wp-json\/wp\/v2\/product_tag?post=764533"}],"curies":[{"name":"wp","href":"https:\/\/api.w.org\/{rel}","templated":true}]}}