{"id":764531,"date":"2025-08-28T11:13:26","date_gmt":"2025-08-28T08:13:26","guid":{"rendered":"https:\/\/roveyayinevi.com.tr\/index.php\/urun\/fil-necati-3\/"},"modified":"2026-04-15T03:30:21","modified_gmt":"2026-04-15T00:30:21","slug":"fil-necati-3","status":"publish","type":"product","link":"https:\/\/roveyayinevi.com.tr\/index.php\/urun\/fil-necati-3\/","title":{"rendered":"Fil Necati 3"},"content":{"rendered":"<p>\u201cMerhaba arkada\u015flar, ben Fil Necati! E\u011flence ve maceran\u0131n kalbi burada at\u0131yor. Benimle maceraya at\u0131lmaya haz\u0131r m\u0131s\u0131n\u0131z?\u201d Gizli Orman Krall\u0131\u011f\u0131, muazzam g\u00fczellikleri ve b\u00fcy\u00fcl\u00fc atmosferiyle \u00fcnl\u00fc bir yer. Ama bu krall\u0131\u011f\u0131n en b\u00fcy\u00fck s\u0131rr\u0131 ne? Ger\u00e7ekten gizli kalmay\u0131 m\u0131 tercih ediyor, yoksa d\u0131\u015f d\u00fcnyaya m\u0131 a\u00e7\u0131lmak istiyor? \u201cGizli Orman Krall\u0131\u011f\u0131\u201d &#8211; B\u00fcy\u00fcn\u00fcn ve s\u0131rlar\u0131n bulu\u015ftu\u011fu yerde, kararlar\u0131n\u0131z t\u00fcm d\u00fcnyay\u0131 de\u011fi\u015ftirebilir. <\/p>\n","protected":false},"excerpt":{"rendered":"<p>\u201cMerhaba arkada\u015flar, ben Fil Necati! E\u011flence ve maceran\u0131n kalbi burada at\u0131yor. Benimle maceraya at\u0131lmaya haz\u0131r m\u0131s\u0131n\u0131z?\u201d Gizli Orman Krall\u0131\u011f\u0131, muazzam g\u00fczellikleri ve b\u00fcy\u00fcl\u00fc atmosferiyle \u00fcnl\u00fc bir<span class=\"excerpt-hellip\"> [\u2026]<\/span><\/p>\n","protected":false},"featured_media":0,"template":"","meta":{"_monsterinsights_skip_tracking":false,"_monsterinsights_sitenote_active":false,"_monsterinsights_sitenote_note":"","_monsterinsights_sitenote_category":0},"product_brand":[],"product_cat":[12274,12284],"product_tag":[],"class_list":{"0":"post-764531","1":"product","2":"type-product","3":"status-publish","5":"product_cat-cocuk-ve-genclik-kitaplari","6":"product_cat-hikayeler","7":"pa_cilt-ciltsiz","8":"pa_tur-kitap","9":"pa_yayinevi-eksik-parca-yayinlari","10":"pa_yazar-varol-yasaroglu","12":"first","13":"instock","14":"sale","15":"shipping-taxable","16":"purchasable","17":"product-type-simple"},"_links":{"self":[{"href":"https:\/\/roveyayinevi.com.tr\/index.php\/wp-json\/wp\/v2\/product\/764531","targetHints":{"allow":["GET"]}}],"collection":[{"href":"https:\/\/roveyayinevi.com.tr\/index.php\/wp-json\/wp\/v2\/product"}],"about":[{"href":"https:\/\/roveyayinevi.com.tr\/index.php\/wp-json\/wp\/v2\/types\/product"}],"wp:attachment":[{"href":"https:\/\/roveyayinevi.com.tr\/index.php\/wp-json\/wp\/v2\/media?parent=764531"}],"wp:term":[{"taxonomy":"product_brand","embeddable":true,"href":"https:\/\/roveyayinevi.com.tr\/index.php\/wp-json\/wp\/v2\/product_brand?post=764531"},{"taxonomy":"product_cat","embeddable":true,"href":"https:\/\/roveyayinevi.com.tr\/index.php\/wp-json\/wp\/v2\/product_cat?post=764531"},{"taxonomy":"product_tag","embeddable":true,"href":"https:\/\/roveyayinevi.com.tr\/index.php\/wp-json\/wp\/v2\/product_tag?post=764531"}],"curies":[{"name":"wp","href":"https:\/\/api.w.org\/{rel}","templated":true}]}}