{"id":764530,"date":"2025-08-28T11:13:24","date_gmt":"2025-08-28T08:13:24","guid":{"rendered":"https:\/\/roveyayinevi.com.tr\/index.php\/urun\/sana-dun-bir-tepeden-baktim-aziz-turkiye\/"},"modified":"2026-04-15T03:30:21","modified_gmt":"2026-04-15T00:30:21","slug":"sana-dun-bir-tepeden-baktim-aziz-turkiye","status":"publish","type":"product","link":"https:\/\/roveyayinevi.com.tr\/index.php\/urun\/sana-dun-bir-tepeden-baktim-aziz-turkiye\/","title":{"rendered":"Sana D\u00fcn Bir Tepeden Bakt\u0131m Aziz T\u00fcrkiye"},"content":{"rendered":"<p>Timur Sel\u00e7uk, bir m\u00fczik insan\u0131. Besteleri, \u015fark\u0131lar\u0131, yeti\u015ftirdi\u011fi m\u00fczik insanlar\u0131yla iz b\u0131rakm\u0131\u015f bir k\u00fclt\u00fcr adas\u0131d\u0131r. Onun bir d\u00f6nem yazd\u0131\u011f\u0131 m\u00fczik yaz\u0131lar\u0131na yans\u0131yan bak\u0131\u015f\u0131\/duyarl\u0131\u011f\u0131 T\u00fcrkiye\u2019yi okuma bi\u00e7iminin yans\u0131mas\u0131d\u0131r ayn\u0131 zamanda. Ahlaki duru\u015fu, vicdani bak\u0131\u015f\u0131yla \u00e7a\u011f\u0131n\u0131n \u00e7a\u011fda\u015f\u0131 bir ayd\u0131nlanma insan\u0131n\u0131n m\u00fczik yolculu\u011funun felsefesini de i\u00e7eriyor onun m\u00fczik yaz\u0131lar\u0131. \u00c7a\u011f\u0131m\u0131za ayna tutuyor Timur Sel\u00e7uk.   \u201cAdam Sanat\u2019taki yaz\u0131lar\u0131 Timur Sel\u00e7uk\u2019tan kalan tek edebiyat \u00fcr\u00fcn\u00fc. Bu yaz\u0131larda onun hem geni\u015f d\u00fcnya k\u00fclt\u00fcr\u00fcn\u00fc hem de m\u00fczikle toplumsal ili\u015fkiler aras\u0131nda kurdu\u011fu ba\u011flar\u0131 kolayca g\u00f6rebiliriz. Yaz\u0131lar\u0131na sinen mizah unsuru da onun ki\u015fili\u011finin bir yans\u0131mas\u0131.\u201d Turgay Fi\u015fek\u00e7i   \u201cOnunla a\u015fklar\u0131m\u0131z\u0131 ya\u015fad\u0131k, kaybettiklerimizi bulduk, umutlar\u0131m\u0131z\u0131 soluduk. Bizi ku\u015fatan \u015fark\u0131lar\u0131yla \u0131\u015f\u0131\u011f\u0131n kayna\u011f\u0131na y\u00f6neldik ad\u0131m ad\u0131m. Ya\u015fad\u0131klar\u0131m\u0131z\u0131n anlam\u0131n\u0131 kavramaya, ya\u015fayamad\u0131klar\u0131m\u0131z\u0131n \u00f6zlemini duyumsamaya y\u00f6neldik onunla&#8230;\u201d Feridun Anda\u00e7 <\/p>\n","protected":false},"excerpt":{"rendered":"<p>Timur Sel\u00e7uk, bir m\u00fczik insan\u0131. Besteleri, \u015fark\u0131lar\u0131, yeti\u015ftirdi\u011fi m\u00fczik insanlar\u0131yla iz b\u0131rakm\u0131\u015f bir k\u00fclt\u00fcr adas\u0131d\u0131r. Onun bir d\u00f6nem yazd\u0131\u011f\u0131 m\u00fczik yaz\u0131lar\u0131na yans\u0131yan bak\u0131\u015f\u0131\/duyarl\u0131\u011f\u0131 T\u00fcrkiye\u2019yi okuma bi\u00e7iminin<span class=\"excerpt-hellip\"> [\u2026]<\/span><\/p>\n","protected":false},"featured_media":0,"template":"","meta":{"_monsterinsights_skip_tracking":false,"_monsterinsights_sitenote_active":false,"_monsterinsights_sitenote_note":"","_monsterinsights_sitenote_category":0},"product_brand":[],"product_cat":[12777,12291],"product_tag":[],"class_list":{"0":"post-764530","1":"product","2":"type-product","3":"status-publish","5":"product_cat-deneme","6":"product_cat-edebiyat","7":"pa_cilt-ciltsiz","8":"pa_tur-kitap","9":"pa_yayinevi-eksik-parca-yayinlari","10":"pa_yazar-timur-selcuk","12":"first","13":"instock","14":"sale","15":"shipping-taxable","16":"purchasable","17":"product-type-simple"},"_links":{"self":[{"href":"https:\/\/roveyayinevi.com.tr\/index.php\/wp-json\/wp\/v2\/product\/764530","targetHints":{"allow":["GET"]}}],"collection":[{"href":"https:\/\/roveyayinevi.com.tr\/index.php\/wp-json\/wp\/v2\/product"}],"about":[{"href":"https:\/\/roveyayinevi.com.tr\/index.php\/wp-json\/wp\/v2\/types\/product"}],"wp:attachment":[{"href":"https:\/\/roveyayinevi.com.tr\/index.php\/wp-json\/wp\/v2\/media?parent=764530"}],"wp:term":[{"taxonomy":"product_brand","embeddable":true,"href":"https:\/\/roveyayinevi.com.tr\/index.php\/wp-json\/wp\/v2\/product_brand?post=764530"},{"taxonomy":"product_cat","embeddable":true,"href":"https:\/\/roveyayinevi.com.tr\/index.php\/wp-json\/wp\/v2\/product_cat?post=764530"},{"taxonomy":"product_tag","embeddable":true,"href":"https:\/\/roveyayinevi.com.tr\/index.php\/wp-json\/wp\/v2\/product_tag?post=764530"}],"curies":[{"name":"wp","href":"https:\/\/api.w.org\/{rel}","templated":true}]}}