{"id":764526,"date":"2025-08-28T11:13:17","date_gmt":"2025-08-28T08:13:17","guid":{"rendered":"https:\/\/roveyayinevi.com.tr\/index.php\/urun\/silivri-postasi\/"},"modified":"2026-04-15T03:30:21","modified_gmt":"2026-04-15T00:30:21","slug":"silivri-postasi","status":"publish","type":"product","link":"https:\/\/roveyayinevi.com.tr\/index.php\/urun\/silivri-postasi\/","title":{"rendered":"Silivri Postas\u0131"},"content":{"rendered":"<p>Prof. Dr. M\u00fcmtaz\u2019er T\u00fcrk\u00f6ne bu \u00fclkenin yeti\u015ftirdi\u011fi \u00f6nemli ayd\u0131nlardan biri. G\u0131pta edilen cins bir kafa, \u00fcretken bir dima\u011f, velud bir zihin, s\u00f6z\u00fcn\u00fc sak\u0131nmayan ve bask\u0131 kar\u015f\u0131s\u0131nda ezilip b\u00fcz\u00fclen di\u011fer pek \u00e7ok muadilinin aksine, bunun bedelini \u00f6demekten de imtina etmeyen bir m\u00fcnevver. Elinizdeki kitap, sevdiklerinden ve \u00f6zg\u00fcrl\u00fc\u011f\u00fcnden mahrumiyeti de i\u00e7erecek \u015fekilde bu \u00f6denen bedelin sad\u0131rdan sat\u0131ra d\u00fc\u015fen kelimelerinden olu\u015fuyor. \u0130\u00e7inde dakik bir siyaset bilimi hocas\u0131n\u0131n T\u00fcrkiye\u2019nin ya\u015fad\u0131\u011f\u0131 netameli s\u00fcre\u00e7lere dair teorik tespitleri de var, \u00e7ocuklar\u0131n\u0131n \u00fcz\u00fcnt\u00fcs\u00fc kar\u015f\u0131s\u0131nda na\u00e7ar kalan bir baban\u0131n \u00e7aresizli\u011fi de, annesinin vefat\u0131yla hayat enerjisini kaybeden bir evlad\u0131n elemi de, \u00fclkesinin gitti\u011fi istikametten endi\u015fe duyan bir m\u00fcnevverin tarihe d\u00fc\u015ft\u00fc\u011f\u00fc notlar\u0131 da\u2026 \u00fcz\u00fcnt\u00fcleri de, sevin\u00e7leri de, pi\u015fmanl\u0131klar\u0131 da, umutlar\u0131 da, umutsuzluklar\u0131 da, beklentileri de, hayal k\u0131r\u0131kl\u0131klar\u0131 da\u2026 * \u201cBen pi\u015fman de\u011filim. Hi\u00e7bir zaman da olmayaca\u011f\u0131m. \u00d6mr\u00fcm yeterse kalemimle, benden pi\u015fmanl\u0131k bekleyenleri yap\u0131p ettikleri fenal\u0131klara pi\u015fman edece\u011fim.   D\u00fc\u015f\u00fcnd\u00fcklerimden ve yazd\u0131klar\u0131mdan ve ya\u015fad\u0131klar\u0131mdan dolay\u0131 kimseye verilecek hesab\u0131m yok. Vicdan\u0131m rahat. Siyaseten katle maruz kald\u0131m. Kendi halinde, tek ba\u015f\u0131na bir adam, elinde kalem olan bir adam olarak tarihin h\u00fckm\u00fcn\u00fc vereceklerle ayn\u0131 k\u00fcrs\u00fcde oturuyorum. Veremesem de bir dipnot, bir \u015ferh olarak kalmaya raz\u0131y\u0131m.\u201d                                                                          M\u00fcmtaz\u2019er T\u00fcrk\u00f6ne                                                                        20 A\u011fustos 2024<\/p>\n","protected":false},"excerpt":{"rendered":"<p>Prof. Dr. M\u00fcmtaz\u2019er T\u00fcrk\u00f6ne bu \u00fclkenin yeti\u015ftirdi\u011fi \u00f6nemli ayd\u0131nlardan biri. G\u0131pta edilen cins bir kafa, \u00fcretken bir dima\u011f, velud bir zihin, s\u00f6z\u00fcn\u00fc sak\u0131nmayan ve bask\u0131 kar\u015f\u0131s\u0131nda<span class=\"excerpt-hellip\"> [\u2026]<\/span><\/p>\n","protected":false},"featured_media":0,"template":"","meta":{"_monsterinsights_skip_tracking":false,"_monsterinsights_sitenote_active":false,"_monsterinsights_sitenote_note":"","_monsterinsights_sitenote_category":0},"product_brand":[],"product_cat":[12337],"product_tag":[],"class_list":{"0":"post-764526","1":"product","2":"type-product","3":"status-publish","5":"product_cat-politika-siyaset","6":"pa_cilt-ciltsiz","7":"pa_tur-kitap","8":"pa_yayinevi-matbuat-yayinlari","9":"pa_yazar-mumtazer-turkone","11":"first","12":"instock","13":"sale","14":"shipping-taxable","15":"purchasable","16":"product-type-simple"},"_links":{"self":[{"href":"https:\/\/roveyayinevi.com.tr\/index.php\/wp-json\/wp\/v2\/product\/764526","targetHints":{"allow":["GET"]}}],"collection":[{"href":"https:\/\/roveyayinevi.com.tr\/index.php\/wp-json\/wp\/v2\/product"}],"about":[{"href":"https:\/\/roveyayinevi.com.tr\/index.php\/wp-json\/wp\/v2\/types\/product"}],"wp:attachment":[{"href":"https:\/\/roveyayinevi.com.tr\/index.php\/wp-json\/wp\/v2\/media?parent=764526"}],"wp:term":[{"taxonomy":"product_brand","embeddable":true,"href":"https:\/\/roveyayinevi.com.tr\/index.php\/wp-json\/wp\/v2\/product_brand?post=764526"},{"taxonomy":"product_cat","embeddable":true,"href":"https:\/\/roveyayinevi.com.tr\/index.php\/wp-json\/wp\/v2\/product_cat?post=764526"},{"taxonomy":"product_tag","embeddable":true,"href":"https:\/\/roveyayinevi.com.tr\/index.php\/wp-json\/wp\/v2\/product_tag?post=764526"}],"curies":[{"name":"wp","href":"https:\/\/api.w.org\/{rel}","templated":true}]}}