{"id":764525,"date":"2025-08-28T11:13:16","date_gmt":"2025-08-28T08:13:16","guid":{"rendered":"https:\/\/roveyayinevi.com.tr\/index.php\/urun\/ocak-yazilari\/"},"modified":"2026-04-15T03:30:21","modified_gmt":"2026-04-15T00:30:21","slug":"ocak-yazilari","status":"publish","type":"product","link":"https:\/\/roveyayinevi.com.tr\/index.php\/urun\/ocak-yazilari\/","title":{"rendered":"Ocak Yaz\u0131lar\u0131"},"content":{"rendered":"<p>\u00dclk\u00fcc\u00fc hareketin en b\u00fcy\u00fck kahramanlar\u0131ndan M. Metin Kaplan\u2019\u0131n yaz\u0131lar\u0131n\u0131 i\u00e7eren bu kitap, \u00fczerimizdeki sonsuz a\u011fabeylik hakk\u0131n\u0131n y\u00fckledi\u011fi vazifeyle birlikte, alicenapl\u0131\u011f\u0131 sayesinde uzun y\u0131llara ta\u015fan paha bi\u00e7ilmez dostlu\u011fa \u015f\u00fckran mahiyetindedir. Ayn\u0131 zamanda aziz hat\u0131ras\u0131na bir sayg\u0131 duru\u015ftur. T\u00fcrk milleti i\u00e7in \u00e7ekti\u011fi cefan\u0131n borcu ise eserleri okunduk\u00e7a, ad\u0131 ya\u015fat\u0131ld\u0131k\u00e7a \u00f6denmi\u015f olacakt\u0131r. T\u00fcrkl\u00fc\u011f\u00fcn varolu\u015f m\u00fccadelesini veren y\u00fcz binlerce \u00fclk\u00fcc\u00fcden biri olarak; b\u00fck\u00fclmez bile\u011fiyle, bozkurt y\u00fcre\u011fiyle, kavgas\u0131, \u00e7ilesi, fikirleri ve eserleriyle bir kutup y\u0131ld\u0131z\u0131 gibi parlayan M. Metin Kaplan, ideal \u00fclk\u00fcc\u00fc tipini hayat\u0131n\u0131n her an\u0131nda \u015ferefle temsil ederek kahramanl\u0131k tarihine ge\u00e7mi\u015ftir. Kahramanl\u0131k, at\u0131l\u0131p bir daha d\u00f6nmemekse e\u011fer, o kahramanca ya\u015fad\u0131. -Yusuf Y\u0131lmaz Ara\u00e7, Nurullah Kaplan- <\/p>\n","protected":false},"excerpt":{"rendered":"<p>\u00dclk\u00fcc\u00fc hareketin en b\u00fcy\u00fck kahramanlar\u0131ndan M. Metin Kaplan\u2019\u0131n yaz\u0131lar\u0131n\u0131 i\u00e7eren bu kitap, \u00fczerimizdeki sonsuz a\u011fabeylik hakk\u0131n\u0131n y\u00fckledi\u011fi vazifeyle birlikte, alicenapl\u0131\u011f\u0131 sayesinde uzun y\u0131llara ta\u015fan paha bi\u00e7ilmez<span class=\"excerpt-hellip\"> [\u2026]<\/span><\/p>\n","protected":false},"featured_media":0,"template":"","meta":{"_monsterinsights_skip_tracking":false,"_monsterinsights_sitenote_active":false,"_monsterinsights_sitenote_note":"","_monsterinsights_sitenote_category":0},"product_brand":[],"product_cat":[12337],"product_tag":[],"class_list":{"0":"post-764525","1":"product","2":"type-product","3":"status-publish","5":"product_cat-politika-siyaset","6":"pa_cilt-ciltsiz","7":"pa_tur-kitap","8":"pa_yayinevi-matbuat-yayinlari","9":"pa_yazar-m-metin-kaplan","11":"first","12":"instock","13":"sale","14":"shipping-taxable","15":"purchasable","16":"product-type-simple"},"_links":{"self":[{"href":"https:\/\/roveyayinevi.com.tr\/index.php\/wp-json\/wp\/v2\/product\/764525","targetHints":{"allow":["GET"]}}],"collection":[{"href":"https:\/\/roveyayinevi.com.tr\/index.php\/wp-json\/wp\/v2\/product"}],"about":[{"href":"https:\/\/roveyayinevi.com.tr\/index.php\/wp-json\/wp\/v2\/types\/product"}],"wp:attachment":[{"href":"https:\/\/roveyayinevi.com.tr\/index.php\/wp-json\/wp\/v2\/media?parent=764525"}],"wp:term":[{"taxonomy":"product_brand","embeddable":true,"href":"https:\/\/roveyayinevi.com.tr\/index.php\/wp-json\/wp\/v2\/product_brand?post=764525"},{"taxonomy":"product_cat","embeddable":true,"href":"https:\/\/roveyayinevi.com.tr\/index.php\/wp-json\/wp\/v2\/product_cat?post=764525"},{"taxonomy":"product_tag","embeddable":true,"href":"https:\/\/roveyayinevi.com.tr\/index.php\/wp-json\/wp\/v2\/product_tag?post=764525"}],"curies":[{"name":"wp","href":"https:\/\/api.w.org\/{rel}","templated":true}]}}