{"id":764524,"date":"2025-08-28T11:13:14","date_gmt":"2025-08-28T08:13:14","guid":{"rendered":"https:\/\/roveyayinevi.com.tr\/index.php\/urun\/elma-bahcesi\/"},"modified":"2026-04-15T03:30:21","modified_gmt":"2026-04-15T00:30:21","slug":"elma-bahcesi","status":"publish","type":"product","link":"https:\/\/roveyayinevi.com.tr\/index.php\/urun\/elma-bahcesi\/","title":{"rendered":"Elma Bah\u00e7esi"},"content":{"rendered":"<p>Bu kitab\u0131n kapa\u011f\u0131ndaki siyah beyaz foto\u011frafta g\u00f6r\u00fclen g\u00fcle\u00e7 y\u00fczl\u00fc \u00e7ocuk, T\u00fcrkiye\u2019de son yirmi y\u0131lda T\u00fcrkoloji sahas\u0131nda yeni bir \u00e7\u0131\u011f\u0131r a\u00e7may\u0131 ba\u015farm\u0131\u015f bulunan Servet Somuncuo\u011flu\u2019dur.  1975 y\u0131l\u0131nda Arifiye \u00d6\u011fretmen Lisesi\u2019nde, orta k\u0131s\u0131m birinci s\u0131n\u0131f\u0131n\u0131n ilk g\u00fcnlerinde \u00e7ekilmi\u015ftir. \u00d6\u011fretmen okulundan mezun y\u00fczlerce \u00f6\u011frencinin her birinin ayn\u0131 yerde sabitlenmi\u015f on bir ya\u015f\u0131ndaki sureti, alb\u00fcmlerinin mutena bir k\u00f6\u015fesini i\u015fgal eder. Servet Somuncuo\u011flu\u2019nun resmidir; ona bir vefa borcudur. \u00c7\u00fcnk\u00fc, milli k\u00fclt\u00fcre yapt\u0131\u011f\u0131 emsalsiz katk\u0131lar\u0131n yan\u0131 s\u0131ra, bu kitap da onun y\u00fcrekten te\u015fvikleri ve \u0131srarl\u0131 telkinleriyle ortaya \u00e7\u0131km\u0131\u015ft\u0131r. Siyah beyaz foto\u011fraf g\u00fcnlerinden, \u201cmilenyum\u201d zamanlar\u0131na uzanan yar\u0131m y\u00fczy\u0131ldan, bir k\u0131sm\u0131 m\u00fc\u015fterek tan\u0131kl\u0131kla ya\u015fanm\u0131\u015f ki\u015fisel kesitler sunmaktad\u0131r. Bu kitap Matbuat Yay\u0131n Grubu\u2019nun ve yazar\u0131n, Servet Somuncuo\u011flu\u2019na bir arma\u011fan\u0131d\u0131r. Yeni, parlak ve iddial\u0131 bir \u015feyler s\u00f6ylemekten \u00e7ok, okuyucuya, ya\u015fad\u0131\u011f\u0131 \u00e7a\u011fa tan\u0131kl\u0131\u011f\u0131n\u0131 kayda ge\u00e7irmesine ilham vermesi ve vesile te\u015fkil etmesine k\u00fc\u00e7\u00fck bir katk\u0131 sa\u011flayabilirse, kitap amac\u0131na ula\u015fm\u0131\u015f say\u0131lacakt\u0131r.<\/p>\n","protected":false},"excerpt":{"rendered":"<p>Bu kitab\u0131n kapa\u011f\u0131ndaki siyah beyaz foto\u011frafta g\u00f6r\u00fclen g\u00fcle\u00e7 y\u00fczl\u00fc \u00e7ocuk, T\u00fcrkiye\u2019de son yirmi y\u0131lda T\u00fcrkoloji sahas\u0131nda yeni bir \u00e7\u0131\u011f\u0131r a\u00e7may\u0131 ba\u015farm\u0131\u015f bulunan Servet Somuncuo\u011flu\u2019dur. 1975 y\u0131l\u0131nda<span class=\"excerpt-hellip\"> [\u2026]<\/span><\/p>\n","protected":false},"featured_media":0,"template":"","meta":{"_monsterinsights_skip_tracking":false,"_monsterinsights_sitenote_active":false,"_monsterinsights_sitenote_note":"","_monsterinsights_sitenote_category":0},"product_brand":[],"product_cat":[12291],"product_tag":[],"class_list":{"0":"post-764524","1":"product","2":"type-product","3":"status-publish","5":"product_cat-edebiyat","6":"pa_cilt-ciltsiz","7":"pa_tur-kitap","8":"pa_yayinevi-40-ikindi-yayinlari","9":"pa_yazar-yusuf-yilmaz-arac","11":"first","12":"instock","13":"sale","14":"shipping-taxable","15":"purchasable","16":"product-type-simple"},"_links":{"self":[{"href":"https:\/\/roveyayinevi.com.tr\/index.php\/wp-json\/wp\/v2\/product\/764524","targetHints":{"allow":["GET"]}}],"collection":[{"href":"https:\/\/roveyayinevi.com.tr\/index.php\/wp-json\/wp\/v2\/product"}],"about":[{"href":"https:\/\/roveyayinevi.com.tr\/index.php\/wp-json\/wp\/v2\/types\/product"}],"wp:attachment":[{"href":"https:\/\/roveyayinevi.com.tr\/index.php\/wp-json\/wp\/v2\/media?parent=764524"}],"wp:term":[{"taxonomy":"product_brand","embeddable":true,"href":"https:\/\/roveyayinevi.com.tr\/index.php\/wp-json\/wp\/v2\/product_brand?post=764524"},{"taxonomy":"product_cat","embeddable":true,"href":"https:\/\/roveyayinevi.com.tr\/index.php\/wp-json\/wp\/v2\/product_cat?post=764524"},{"taxonomy":"product_tag","embeddable":true,"href":"https:\/\/roveyayinevi.com.tr\/index.php\/wp-json\/wp\/v2\/product_tag?post=764524"}],"curies":[{"name":"wp","href":"https:\/\/api.w.org\/{rel}","templated":true}]}}