{"id":764523,"date":"2025-08-28T11:13:12","date_gmt":"2025-08-28T08:13:12","guid":{"rendered":"https:\/\/roveyayinevi.com.tr\/index.php\/urun\/kopek-buro-amirligi\/"},"modified":"2026-04-15T03:30:21","modified_gmt":"2026-04-15T00:30:21","slug":"kopek-buro-amirligi","status":"publish","type":"product","link":"https:\/\/roveyayinevi.com.tr\/index.php\/urun\/kopek-buro-amirligi\/","title":{"rendered":"K\u00f6pek B\u00fcro Amirli\u011fi"},"content":{"rendered":"<p>T\u00fcrkiye&#8217;nin ilk K9 polis k\u00f6pekli polisiyesi: K\u00f6pek B\u00fcro Amirli\u011fi Komiser Tayfun Tay, zorlu g\u00f6revler ve tehlikeli operasyonlarla ad\u0131n\u0131 duyurmu\u015f bir polistir. Her ba\u015far\u0131l\u0131 operasyon, onu polislik d\u00fcnyas\u0131nda daha da yukar\u0131lara ta\u015f\u0131rken, ge\u00e7mi\u015fin karanl\u0131k g\u00f6lgeleri onun pe\u015fini b\u0131rakmaz. Y\u0131llar \u00f6nce ya\u015fad\u0131\u011f\u0131 bir travma, bir operasyon s\u0131ras\u0131nda Tayfun&#8217;u yakalar. Kar\u015f\u0131s\u0131nda bir cani, elinde silah\u2026 O an Tayfun\u2019un bedeni donar, ge\u00e7mi\u015fin hayaletiyle y\u00fcz y\u00fcze gelir. Komiser Tayfun\u2019un hikayesi, yaln\u0131zca bir polisin ki\u015fisel m\u00fccadelesi de\u011fil, ayn\u0131 zamanda \u0130stanbul\u2019un derin su\u00e7 d\u00fcnyas\u0131nda s\u00fcr\u00fckleyici bir yolculuktur. Ter\u00f6r olaylar\u0131, narkotik operasyonlar\u0131, cinayetler, kay\u0131p vakalar\u0131, ka\u00e7\u0131r\u0131lmalar ve komplolarla dolu bir d\u00fcnyada, Tayfun her yeni vakada i\u00e7indeki travma ile de y\u00fczle\u015fmek zorunda kal\u0131r. Onun kar\u015f\u0131s\u0131na \u00e7\u0131kan her k\u00f6pek, sadece bir tehdit de\u011fil, \u00e7\u00f6z\u00fclmesi gereken bir bilmeceye d\u00f6n\u00fc\u015f\u00fcr. K\u00f6pek B\u00fcro Amirli\u011fi; polislik ve travman\u0131n kesi\u015fti\u011fi noktada dedekt\u00f6r polis k\u00f6peklerinin maceraya ortak oldu\u011fu yerdir. Komiser Tayfun Tay ve sad\u0131k K9 ekibi, su\u00e7 d\u00fcnyas\u0131n\u0131n karanl\u0131k y\u00fcz\u00fcn\u00fc birlikte ayd\u0131nlat\u0131yor, adaletin ince \u00e7izgisinde birlikte y\u00fcr\u00fcyorlar\u2026<\/p>\n","protected":false},"excerpt":{"rendered":"<p>T\u00fcrkiye&#8217;nin ilk K9 polis k\u00f6pekli polisiyesi: K\u00f6pek B\u00fcro Amirli\u011fi Komiser Tayfun Tay, zorlu g\u00f6revler ve tehlikeli operasyonlarla ad\u0131n\u0131 duyurmu\u015f bir polistir. Her ba\u015far\u0131l\u0131 operasyon, onu polislik<span class=\"excerpt-hellip\"> [\u2026]<\/span><\/p>\n","protected":false},"featured_media":0,"template":"","meta":{"_monsterinsights_skip_tracking":false,"_monsterinsights_sitenote_active":false,"_monsterinsights_sitenote_note":"","_monsterinsights_sitenote_category":0},"product_brand":[],"product_cat":[12291,12711],"product_tag":[],"class_list":{"0":"post-764523","1":"product","2":"type-product","3":"status-publish","5":"product_cat-edebiyat","6":"product_cat-roman-oyku","7":"pa_cilt-ciltsiz","8":"pa_tur-kitap","9":"pa_yayinevi-40-ikindi-yayinlari","10":"pa_yazar-zafer-ercan","12":"first","13":"instock","14":"sale","15":"shipping-taxable","16":"purchasable","17":"product-type-simple"},"_links":{"self":[{"href":"https:\/\/roveyayinevi.com.tr\/index.php\/wp-json\/wp\/v2\/product\/764523","targetHints":{"allow":["GET"]}}],"collection":[{"href":"https:\/\/roveyayinevi.com.tr\/index.php\/wp-json\/wp\/v2\/product"}],"about":[{"href":"https:\/\/roveyayinevi.com.tr\/index.php\/wp-json\/wp\/v2\/types\/product"}],"wp:attachment":[{"href":"https:\/\/roveyayinevi.com.tr\/index.php\/wp-json\/wp\/v2\/media?parent=764523"}],"wp:term":[{"taxonomy":"product_brand","embeddable":true,"href":"https:\/\/roveyayinevi.com.tr\/index.php\/wp-json\/wp\/v2\/product_brand?post=764523"},{"taxonomy":"product_cat","embeddable":true,"href":"https:\/\/roveyayinevi.com.tr\/index.php\/wp-json\/wp\/v2\/product_cat?post=764523"},{"taxonomy":"product_tag","embeddable":true,"href":"https:\/\/roveyayinevi.com.tr\/index.php\/wp-json\/wp\/v2\/product_tag?post=764523"}],"curies":[{"name":"wp","href":"https:\/\/api.w.org\/{rel}","templated":true}]}}