{"id":764522,"date":"2025-08-28T11:13:10","date_gmt":"2025-08-28T08:13:10","guid":{"rendered":"https:\/\/roveyayinevi.com.tr\/index.php\/urun\/rusya-ile-bati-arasinda-ukrayna\/"},"modified":"2026-04-15T03:30:21","modified_gmt":"2026-04-15T00:30:21","slug":"rusya-ile-bati-arasinda-ukrayna","status":"publish","type":"product","link":"https:\/\/roveyayinevi.com.tr\/index.php\/urun\/rusya-ile-bati-arasinda-ukrayna\/","title":{"rendered":"Rusya \u0130le Bat\u0131 Aras\u0131nda Ukrayna"},"content":{"rendered":"<p>Rusya ile Bat\u0131 Aras\u0131nda Ukrayna: Tarih, Toplum ve Siyaset&#8221; adl\u0131 \u00e7al\u0131\u015fma, Ukrayna&#8217;n\u0131n karma\u015f\u0131k ve \u00e7ok katmanl\u0131 tarihini, k\u00fclt\u00fcr\u00fcn\u00fc ve siyasi yap\u0131s\u0131n\u0131 kapsaml\u0131 bir \u015fekilde ele alan, alan\u0131nda temel bir ba\u015fvuru kayna\u011f\u0131 olma iddias\u0131yla g\u00fcn y\u00fcz\u00fcne \u00e7\u0131kt\u0131. Kitap, multidisipliner bir bak\u0131\u015f a\u00e7\u0131s\u0131yla, Ukrayna&#8217;n\u0131n co\u011frafi konumunun ve ya\u015fam\u0131\u015f oldu\u011fu tarihsel s\u00fcre\u00e7lerinin etkisi alt\u0131nda \u015fekillenen kimli\u011fini, k\u00fclt\u00fcrel zenginliklerini ve siyasi dinamiklerini derinlemesine analiz etme aray\u0131\u015f\u0131 i\u00e7erisinde. Sovyetler Birli\u011fi&#8217;nin da\u011f\u0131lmas\u0131yla yeni bir d\u00f6neme ad\u0131m atan Ukrayna, Rusya ile Bat\u0131 aras\u0131nda ya\u015fanan jeopolitik rekabetin odak noktalar\u0131ndan birisi haline geldi. S\u00f6z konusu ger\u00e7ekli\u011fin \u00fclkenin i\u00e7 ve d\u0131\u015f siyasetini nas\u0131l \u015fekillendirdi\u011fi sorunsal\u0131 ise \u00e7al\u0131\u015fman\u0131n merkezinde yer alan temel sorulardan birini olu\u015fturuyor. \u00c7al\u0131\u015fma, Ukrayna&#8217;n\u0131n bu zorlu co\u011frafyada var olma m\u00fccadelesini tarihsel s\u00fcre\u00e7ler, k\u00fclt\u00fcrel kimlik ve siyasi ideolojiler ba\u011flam\u0131nda ele alarak, okuyucuya derinlemesine bir perspektif kazand\u0131rma amac\u0131n\u0131 ta\u015f\u0131yor. Ukraynaca ve Rus\u00e7a birinci el kaynaklara dayanan ve derinlemesine bir bak\u0131\u015f a\u00e7\u0131s\u0131 sunan kitap, okuyucunun hem akademik merak\u0131n\u0131 tatmin edecek hem de k\u00fcresel siyaset ve b\u00fcy\u00fck g\u00fc\u00e7 rekabeti ba\u011flam\u0131nda Do\u011fu Avrupa merkezli g\u00fcncel olaylar\u0131 daha iyi anlamas\u0131na yard\u0131mc\u0131 olacakt\u0131r.<\/p>\n","protected":false},"excerpt":{"rendered":"<p>Rusya ile Bat\u0131 Aras\u0131nda Ukrayna: Tarih, Toplum ve Siyaset&#8221; adl\u0131 \u00e7al\u0131\u015fma, Ukrayna&#8217;n\u0131n karma\u015f\u0131k ve \u00e7ok katmanl\u0131 tarihini, k\u00fclt\u00fcr\u00fcn\u00fc ve siyasi yap\u0131s\u0131n\u0131 kapsaml\u0131 bir \u015fekilde ele alan,<span class=\"excerpt-hellip\"> [\u2026]<\/span><\/p>\n","protected":false},"featured_media":0,"template":"","meta":{"_monsterinsights_skip_tracking":false,"_monsterinsights_sitenote_active":false,"_monsterinsights_sitenote_note":"","_monsterinsights_sitenote_category":0},"product_brand":[],"product_cat":[12337,17225],"product_tag":[],"class_list":{"0":"post-764522","1":"product","2":"type-product","3":"status-publish","5":"product_cat-politika-siyaset","6":"product_cat-uluslararasi-iliskiler","7":"pa_cilt-ciltsiz","8":"pa_tur-kitap","9":"pa_yayinevi-iyidusun-yayinlari","10":"pa_yazar-davut-han-aslan","12":"first","13":"instock","14":"sale","15":"shipping-taxable","16":"purchasable","17":"product-type-simple"},"_links":{"self":[{"href":"https:\/\/roveyayinevi.com.tr\/index.php\/wp-json\/wp\/v2\/product\/764522","targetHints":{"allow":["GET"]}}],"collection":[{"href":"https:\/\/roveyayinevi.com.tr\/index.php\/wp-json\/wp\/v2\/product"}],"about":[{"href":"https:\/\/roveyayinevi.com.tr\/index.php\/wp-json\/wp\/v2\/types\/product"}],"wp:attachment":[{"href":"https:\/\/roveyayinevi.com.tr\/index.php\/wp-json\/wp\/v2\/media?parent=764522"}],"wp:term":[{"taxonomy":"product_brand","embeddable":true,"href":"https:\/\/roveyayinevi.com.tr\/index.php\/wp-json\/wp\/v2\/product_brand?post=764522"},{"taxonomy":"product_cat","embeddable":true,"href":"https:\/\/roveyayinevi.com.tr\/index.php\/wp-json\/wp\/v2\/product_cat?post=764522"},{"taxonomy":"product_tag","embeddable":true,"href":"https:\/\/roveyayinevi.com.tr\/index.php\/wp-json\/wp\/v2\/product_tag?post=764522"}],"curies":[{"name":"wp","href":"https:\/\/api.w.org\/{rel}","templated":true}]}}