{"id":764521,"date":"2025-08-28T11:13:09","date_gmt":"2025-08-28T08:13:09","guid":{"rendered":"https:\/\/roveyayinevi.com.tr\/index.php\/urun\/aynadaki-izler\/"},"modified":"2026-04-15T03:30:21","modified_gmt":"2026-04-15T00:30:21","slug":"aynadaki-izler","status":"publish","type":"product","link":"https:\/\/roveyayinevi.com.tr\/index.php\/urun\/aynadaki-izler\/","title":{"rendered":"Aynadaki \u0130zler"},"content":{"rendered":"<p>Aynadaki \u0130zler, y\u0131llard\u0131r disiplinleraras\u0131 \u00e7al\u0131\u015fmalarda bulunan Mehmet Ali Sevgi\u2019nin bir antropolog olarak saha \u00e7al\u0131\u015fmalar\u0131ndan hareketle kaleme ald\u0131\u011f\u0131 bir eser olma \u00f6zelli\u011fi ta\u015f\u0131yor. Eser, sadece alana dair \u00e7al\u0131\u015fmalarda bulunan sosyal bilimcilerin de\u011fil ayn\u0131 zamanda insana, k\u00fclt\u00fcre ve \u00f6tekiye dair hik\u00e2yelere ilgi duyanlar\u0131n da kendinden bir \u015feyler bulabilece\u011fi, etnografinin hik\u00e2yesini akademik disiplinden \u00f6d\u00fcn vermeden edeb\u00ee bir dille okuyucuya aktar\u0131yor. Eser etnografinin ne oldu\u011funu \u00fczerine okurlar\u0131n\u0131 d\u00fc\u015f\u00fcnmeye davet ederken, Almanya\u2019daki g\u00f6\u00e7menlerinin yaln\u0131zl\u0131\u011f\u0131ndan A\u011fr\u0131 Da\u011f\u0131\u2019ndaki konarg\u00f6\u00e7erlerin \u0131ss\u0131zl\u0131\u011f\u0131na uzanan geni\u015f bir co\u011frafyadan farkl\u0131 insan hik\u00e2yelerini \u015fiirsel bir \u00fcslupla anlat\u0131yor. Sosyal bilimlerde \u00f6zneyi san\u0131k k\u00fcrs\u00fcs\u00fcne oturturken, kedilerin terk etti\u011fi sokaklar\u0131, evsiz g\u00f6\u00e7menleri, bir sabah birdenbire zuhur eden ara\u015ft\u0131rma konular\u0131n\u0131, yabanc\u0131 yollarda kaybolmamaya \u00e7al\u0131\u015fan bir dilsizi kitab\u0131n sayfalar\u0131na ta\u015f\u0131yor. Yeni bir yere var\u0131p o k\u00fclt\u00fcre a\u015fina olmaya \u00e7al\u0131\u015fan her insan\u0131n kendinden bir \u015feyler bulabilece\u011fi bu kitap da aynan\u0131n \u00f6nce kendimize tutulmas\u0131 gerekti\u011finin \u00f6nemini vurguluyor. <\/p>\n","protected":false},"excerpt":{"rendered":"<p>Aynadaki \u0130zler, y\u0131llard\u0131r disiplinleraras\u0131 \u00e7al\u0131\u015fmalarda bulunan Mehmet Ali Sevgi\u2019nin bir antropolog olarak saha \u00e7al\u0131\u015fmalar\u0131ndan hareketle kaleme ald\u0131\u011f\u0131 bir eser olma \u00f6zelli\u011fi ta\u015f\u0131yor. Eser, sadece alana dair<span class=\"excerpt-hellip\"> [\u2026]<\/span><\/p>\n","protected":false},"featured_media":0,"template":"","meta":{"_monsterinsights_skip_tracking":false,"_monsterinsights_sitenote_active":false,"_monsterinsights_sitenote_note":"","_monsterinsights_sitenote_category":0},"product_brand":[],"product_cat":[13633,12324],"product_tag":[],"class_list":{"0":"post-764521","1":"product","2":"type-product","3":"status-publish","5":"product_cat-kultur-ve-bilim","6":"product_cat-sosyoloji","7":"pa_cilt-ciltsiz","8":"pa_tur-kitap","9":"pa_yayinevi-iyidusun-yayinlari","10":"pa_yazar-mehmet-ali-sevgi","12":"first","13":"instock","14":"sale","15":"shipping-taxable","16":"purchasable","17":"product-type-simple"},"_links":{"self":[{"href":"https:\/\/roveyayinevi.com.tr\/index.php\/wp-json\/wp\/v2\/product\/764521","targetHints":{"allow":["GET"]}}],"collection":[{"href":"https:\/\/roveyayinevi.com.tr\/index.php\/wp-json\/wp\/v2\/product"}],"about":[{"href":"https:\/\/roveyayinevi.com.tr\/index.php\/wp-json\/wp\/v2\/types\/product"}],"wp:attachment":[{"href":"https:\/\/roveyayinevi.com.tr\/index.php\/wp-json\/wp\/v2\/media?parent=764521"}],"wp:term":[{"taxonomy":"product_brand","embeddable":true,"href":"https:\/\/roveyayinevi.com.tr\/index.php\/wp-json\/wp\/v2\/product_brand?post=764521"},{"taxonomy":"product_cat","embeddable":true,"href":"https:\/\/roveyayinevi.com.tr\/index.php\/wp-json\/wp\/v2\/product_cat?post=764521"},{"taxonomy":"product_tag","embeddable":true,"href":"https:\/\/roveyayinevi.com.tr\/index.php\/wp-json\/wp\/v2\/product_tag?post=764521"}],"curies":[{"name":"wp","href":"https:\/\/api.w.org\/{rel}","templated":true}]}}