{"id":764520,"date":"2025-08-28T11:13:08","date_gmt":"2025-08-28T08:13:08","guid":{"rendered":"https:\/\/roveyayinevi.com.tr\/index.php\/urun\/yeni-dunya-yeni-kurallar\/"},"modified":"2026-04-15T03:30:21","modified_gmt":"2026-04-15T00:30:21","slug":"yeni-dunya-yeni-kurallar","status":"publish","type":"product","link":"https:\/\/roveyayinevi.com.tr\/index.php\/urun\/yeni-dunya-yeni-kurallar\/","title":{"rendered":"Yeni D\u00fcnya Yeni Kurallar"},"content":{"rendered":"<p>S\u00f6yleyecek s\u00f6z\u00fc olanlar\u0131n bir araya gelip, bir yandan yiyip i\u00e7erken bir yandan s\u00f6yle\u015fti\u011fi sofralar\u0131 d\u00fc\u015f\u00fcn\u00fcn. O masalar\u0131\u2026 \u0130\u015fte \u015fimdi tam da oradas\u0131n\u0131z; Vedat Milor\u2019un sofras\u0131nda. Bir farkla\u2026 Men\u00fcm\u00fczde bu sefer yemekler de\u011fil, hayata dair se\u00e7imlerimiz var. \u00c2deta bir men\u00fcden yemek se\u00e7er gibi, her g\u00fcn hayata ve ya\u015fad\u0131klar\u0131m\u0131za dair \u00e7e\u015fitli kararlar veriyor ve yolumuza devam ediyoruz. G\u00fcn\u00fcm\u00fcz d\u00fcnyas\u0131nda ise bu men\u00fc kabard\u0131k\u00e7a kabard\u0131, se\u00e7enekler hi\u00e7 olmad\u0131\u011f\u0131 kadar dallan\u0131p budakland\u0131. \u00d6yle ki al\u0131\u015fk\u0131n oldu\u011fumuz baz\u0131 yollar art\u0131k \u00e7\u0131kmaz h\u00e2le gelirken yeni rotalar t\u00fcm belirsizlikleriyle \u00f6n\u00fcm\u00fczde belirdi. Yeni kurallar, yeni oyuncular ve meslekler, yeni ya\u015fam k\u00fclt\u00fcrleri&#8230; \u00b7         Peki, ba\u015f d\u00f6nd\u00fcr\u00fcc\u00fc bir h\u0131zla de\u011fi\u015fen bu d\u00fcnyaya nas\u0131l ayak uyduraca\u011f\u0131z? \u00b7         Gelece\u011fimizle ilgili h\u00e2l\u00e2 planlama yapabilir miyiz? Nereye kadar? \u00b7         \u00d6n\u00fcm\u00fczde serili binlerce imk\u00e2n varken hangi se\u00e7imleri, neye g\u00f6re yapaca\u011f\u0131z? \u00d6nceliklerimizi nas\u0131l belirleyece\u011fiz? \u00b7         Neleri korumak i\u00e7in nelerden vazge\u00e7meliyiz? Ufkumuzu nas\u0131l geni\u015fletmeliyiz? \u00b7         Bu ya\u015fam\u0131, kendimize ve ba\u015fkalar\u0131na sayg\u0131 duyarak, en zor ko\u015fullarda dahi vakar\u0131m\u0131z\u0131 koruyarak s\u00fcrd\u00fcrmeyi nas\u0131l becerece\u011fiz? Yenal Bilgici sordu, Vedat Milor yan\u0131tlad\u0131: Yeni D\u00fcnya Yeni Kurallar. Ya\u015fam zevkinin bug\u00fcnk\u00fc yollar\u0131na, \u00e7a\u011f\u0131m\u0131zda var olmak i\u00e7in gereken yetenekler setine, bu \u00e7a\u011fda insan kalmaya dair derinlikli bir sohbet\u2026 Haydi gelin, siz de bir sandalye \u00e7ekip bu masaya oturun. <\/p>\n","protected":false},"excerpt":{"rendered":"<p>S\u00f6yleyecek s\u00f6z\u00fc olanlar\u0131n bir araya gelip, bir yandan yiyip i\u00e7erken bir yandan s\u00f6yle\u015fti\u011fi sofralar\u0131 d\u00fc\u015f\u00fcn\u00fcn. O masalar\u0131\u2026 \u0130\u015fte \u015fimdi tam da oradas\u0131n\u0131z; Vedat Milor\u2019un sofras\u0131nda. Bir<span class=\"excerpt-hellip\"> [\u2026]<\/span><\/p>\n","protected":false},"featured_media":0,"template":"","meta":{"_monsterinsights_skip_tracking":false,"_monsterinsights_sitenote_active":false,"_monsterinsights_sitenote_note":"","_monsterinsights_sitenote_category":0},"product_brand":[],"product_cat":[12364,12376],"product_tag":[],"class_list":{"0":"post-764520","1":"product","2":"type-product","3":"status-publish","5":"product_cat-genel-konular","6":"product_cat-kisisel-gelisim","7":"pa_cilt-ciltsiz","8":"pa_tur-kitap","9":"pa_yayinevi-kronik-kitap","10":"pa_yazar-vedat-milor","12":"first","13":"instock","14":"sale","15":"shipping-taxable","16":"purchasable","17":"product-type-simple"},"_links":{"self":[{"href":"https:\/\/roveyayinevi.com.tr\/index.php\/wp-json\/wp\/v2\/product\/764520","targetHints":{"allow":["GET"]}}],"collection":[{"href":"https:\/\/roveyayinevi.com.tr\/index.php\/wp-json\/wp\/v2\/product"}],"about":[{"href":"https:\/\/roveyayinevi.com.tr\/index.php\/wp-json\/wp\/v2\/types\/product"}],"wp:attachment":[{"href":"https:\/\/roveyayinevi.com.tr\/index.php\/wp-json\/wp\/v2\/media?parent=764520"}],"wp:term":[{"taxonomy":"product_brand","embeddable":true,"href":"https:\/\/roveyayinevi.com.tr\/index.php\/wp-json\/wp\/v2\/product_brand?post=764520"},{"taxonomy":"product_cat","embeddable":true,"href":"https:\/\/roveyayinevi.com.tr\/index.php\/wp-json\/wp\/v2\/product_cat?post=764520"},{"taxonomy":"product_tag","embeddable":true,"href":"https:\/\/roveyayinevi.com.tr\/index.php\/wp-json\/wp\/v2\/product_tag?post=764520"}],"curies":[{"name":"wp","href":"https:\/\/api.w.org\/{rel}","templated":true}]}}