{"id":764519,"date":"2025-08-28T11:13:06","date_gmt":"2025-08-28T08:13:06","guid":{"rendered":"https:\/\/roveyayinevi.com.tr\/index.php\/urun\/yazmak-ya-da-yazmamak\/"},"modified":"2026-04-15T03:30:21","modified_gmt":"2026-04-15T00:30:21","slug":"yazmak-ya-da-yazmamak","status":"publish","type":"product","link":"https:\/\/roveyayinevi.com.tr\/index.php\/urun\/yazmak-ya-da-yazmamak\/","title":{"rendered":"Yazmak ya da Yazmamak!"},"content":{"rendered":"<p>S\u00f6z, insanla v\u00fccut buldu. Sonras\u0131nda bir mucize daha ger\u00e7ekle\u015fti ve yaz\u0131 ile bulu\u015ftu. \u0130ki sevgilinin vuslat\u0131ndan ba\u015fka bir \u015fey de\u011fildi esasen bu, meyvelerinden bug\u00fcn hep beraber faydalan\u0131yoruz. Bir de kalem erbab\u0131n\u0131n s\u00f6z ve yaz\u0131 ile ya\u015fad\u0131\u011f\u0131 a\u015fk var ki, her t\u00fcrl\u00fc tan\u0131mlaman\u0131n \u00fczerinde boyutu. G\u00f6n\u00fcl g\u00f6n\u00fcl d\u00f6k\u00fcl\u00fcr kalemden duygular, ilmek ilmek i\u015flenir her s\u00f6zc\u00fck; yazma sevdal\u0131s\u0131n\u0131n tutkusunun izah\u0131 \u00e7ok da kabil de\u011fildir. Bu kitap bir Yarat\u0131c\u0131 Yazarl\u0131k kitab\u0131 de\u011fil, \u00f6yle bir iddias\u0131 yok, fakat daha fazlas\u0131n\u0131 i\u00e7eriyor, i\u015fin felsefesine iniyor kendince; nas\u0131l yazmal\u0131, ne yazmal\u0131, yazmaktan korkulur mu, yazmak kolay m\u0131d\u0131r, yaz\u0131 sevdal\u0131s\u0131n\u0131n hangi konuda bilgi birikimi olmal\u0131d\u0131r, yazarken hangi hususlara dikkat etmek gerekir, yaz\u0131n\u0131n i\u00e7eri\u011fi ne olmal\u0131d\u0131r, bir edebi eserin temel \u00f6zellikleri nelerdir, sanat\u00e7\u0131n\u0131n olmazsa olmaz ihtiya\u00e7lar\u0131 var m\u0131d\u0131r, tabular\u0131 y\u0131kmak ne derece \u00f6nemlidir gibi yazma tutkusu ve yaz\u0131 ile ilgili pek \u00e7ok sorunun cevab\u0131n\u0131 ar\u0131yor. Hangi edebi t\u00fcr ilgi alan\u0131na girerse girsin, t\u00fcm kalem erbab\u0131n\u0131n m\u00fc\u015fterek \u00f6zellikleri ve ortak paydalar\u0131 oldu\u011fu fikrinden hareketle, bu kitab\u0131m\u0131z\u0131n yazma eylemine g\u00f6n\u00fclden ba\u011fl\u0131 herkesin ba\u015f k\u00f6\u015fesinde yer bulaca\u011f\u0131 ve \u201cYazmak Ya Da Yazmamak!\u201d meselesinin \u00e7\u00f6z\u00fcm\u00fcne katk\u0131s\u0131 olaca\u011f\u0131 d\u00fc\u015f\u00fcncesiyle \u201cdo\u011fru rota ile yeni ufuklara\u201d yolculu\u011fumuza devam ediyoruz. <\/p>\n","protected":false},"excerpt":{"rendered":"<p>S\u00f6z, insanla v\u00fccut buldu. Sonras\u0131nda bir mucize daha ger\u00e7ekle\u015fti ve yaz\u0131 ile bulu\u015ftu. \u0130ki sevgilinin vuslat\u0131ndan ba\u015fka bir \u015fey de\u011fildi esasen bu, meyvelerinden bug\u00fcn hep beraber<span class=\"excerpt-hellip\"> [\u2026]<\/span><\/p>\n","protected":false},"featured_media":0,"template":"","meta":{"_monsterinsights_skip_tracking":false,"_monsterinsights_sitenote_active":false,"_monsterinsights_sitenote_note":"","_monsterinsights_sitenote_category":0},"product_brand":[],"product_cat":[12777,12291],"product_tag":[],"class_list":{"0":"post-764519","1":"product","2":"type-product","3":"status-publish","5":"product_cat-deneme","6":"product_cat-edebiyat","7":"pa_cilt-ciltsiz","8":"pa_tur-kitap","9":"pa_yayinevi-kaptan-kitap","10":"pa_yazar-hakan-karci","12":"first","13":"instock","14":"sale","15":"shipping-taxable","16":"purchasable","17":"product-type-simple"},"_links":{"self":[{"href":"https:\/\/roveyayinevi.com.tr\/index.php\/wp-json\/wp\/v2\/product\/764519","targetHints":{"allow":["GET"]}}],"collection":[{"href":"https:\/\/roveyayinevi.com.tr\/index.php\/wp-json\/wp\/v2\/product"}],"about":[{"href":"https:\/\/roveyayinevi.com.tr\/index.php\/wp-json\/wp\/v2\/types\/product"}],"wp:attachment":[{"href":"https:\/\/roveyayinevi.com.tr\/index.php\/wp-json\/wp\/v2\/media?parent=764519"}],"wp:term":[{"taxonomy":"product_brand","embeddable":true,"href":"https:\/\/roveyayinevi.com.tr\/index.php\/wp-json\/wp\/v2\/product_brand?post=764519"},{"taxonomy":"product_cat","embeddable":true,"href":"https:\/\/roveyayinevi.com.tr\/index.php\/wp-json\/wp\/v2\/product_cat?post=764519"},{"taxonomy":"product_tag","embeddable":true,"href":"https:\/\/roveyayinevi.com.tr\/index.php\/wp-json\/wp\/v2\/product_tag?post=764519"}],"curies":[{"name":"wp","href":"https:\/\/api.w.org\/{rel}","templated":true}]}}