{"id":764518,"date":"2025-08-28T11:13:04","date_gmt":"2025-08-28T08:13:04","guid":{"rendered":"https:\/\/roveyayinevi.com.tr\/index.php\/urun\/gorevimiz-bisiklet-kullanmak\/"},"modified":"2026-04-15T03:30:21","modified_gmt":"2026-04-15T00:30:21","slug":"gorevimiz-bisiklet-kullanmak","status":"publish","type":"product","link":"https:\/\/roveyayinevi.com.tr\/index.php\/urun\/gorevimiz-bisiklet-kullanmak\/","title":{"rendered":"G\u00f6revimiz Bisiklet Kullanmak"},"content":{"rendered":"<p>Var m\u0131s\u0131n bisiklete binip hayat\u0131n\u0131 de\u011fi\u015ftirmeye? Bisiklet pek \u00e7oklar\u0131 taraf\u0131ndan bir hobi olarak g\u00f6r\u00fclse de asl\u0131nda daha fazlas\u0131! G\u00fcn\u00fcm\u00fczde bisikleti bir ula\u015f\u0131m arac\u0131ndan ziyade bir ya\u015fam bi\u00e7imi olarak tan\u0131mlamak da m\u00fcmk\u00fcn. Peki, iki koca asr\u0131 devirmesine ra\u011fmen pop\u00fclerli\u011fini asla yitirmeyen, say\u0131s\u0131z \u00fclkede toplu ta\u015f\u0131maya ve hatta bireysel motorlu ta\u015f\u0131t kullan\u0131m\u0131na dahi alternatif olabilen bisikletleri bu kadar g\u00f6zde k\u0131lan ne? Ucuz olmas\u0131 m\u0131, trafikte zamandan tasarruf ettirmesi mi, \u00e7evreye duyarl\u0131 olmas\u0131 m\u0131, yoksa insanlara form kazand\u0131rmas\u0131 m\u0131? Bu sorunun yan\u0131t\u0131 birden fazla bile\u015fene ba\u011fl\u0131 olsa da ku\u015fkusuz en b\u00fcy\u00fck etken, bisikletin getirdi\u011fi \u00f6zg\u00fcrl\u00fck hissiyat\u0131! Bisiklet s\u00fcrmenin insan hayat\u0131na sa\u011flad\u0131\u011f\u0131 faydalar saymakla bitmiyor. \u00dcst\u00fcne \u00fcstl\u00fck, strese ve kayg\u0131y\u0131 azaltmaya yard\u0131mc\u0131 olmas\u0131 da cabas\u0131! Son y\u0131llarda gen\u00e7lerin giderek daha az ehliyet s\u0131navlar\u0131na ba\u015fvurmas\u0131, yahut son model arabalara binen beyaz yakal\u0131lar\u0131n ofislerine art\u0131k bisikletleriyle gitmesi, mevcut e\u011filimin en b\u00fcy\u00fck g\u00f6stergeleri. Evet, ya\u015fananlar tek kelimeyle ger\u00e7ek bir devrim ve bunun ad\u0131na ekomobilite, yani ula\u015f\u0131mda s\u00fcrd\u00fcr\u00fclebilir hareket deniyor.  Bisikletin g\u00fcnl\u00fck ya\u015fant\u0131m\u0131z\u0131 ve al\u0131\u015fkanl\u0131klar\u0131m\u0131z\u0131 nas\u0131l de\u011fi\u015ftirdi\u011fini g\u00f6steren G\u00f6revimiz Bisiklet Kullanmak, \u00e7al\u0131\u015fmas\u0131 i\u00e7in kas g\u00fcc\u00fcnden ba\u015fka hi\u00e7bir enerji t\u00fcketmeyen bu muhte\u015fem arac\u0131n \u00fclkemizde yayg\u0131nla\u015fmas\u0131 ve geni\u015f kitlelere ula\u015fmas\u0131 i\u00e7in okurlar\u0131n ufkunu geni\u015fletiyor.   \u00c7ocuklara \u00e7evre bilinci kazand\u0131rma amac\u0131yla haz\u0131rlanan \u201cGezegenimizi Koruyal\u0131m!\u201d serisinin bisikletin ABC&#8217;sini \u00f6\u011fretmeyi hedefleyen bu halkas\u0131, e\u011flenceli oyunlar ve resimler e\u015fli\u011finde herkesi bisiklet s\u00fcrmeye heveslendiriyor.    Anatomisinden bak\u0131m\u0131na, g\u00fcvenlik i\u00e7in al\u0131nmas\u0131 gereken \u00f6nlemlerden s\u00fcr\u00fc\u015f yolunda tedbirli olunmas\u0131 i\u00e7in uyulmas\u0131 gereken kurallara uzanan bu k\u0131lavuz kitap, bisiklete dair merak etti\u011finiz t\u00fcm sorular\u0131 yan\u0131tl\u0131yor.  Haydi, daha ne duruyorsunuz; atlasan\u0131za seleye!<\/p>\n","protected":false},"excerpt":{"rendered":"<p>Var m\u0131s\u0131n bisiklete binip hayat\u0131n\u0131 de\u011fi\u015ftirmeye? Bisiklet pek \u00e7oklar\u0131 taraf\u0131ndan bir hobi olarak g\u00f6r\u00fclse de asl\u0131nda daha fazlas\u0131! G\u00fcn\u00fcm\u00fczde bisikleti bir ula\u015f\u0131m arac\u0131ndan ziyade bir ya\u015fam<span class=\"excerpt-hellip\"> [\u2026]<\/span><\/p>\n","protected":false},"featured_media":0,"template":"","meta":{"_monsterinsights_skip_tracking":false,"_monsterinsights_sitenote_active":false,"_monsterinsights_sitenote_note":"","_monsterinsights_sitenote_category":0},"product_brand":[],"product_cat":[12274,14573],"product_tag":[],"class_list":{"0":"post-764518","1":"product","2":"type-product","3":"status-publish","5":"product_cat-cocuk-ve-genclik-kitaplari","6":"product_cat-referans-kitaplar-cocuk-ve-genclik-kitaplari","7":"pa_cilt-ciltsiz","8":"pa_tur-kitap","9":"pa_yayinevi-tudem-yayinlari","10":"pa_yazar-nat-mikles","12":"first","13":"instock","14":"sale","15":"shipping-taxable","16":"purchasable","17":"product-type-simple"},"_links":{"self":[{"href":"https:\/\/roveyayinevi.com.tr\/index.php\/wp-json\/wp\/v2\/product\/764518","targetHints":{"allow":["GET"]}}],"collection":[{"href":"https:\/\/roveyayinevi.com.tr\/index.php\/wp-json\/wp\/v2\/product"}],"about":[{"href":"https:\/\/roveyayinevi.com.tr\/index.php\/wp-json\/wp\/v2\/types\/product"}],"wp:attachment":[{"href":"https:\/\/roveyayinevi.com.tr\/index.php\/wp-json\/wp\/v2\/media?parent=764518"}],"wp:term":[{"taxonomy":"product_brand","embeddable":true,"href":"https:\/\/roveyayinevi.com.tr\/index.php\/wp-json\/wp\/v2\/product_brand?post=764518"},{"taxonomy":"product_cat","embeddable":true,"href":"https:\/\/roveyayinevi.com.tr\/index.php\/wp-json\/wp\/v2\/product_cat?post=764518"},{"taxonomy":"product_tag","embeddable":true,"href":"https:\/\/roveyayinevi.com.tr\/index.php\/wp-json\/wp\/v2\/product_tag?post=764518"}],"curies":[{"name":"wp","href":"https:\/\/api.w.org\/{rel}","templated":true}]}}