{"id":764517,"date":"2025-08-28T11:13:02","date_gmt":"2025-08-28T08:13:02","guid":{"rendered":"https:\/\/roveyayinevi.com.tr\/index.php\/urun\/ibiza-yazilari\/"},"modified":"2026-04-15T03:30:21","modified_gmt":"2026-04-15T00:30:21","slug":"ibiza-yazilari","status":"publish","type":"product","link":"https:\/\/roveyayinevi.com.tr\/index.php\/urun\/ibiza-yazilari\/","title":{"rendered":"\u0130biza Yaz\u0131lar\u0131"},"content":{"rendered":"<p>&#8221;Benjamin sanki, sadece metodoloji de\u011fil, t\u00fcm varl\u0131\u011f\u0131 ebedi bir kuman dikte eden diyalektik bir ritme itaat ediyor gibiydi. Etkileyici el kol hareketleri, kaplumba\u011fay\u0131 and\u0131ran kesintili y\u00fcr\u00fcy\u00fc\u015f\u00fc, melodik sesi ve kitap gibi hatas\u0131z konu\u015fmas\u0131 da dahil t\u00fcm g\u00f6r\u00fcn\u00fcm\u00fc ve bedensel duru\u015fu; fiziksel yazma eyleminden, bekleme eyleminden ya da koleksiyonculuk ve flan\u00f6rl\u00fck gibi zorlay\u0131c\u0131 eylemlerden ald\u0131\u011f\u0131 haz; kendi yapt\u0131klar\u0131n\u0131 be\u011fenme, rit\u00fcelle\u015ftirme huyu, tuhaf \u015fehirli cazibesi b\u00fct\u00fcn bunlar, sanki on dokuzuncu y\u00fczy\u0131l\u0131n sonlar\u0131ndan al\u0131n\u0131p ba\u015fka bir yere nakledilen, eski d\u00fcnyaya ait, antika merakl\u0131s\u0131 bir yarad\u0131l\u0131\u015fa tan\u0131kl\u0131k ediyordu&#8221; Bu k\u0131sa se\u00e7ki, Walter Benjamin&#8217;in g\u00fcn\u00fcm\u00fczde \u00e7oktan birer klasik olmu\u015f \u00fcnl\u00fc denemelerinin g\u00f6lgesinde kald\u0131\u011f\u0131 i\u00e7in fazla bilinmeyen yaz\u0131lar\u0131ndan ve k\u0131sa yaz\u0131lar\u0131ndan birka\u00e7\u0131n\u0131, ilk yay\u0131mlanm\u0131\u015f eseri olan &#8220;\u015eair&#8221; isimli \u015fiirini, lise bitirme s\u0131navlar\u0131na girmek i\u00e7in yapt\u0131\u011f\u0131 ba\u015fvuru s\u0131ras\u0131nda okula sundu\u011fu &#8220;\u00d6zge\u00e7mi\u015f&#8221;ini bir araya getiriyor. Tutkulu gen\u00e7lik idealizmini yans\u0131tan metinlerinden  \u00f6zellikle &#8220;G\u00f6kku\u015fa\u011f\u0131&#8221; isimli diyalo\u011fu, Nietzscheci yarat\u0131c\u0131 sarho\u015fluk (Rausch)  fikrinin Benjamin&#8217;in yaz\u0131lar\u0131nda yank\u0131land\u0131\u011f\u0131 ilk metindir. Unutulmaz \u015fehir portrelerinden biri olan ve Asia Lacis&#8217;le birlikte yazd\u0131klar\u0131 &#8221;Napoli&#8221; (1925), gelecek on be\u015f y\u0131l boyunca kullanaca\u011f\u0131 ve ar\u0131taca\u011f\u0131 d\u00fcz yaz\u0131 bi\u00e7imi Denkbild&#8217;i, yani &#8221;d\u00fc\u015f\u00fcnce imgesini\/fig\u00fcr\u00fcn\u00fc&#8221; tan\u0131tmas\u0131 a\u00e7\u0131s\u0131ndan \u00f6nemlidir. Bu se\u00e7kiye dahil edilen ve Benjamin&#8217;in \u0130biza Adas\u0131&#8217;na yapt\u0131\u011f\u0131 iki gezi s\u0131ras\u0131nda \u00fcretti\u011fi baz\u0131 par\u00e7alar ve denemeler de, her zamanki \u00f6zg\u00fcn anlat\u0131mlar\u0131yla, hem yazmay\u0131 \u00e7ok sevdi\u011fi konular\u0131 hem de edebi ilgisini yans\u0131tmas\u0131 bak\u0131m\u0131ndan dikkat \u00e7ekicidir.  Onu okurken hem zevk almam\u0131z\u0131n hem de ac\u0131 \u00e7ekmemizin nedeni, Walter Benjamin&#8217;in do\u011fal zekas\u0131ndan yaz\u0131lar\u0131n\u0131n espaslar\u0131na bile damlayan zehirdir. Bu ya\u011fmur orman\u0131na sarho\u015f giren, bir engerek taraf\u0131ndan \u0131s\u0131r\u0131lmay\u0131 g\u00f6ze alm\u0131\u015f demektir.<\/p>\n","protected":false},"excerpt":{"rendered":"<p>&#8221;Benjamin sanki, sadece metodoloji de\u011fil, t\u00fcm varl\u0131\u011f\u0131 ebedi bir kuman dikte eden diyalektik bir ritme itaat ediyor gibiydi. Etkileyici el kol hareketleri, kaplumba\u011fay\u0131 and\u0131ran kesintili y\u00fcr\u00fcy\u00fc\u015f\u00fc,<span class=\"excerpt-hellip\"> [\u2026]<\/span><\/p>\n","protected":false},"featured_media":0,"template":"","meta":{"_monsterinsights_skip_tracking":false,"_monsterinsights_sitenote_active":false,"_monsterinsights_sitenote_note":"","_monsterinsights_sitenote_category":0},"product_brand":[],"product_cat":[12777,12291],"product_tag":[],"class_list":{"0":"post-764517","1":"product","2":"type-product","3":"status-publish","5":"product_cat-deneme","6":"product_cat-edebiyat","7":"pa_cilt-ciltsiz","8":"pa_tur-kitap","9":"pa_yayinevi-cem-yayinevi","10":"pa_yazar-walter-benjamin","12":"first","13":"instock","14":"sale","15":"shipping-taxable","16":"purchasable","17":"product-type-simple"},"_links":{"self":[{"href":"https:\/\/roveyayinevi.com.tr\/index.php\/wp-json\/wp\/v2\/product\/764517","targetHints":{"allow":["GET"]}}],"collection":[{"href":"https:\/\/roveyayinevi.com.tr\/index.php\/wp-json\/wp\/v2\/product"}],"about":[{"href":"https:\/\/roveyayinevi.com.tr\/index.php\/wp-json\/wp\/v2\/types\/product"}],"wp:attachment":[{"href":"https:\/\/roveyayinevi.com.tr\/index.php\/wp-json\/wp\/v2\/media?parent=764517"}],"wp:term":[{"taxonomy":"product_brand","embeddable":true,"href":"https:\/\/roveyayinevi.com.tr\/index.php\/wp-json\/wp\/v2\/product_brand?post=764517"},{"taxonomy":"product_cat","embeddable":true,"href":"https:\/\/roveyayinevi.com.tr\/index.php\/wp-json\/wp\/v2\/product_cat?post=764517"},{"taxonomy":"product_tag","embeddable":true,"href":"https:\/\/roveyayinevi.com.tr\/index.php\/wp-json\/wp\/v2\/product_tag?post=764517"}],"curies":[{"name":"wp","href":"https:\/\/api.w.org\/{rel}","templated":true}]}}