{"id":764515,"date":"2025-08-28T11:12:59","date_gmt":"2025-08-28T08:12:59","guid":{"rendered":"https:\/\/roveyayinevi.com.tr\/index.php\/urun\/neksus\/"},"modified":"2026-04-15T03:30:21","modified_gmt":"2026-04-15T00:30:21","slug":"neksus","status":"publish","type":"product","link":"https:\/\/roveyayinevi.com.tr\/index.php\/urun\/neksus\/","title":{"rendered":"Neksus"},"content":{"rendered":"<p>Hik\u00e2yeler bizi birle\u015ftirdi. Kitaplar d\u00fc\u015f\u00fcncelerimizi ve mitolojilerimizi yayd\u0131. \u0130nternet bize sonsuz bilgiyi vaat etti. Algoritma s\u0131rlar\u0131m\u0131z\u0131 \u00f6\u011frendi. Sonra da bizi birbirimize d\u00fc\u015fman etti. Peki yapay zek\u00e2 neler yapacak?   Son y\u00fcz bin y\u0131lda biz Sapiensler muazzam bir g\u00fcce ula\u015ft\u0131k. Ancak t\u00fcm ke\u015fiflerimize, icatlar\u0131m\u0131za ve fetihlerimize ra\u011fmen bug\u00fcn kendimizi yine de bir varolu\u015f krizinin i\u00e7inde bulduk. D\u00fcnya ekolojik \u00e7\u00f6k\u00fc\u015f\u00fcn e\u015fi\u011finde. Siyasi gerginlikler her ge\u00e7en g\u00fcn t\u0131rman\u0131yor. Yanl\u0131\u015f bilgiler her yerde, her alanda h\u0131zla \u00e7o\u011fal\u0131yor. \u00dcstelik bizi ortadan kald\u0131rabilecek yeni bir bilgi a\u011f\u0131na, yapay zek\u00e2 \u00e7a\u011f\u0131na do\u011fru son h\u0131zla ilerliyoruz. Ba\u015fard\u0131\u011f\u0131m\u0131z onca \u015feye ra\u011fmen, kendimize nas\u0131l bu kadar zarar verebiliyoruz?   Neksus insanl\u0131k tarihine derinlemesine bir bak\u0131\u015f atarak, bilgi ak\u0131\u015f\u0131n\u0131n bizi bug\u00fcnlere nas\u0131l getirdi\u011fini tart\u0131\u015f\u0131yor. Bizi Ta\u015f Devri\u2019nden Kitab\u0131 Mukaddes\u2019in kanonla\u015ft\u0131r\u0131lmas\u0131na, matbaan\u0131n icad\u0131na, kitle ileti\u015fim ara\u00e7lar\u0131n\u0131n geli\u015fimine ve son d\u00f6nemlerde pop\u00fclizmin yeniden do\u011fu\u015funa tan\u0131kl\u0131k ettiren Harari, bilgiyle ger\u00e7ek, b\u00fcrokrasiyle mitoloji, bilgelikle otorite aras\u0131ndaki karma\u015f\u0131k ili\u015fkiyi sorgulamaya te\u015fvik ediyor. Roma \u0130mparatorlu\u011fu, Katolik Kilisesi ve Sovyetler Birli\u011fi gibi sistemlerin iyi ya da k\u00f6t\u00fc, hedeflerine ula\u015fmak i\u00e7in bilgiyi nas\u0131l kulland\u0131\u011f\u0131n\u0131 \u00f6rneklerle inceliyor. Ve insand\u0131\u015f\u0131 zek\u00e2n\u0131n varl\u0131\u011f\u0131m\u0131z\u0131 tehdit etti\u011fi bu d\u00f6nemde, her \u015fey i\u00e7in \u00e7ok ge\u00e7 olmadan neler yapabilece\u011fimizi tart\u0131\u015f\u0131yor.   Bilgi ne ger\u00e7e\u011fin hammaddesi ne de sadece bir silaht\u0131r. Neksus yelpazenin bu iki ucu aras\u0131ndaki umut dolu orta yolu ararken bir yandan biz insanlar\u0131n ortak miras\u0131n\u0131 yeniden ke\u015ffediyor. <\/p>\n","protected":false},"excerpt":{"rendered":"<p>Hik\u00e2yeler bizi birle\u015ftirdi. Kitaplar d\u00fc\u015f\u00fcncelerimizi ve mitolojilerimizi yayd\u0131. \u0130nternet bize sonsuz bilgiyi vaat etti. Algoritma s\u0131rlar\u0131m\u0131z\u0131 \u00f6\u011frendi. Sonra da bizi birbirimize d\u00fc\u015fman etti. Peki yapay zek\u00e2<span class=\"excerpt-hellip\"> [\u2026]<\/span><\/p>\n","protected":false},"featured_media":0,"template":"","meta":{"_monsterinsights_skip_tracking":false,"_monsterinsights_sitenote_active":false,"_monsterinsights_sitenote_note":"","_monsterinsights_sitenote_category":0},"product_brand":[],"product_cat":[12305,12304],"product_tag":[],"class_list":{"0":"post-764515","1":"product","2":"type-product","3":"status-publish","5":"product_cat-dunya-tarihi","6":"product_cat-tarih","7":"pa_cilt-ciltsiz","8":"pa_tur-kitap","9":"pa_yayinevi-kolektif-kitap","10":"pa_yazar-yuval-noah-harari","12":"first","13":"instock","14":"sale","15":"shipping-taxable","16":"purchasable","17":"product-type-simple"},"_links":{"self":[{"href":"https:\/\/roveyayinevi.com.tr\/index.php\/wp-json\/wp\/v2\/product\/764515","targetHints":{"allow":["GET"]}}],"collection":[{"href":"https:\/\/roveyayinevi.com.tr\/index.php\/wp-json\/wp\/v2\/product"}],"about":[{"href":"https:\/\/roveyayinevi.com.tr\/index.php\/wp-json\/wp\/v2\/types\/product"}],"wp:attachment":[{"href":"https:\/\/roveyayinevi.com.tr\/index.php\/wp-json\/wp\/v2\/media?parent=764515"}],"wp:term":[{"taxonomy":"product_brand","embeddable":true,"href":"https:\/\/roveyayinevi.com.tr\/index.php\/wp-json\/wp\/v2\/product_brand?post=764515"},{"taxonomy":"product_cat","embeddable":true,"href":"https:\/\/roveyayinevi.com.tr\/index.php\/wp-json\/wp\/v2\/product_cat?post=764515"},{"taxonomy":"product_tag","embeddable":true,"href":"https:\/\/roveyayinevi.com.tr\/index.php\/wp-json\/wp\/v2\/product_tag?post=764515"}],"curies":[{"name":"wp","href":"https:\/\/api.w.org\/{rel}","templated":true}]}}