{"id":764510,"date":"2025-08-28T11:12:50","date_gmt":"2025-08-28T08:12:50","guid":{"rendered":"https:\/\/roveyayinevi.com.tr\/index.php\/urun\/kapitalizmin-gelecegi\/"},"modified":"2026-04-15T03:30:21","modified_gmt":"2026-04-15T00:30:21","slug":"kapitalizmin-gelecegi","status":"publish","type":"product","link":"https:\/\/roveyayinevi.com.tr\/index.php\/urun\/kapitalizmin-gelecegi\/","title":{"rendered":"Kapitalizmin Gelece\u011fi"},"content":{"rendered":"<p>\u201cKapitalizmin y\u00f6netilmesi gerekiyor, yenilgiye u\u011frat\u0131lmas\u0131 de\u011fil.\u201d   Kapitalizmin gelece\u011fi, \u00e7ok konu\u015fulan, \u00e7ok tart\u0131\u015f\u0131lan, \u00fczerine yaz\u0131l\u0131p \u00e7izilen bir konu. Collier ise bunca yaz\u0131lan \u00e7izilen aras\u0131nda, sistemin sorunlar\u0131n\u0131 temelden ele al\u0131yor; gerek b\u00fcy\u00fcd\u00fc\u011f\u00fc kasaba gerekse aile \u00fcyeleriyle ya\u015fad\u0131\u011f\u0131 ayr\u0131mlardan ve az geli\u015fmi\u015f \u00fclkelerde yapt\u0131\u011f\u0131 ara\u015ft\u0131rmalardan \u00f6rnekler vererek okuyucuyla s\u0131k\u0131 bir ba\u011f kuruyor.   Kitab\u0131n temeline, Adam Smith\u2019ten g\u00fcn\u00fcm\u00fcze de\u011fin uzanan rasyonel \u201ciktisadi insan\u201d kavram\u0131n\u0131 bir kenara b\u0131rakarak, asl\u0131nda Smith\u2019in Ahlaki Duygular Kuram\u0131\u2019nda vurgusunu yapt\u0131\u011f\u0131 \u00f6zelliklere sahip \u201ctoplumsal insan\u201d\u0131 konumland\u0131r\u0131yor; toplumsal insan\u0131n kar\u015f\u0131l\u0131kl\u0131l\u0131k ilkesine dayanarak belli ba\u015fl\u0131 \u00f6devlere sahip oldu\u011funu vurguluyor. \u0130ktisadi insan\u0131n, faydac\u0131 ve \u00f6zg\u00fcrl\u00fck\u00e7\u00fc geli\u015fiminin, asl\u0131nda kapitalizme zarar verdi\u011fini belirtiyor. Ta\u015fra ile kent, az e\u011fitimli ile iyi e\u011fitimli, i\u015f\u00e7i s\u0131n\u0131f\u0131 ile rant avc\u0131lar\u0131 aras\u0131ndaki derin ayr\u0131\u015fman\u0131n izlerini s\u00fcr\u00fcyor.   Collier, politik mekanizmalar\u0131n de\u011fi\u015fimini \u00f6nerirken, zekice tasarlanm\u0131\u015f uygulamalar\u0131n \u00f6rneklerini vermeden ge\u00e7miyor. T\u00fcm bunlar\u0131 yaparken, kli\u015feden, pop\u00fclizmden ve ideolojilerden uzak bir anlat\u0131m sunuyor. Bu da kitab\u0131 e\u015fsiz k\u0131l\u0131yor.  <\/p>\n","protected":false},"excerpt":{"rendered":"<p>\u201cKapitalizmin y\u00f6netilmesi gerekiyor, yenilgiye u\u011frat\u0131lmas\u0131 de\u011fil.\u201d Kapitalizmin gelece\u011fi, \u00e7ok konu\u015fulan, \u00e7ok tart\u0131\u015f\u0131lan, \u00fczerine yaz\u0131l\u0131p \u00e7izilen bir konu. Collier ise bunca yaz\u0131lan \u00e7izilen aras\u0131nda, sistemin sorunlar\u0131n\u0131 temelden<span class=\"excerpt-hellip\"> [\u2026]<\/span><\/p>\n","protected":false},"featured_media":0,"template":"","meta":{"_monsterinsights_skip_tracking":false,"_monsterinsights_sitenote_active":false,"_monsterinsights_sitenote_note":"","_monsterinsights_sitenote_category":0},"product_brand":[],"product_cat":[13043],"product_tag":[],"class_list":{"0":"post-764510","1":"product","2":"type-product","3":"status-publish","5":"product_cat-ekonomi","6":"pa_cilt-ciltsiz","7":"pa_tur-kitap","8":"pa_yayinevi-efil-yayinevi","9":"pa_yazar-paul-collier","11":"first","12":"instock","13":"sale","14":"shipping-taxable","15":"purchasable","16":"product-type-simple"},"_links":{"self":[{"href":"https:\/\/roveyayinevi.com.tr\/index.php\/wp-json\/wp\/v2\/product\/764510","targetHints":{"allow":["GET"]}}],"collection":[{"href":"https:\/\/roveyayinevi.com.tr\/index.php\/wp-json\/wp\/v2\/product"}],"about":[{"href":"https:\/\/roveyayinevi.com.tr\/index.php\/wp-json\/wp\/v2\/types\/product"}],"wp:attachment":[{"href":"https:\/\/roveyayinevi.com.tr\/index.php\/wp-json\/wp\/v2\/media?parent=764510"}],"wp:term":[{"taxonomy":"product_brand","embeddable":true,"href":"https:\/\/roveyayinevi.com.tr\/index.php\/wp-json\/wp\/v2\/product_brand?post=764510"},{"taxonomy":"product_cat","embeddable":true,"href":"https:\/\/roveyayinevi.com.tr\/index.php\/wp-json\/wp\/v2\/product_cat?post=764510"},{"taxonomy":"product_tag","embeddable":true,"href":"https:\/\/roveyayinevi.com.tr\/index.php\/wp-json\/wp\/v2\/product_tag?post=764510"}],"curies":[{"name":"wp","href":"https:\/\/api.w.org\/{rel}","templated":true}]}}