{"id":764509,"date":"2025-08-28T11:12:49","date_gmt":"2025-08-28T08:12:49","guid":{"rendered":"https:\/\/roveyayinevi.com.tr\/index.php\/urun\/yesil-cadi-kehanet-destesi\/"},"modified":"2026-04-15T03:30:21","modified_gmt":"2026-04-15T00:30:21","slug":"yesil-cadi-kehanet-destesi","status":"publish","type":"product","link":"https:\/\/roveyayinevi.com.tr\/index.php\/urun\/yesil-cadi-kehanet-destesi\/","title":{"rendered":"Ye\u015fil Cad\u0131 Kehanet Destesi"},"content":{"rendered":"<p>Do\u011fan\u0131n Bilgeli\u011fi ile Sihir \u00c7al\u0131\u015fmalar\u0131n\u0131za Y\u00f6n Verin! Sizi do\u011fan\u0131n bilgeli\u011fi ve Ye\u015fil Cad\u0131l\u0131\u011f\u0131n b\u00fcy\u00fcleyici \u00e2lemiyle bulu\u015fturmak \u00fczere tasarlanm\u0131\u015f mistik bir ara\u00e7 olan Ye\u015fil Cad\u0131 Kehanet Destesi ile tan\u0131\u015fmaya ve onunla d\u00f6n\u00fc\u015ft\u00fcr\u00fcc\u00fc bir yolculu\u011fa \u00e7\u0131kmaya haz\u0131r m\u0131s\u0131n\u0131z? Bu destedeki birbirinden g\u00fczel resimlerle bezeli kartlar\u0131n her biri botanik harikalar, kadim semboller ve mistik varl\u0131klardan olu\u015fan bir goblen ortaya \u00e7\u0131kararak spirit\u00fcel yolculu\u011funuz i\u00e7in derin i\u00e7g\u00f6r\u00fcler ve rehberlik sunuyor. B\u0131rak\u0131n Ye\u015fil Cad\u0131 Kehanet Destesi \u015fifan\u0131n, hayalleri ger\u00e7ekle\u015ftirmenin ve sezgisel geli\u015fimin s\u0131rlar\u0131n\u0131 a\u00e7\u0131\u011fa \u00e7\u0131kars\u0131n. \u0130ster deneyimli bir cad\u0131, ister merakl\u0131 bir aray\u0131\u015f\u00e7\u0131 olun, bu deste insan ile do\u011fal \u00e2lemler aras\u0131nda k\u00f6pr\u00fc kurman\u0131za yard\u0131mc\u0131 olacak, do\u011fan\u0131n \u00f6\u011fe \u00f6geleri ve onlar\u0131n i\u00e7inde ya\u015fayan ruhlarla derin bir ba\u011f kurman\u0131z\u0131 sa\u011flayacakt\u0131r. <\/p>\n","protected":false},"excerpt":{"rendered":"<p>Do\u011fan\u0131n Bilgeli\u011fi ile Sihir \u00c7al\u0131\u015fmalar\u0131n\u0131za Y\u00f6n Verin! Sizi do\u011fan\u0131n bilgeli\u011fi ve Ye\u015fil Cad\u0131l\u0131\u011f\u0131n b\u00fcy\u00fcleyici \u00e2lemiyle bulu\u015fturmak \u00fczere tasarlanm\u0131\u015f mistik bir ara\u00e7 olan Ye\u015fil Cad\u0131 Kehanet Destesi<span class=\"excerpt-hellip\"> [\u2026]<\/span><\/p>\n","protected":false},"featured_media":0,"template":"","meta":{"_monsterinsights_skip_tracking":false,"_monsterinsights_sitenote_active":false,"_monsterinsights_sitenote_note":"","_monsterinsights_sitenote_category":0},"product_brand":[],"product_cat":[12364],"product_tag":[],"class_list":{"0":"post-764509","1":"product","2":"type-product","3":"status-publish","5":"product_cat-genel-konular","6":"pa_cilt-ciltsiz","7":"pa_tur-kitap","8":"pa_yayinevi-butik-yayinlari","9":"pa_yazar-arin-murphy-hiscock","11":"first","12":"instock","13":"sale","14":"shipping-taxable","15":"purchasable","16":"product-type-simple"},"_links":{"self":[{"href":"https:\/\/roveyayinevi.com.tr\/index.php\/wp-json\/wp\/v2\/product\/764509","targetHints":{"allow":["GET"]}}],"collection":[{"href":"https:\/\/roveyayinevi.com.tr\/index.php\/wp-json\/wp\/v2\/product"}],"about":[{"href":"https:\/\/roveyayinevi.com.tr\/index.php\/wp-json\/wp\/v2\/types\/product"}],"wp:attachment":[{"href":"https:\/\/roveyayinevi.com.tr\/index.php\/wp-json\/wp\/v2\/media?parent=764509"}],"wp:term":[{"taxonomy":"product_brand","embeddable":true,"href":"https:\/\/roveyayinevi.com.tr\/index.php\/wp-json\/wp\/v2\/product_brand?post=764509"},{"taxonomy":"product_cat","embeddable":true,"href":"https:\/\/roveyayinevi.com.tr\/index.php\/wp-json\/wp\/v2\/product_cat?post=764509"},{"taxonomy":"product_tag","embeddable":true,"href":"https:\/\/roveyayinevi.com.tr\/index.php\/wp-json\/wp\/v2\/product_tag?post=764509"}],"curies":[{"name":"wp","href":"https:\/\/api.w.org\/{rel}","templated":true}]}}