{"id":764508,"date":"2025-08-28T11:12:48","date_gmt":"2025-08-28T08:12:48","guid":{"rendered":"https:\/\/roveyayinevi.com.tr\/index.php\/urun\/sihirde-ustalasmak\/"},"modified":"2026-04-15T03:30:20","modified_gmt":"2026-04-15T00:30:20","slug":"sihirde-ustalasmak","status":"publish","type":"product","link":"https:\/\/roveyayinevi.com.tr\/index.php\/urun\/sihirde-ustalasmak\/","title":{"rendered":"Sihirde Ustala\u015fmak"},"content":{"rendered":"<p>\u201cMat, ki\u015fisel bir sihir prati\u011fi geli\u015ftirme yolculu\u011funu herkes i\u00e7in eri\u015filebilir, g\u00fc\u00e7l\u00fc ve hatta cesurca s\u00f6yleyebilirim ki e\u011flenceli hale getiriyor.\u201d \u2014Rachel True, oyuncu ve True Heart Intuitive Tarot kitab\u0131n\u0131n yazar\u0131   \u00c7ok satan yazar Mat Auryn ile birlikte son derece ki\u015fisel ve ruhun derinliklerinden gelen sihirler yarat\u0131n.   T\u00fcm d\u00fcnyada b\u00fcy\u00fck be\u011feni toplayan ve \u00e7ok satan Psi\u015fik Cad\u0131\u2019n\u0131n yazar\u0131 Mat Auryn bu kitapta sizi psi\u015fik yeteneklerinizi geli\u015ftirirken sihrin derin gizemlerini ke\u015ffedece\u011finiz spirit\u00fcel bir yolculu\u011fa davet ediyor. Psi\u015fik Cad\u0131 kitab\u0131n\u0131 bir anlamda tamamlayan bu \u00e7\u0131\u011f\u0131r a\u00e7\u0131c\u0131 kitap, g\u00f6r\u00fcnen ve g\u00f6r\u00fcnmeyen \u00e2lemler aras\u0131nda k\u00f6pr\u00fc kurmaya adanm\u0131\u015f 60\u2019tan fazla sihir uygulamas\u0131 i\u00e7eriyor. Cad\u0131 gere\u00e7leri, elementler, Ay evreleri, mevsimsel enerjiler ve g\u00f6k cisimleri gibi temel unsurlarla ba\u011flant\u0131 kurmak i\u00e7in y\u00f6ntemler\u2026 Psi\u015fik bir cad\u0131 olmak i\u00e7in ihtiya\u00e7 duyaca\u011f\u0131n\u0131z her \u015fey var bu kitapta. Sihirde Ustala\u015fmak en e\u011flenceli yolla sihir \u00e7al\u0131\u015fmalar\u0131n\u0131n mekani\u011fini ve sihir yetene\u011finizi nas\u0131l daha etkili hale getirece\u011finizi \u00f6\u011fretiyor. Mat\u2019in kendi denenmi\u015f ve do\u011frulanm\u0131\u015f sihirlerine ek olarak bu kitap Christopher Penczak, Judika Illes, Juliet Diaz, Storm Faerywolf, Laura Tempest Zakroff, Devin Hunter, Madam Pamita ve bir\u00e7ok tan\u0131nm\u0131\u015f cad\u0131 ve sihir uygulay\u0131c\u0131s\u0131ndan gelen bir d\u00fczineden fazla sihir y\u00f6ntemi de i\u00e7eriyor.   \u201cSihirde Ustala\u015fmak, ger\u00e7ekten istedi\u011finiz hayat\u0131 \u2013ne\u015fe, g\u00fc\u00e7 ve sevgiyle dolu bir ya\u015fam\u0131\u2013 nas\u0131l yarataca\u011f\u0131n\u0131z konusunda net bir y\u00f6n veriyor\u2026 \u0130\u015fte hepimizin ilahi ba\u011flant\u0131ya ve bilgeli\u011fe ihtiya\u00e7 duydu\u011fu bir zamanda \u015fifa veren bir kitap.\u201d \u2014Damien Echols, Ritual and High Magick kitab\u0131n\u0131n yazar\u0131 <\/p>\n","protected":false},"excerpt":{"rendered":"<p>\u201cMat, ki\u015fisel bir sihir prati\u011fi geli\u015ftirme yolculu\u011funu herkes i\u00e7in eri\u015filebilir, g\u00fc\u00e7l\u00fc ve hatta cesurca s\u00f6yleyebilirim ki e\u011flenceli hale getiriyor.\u201d \u2014Rachel True, oyuncu ve True Heart Intuitive<span class=\"excerpt-hellip\"> [\u2026]<\/span><\/p>\n","protected":false},"featured_media":0,"template":"","meta":{"_monsterinsights_skip_tracking":false,"_monsterinsights_sitenote_active":false,"_monsterinsights_sitenote_note":"","_monsterinsights_sitenote_category":0},"product_brand":[],"product_cat":[12364,12376],"product_tag":[],"class_list":{"0":"post-764508","1":"product","2":"type-product","3":"status-publish","5":"product_cat-genel-konular","6":"product_cat-kisisel-gelisim","7":"pa_cilt-ciltsiz","8":"pa_tur-kitap","9":"pa_yayinevi-butik-yayinlari","10":"pa_yazar-mat-auryn","12":"first","13":"instock","14":"sale","15":"shipping-taxable","16":"purchasable","17":"product-type-simple"},"_links":{"self":[{"href":"https:\/\/roveyayinevi.com.tr\/index.php\/wp-json\/wp\/v2\/product\/764508","targetHints":{"allow":["GET"]}}],"collection":[{"href":"https:\/\/roveyayinevi.com.tr\/index.php\/wp-json\/wp\/v2\/product"}],"about":[{"href":"https:\/\/roveyayinevi.com.tr\/index.php\/wp-json\/wp\/v2\/types\/product"}],"wp:attachment":[{"href":"https:\/\/roveyayinevi.com.tr\/index.php\/wp-json\/wp\/v2\/media?parent=764508"}],"wp:term":[{"taxonomy":"product_brand","embeddable":true,"href":"https:\/\/roveyayinevi.com.tr\/index.php\/wp-json\/wp\/v2\/product_brand?post=764508"},{"taxonomy":"product_cat","embeddable":true,"href":"https:\/\/roveyayinevi.com.tr\/index.php\/wp-json\/wp\/v2\/product_cat?post=764508"},{"taxonomy":"product_tag","embeddable":true,"href":"https:\/\/roveyayinevi.com.tr\/index.php\/wp-json\/wp\/v2\/product_tag?post=764508"}],"curies":[{"name":"wp","href":"https:\/\/api.w.org\/{rel}","templated":true}]}}