{"id":764499,"date":"2025-08-28T11:12:36","date_gmt":"2025-08-28T08:12:36","guid":{"rendered":"https:\/\/roveyayinevi.com.tr\/index.php\/urun\/totalitarizm-caginda-psikanaliz\/"},"modified":"2026-04-15T03:30:20","modified_gmt":"2026-04-15T00:30:20","slug":"totalitarizm-caginda-psikanaliz","status":"publish","type":"product","link":"https:\/\/roveyayinevi.com.tr\/index.php\/urun\/totalitarizm-caginda-psikanaliz\/","title":{"rendered":"Totalitarizm \u00c7a\u011f\u0131nda Psikanaliz"},"content":{"rendered":"<p>Totalitarizm \u00c7a\u011f\u0131nda Psikanaliz, yirminci y\u00fczy\u0131lda serpilen fa\u015fizm, Nazizm ve so\u011fuk sava\u015f ideolojileriyle psikanalitik d\u00fc\u015f\u00fcnce aras\u0131ndaki karma\u015f\u0131k etkile\u015fimi soru\u015fturan son derece g\u00fc\u00e7l\u00fc makalelerden olu\u015fuyor.Bir zamanlar\u0131n \u2018konu\u015fma tedavisi\u2019 totaliter ideolojilerin sanca\u011f\u0131 alt\u0131nda nas\u0131l bir metamorfoz ge\u00e7irdi? Psikanaliz, d\u00f6neminin siyasi rejimlerinin ihtiya\u00e7lar\u0131na nas\u0131l cevaplar verdi? \u0130lk bak\u0131\u015fta steril bir entelekt\u00fcel faaliyet gibi g\u00f6r\u00fcnen psikanalizin konjonkt\u00fcrel ser\u00fcvenini incelemek isteyenlerin bu kitaptan edinece\u011fi \u00e7ok \u015fey var. <\/p>\n","protected":false},"excerpt":{"rendered":"<p>Totalitarizm \u00c7a\u011f\u0131nda Psikanaliz, yirminci y\u00fczy\u0131lda serpilen fa\u015fizm, Nazizm ve so\u011fuk sava\u015f ideolojileriyle psikanalitik d\u00fc\u015f\u00fcnce aras\u0131ndaki karma\u015f\u0131k etkile\u015fimi soru\u015fturan son derece g\u00fc\u00e7l\u00fc makalelerden olu\u015fuyor.Bir zamanlar\u0131n \u2018konu\u015fma tedavisi\u2019<span class=\"excerpt-hellip\"> [\u2026]<\/span><\/p>\n","protected":false},"featured_media":0,"template":"","meta":{"_monsterinsights_skip_tracking":false,"_monsterinsights_sitenote_active":false,"_monsterinsights_sitenote_note":"","_monsterinsights_sitenote_category":0},"product_brand":[],"product_cat":[12357],"product_tag":[],"class_list":{"0":"post-764499","1":"product","2":"type-product","3":"status-publish","5":"product_cat-psikoloji","6":"pa_cilt-ciltsiz","7":"pa_tur-kitap","8":"pa_yayinevi-okuyan-us-yayin","9":"pa_yazar-matt-ffytche-daniel-pick","11":"first","12":"instock","13":"sale","14":"shipping-taxable","15":"purchasable","16":"product-type-simple"},"_links":{"self":[{"href":"https:\/\/roveyayinevi.com.tr\/index.php\/wp-json\/wp\/v2\/product\/764499","targetHints":{"allow":["GET"]}}],"collection":[{"href":"https:\/\/roveyayinevi.com.tr\/index.php\/wp-json\/wp\/v2\/product"}],"about":[{"href":"https:\/\/roveyayinevi.com.tr\/index.php\/wp-json\/wp\/v2\/types\/product"}],"wp:attachment":[{"href":"https:\/\/roveyayinevi.com.tr\/index.php\/wp-json\/wp\/v2\/media?parent=764499"}],"wp:term":[{"taxonomy":"product_brand","embeddable":true,"href":"https:\/\/roveyayinevi.com.tr\/index.php\/wp-json\/wp\/v2\/product_brand?post=764499"},{"taxonomy":"product_cat","embeddable":true,"href":"https:\/\/roveyayinevi.com.tr\/index.php\/wp-json\/wp\/v2\/product_cat?post=764499"},{"taxonomy":"product_tag","embeddable":true,"href":"https:\/\/roveyayinevi.com.tr\/index.php\/wp-json\/wp\/v2\/product_tag?post=764499"}],"curies":[{"name":"wp","href":"https:\/\/api.w.org\/{rel}","templated":true}]}}