{"id":764497,"date":"2025-08-28T11:12:32","date_gmt":"2025-08-28T08:12:32","guid":{"rendered":"https:\/\/roveyayinevi.com.tr\/index.php\/urun\/sen-hazirsan-basliyoruz-gokyuzu-ciltli\/"},"modified":"2026-04-15T03:30:20","modified_gmt":"2026-04-15T00:30:20","slug":"sen-hazirsan-basliyoruz-gokyuzu-ciltli","status":"publish","type":"product","link":"https:\/\/roveyayinevi.com.tr\/index.php\/urun\/sen-hazirsan-basliyoruz-gokyuzu-ciltli\/","title":{"rendered":"Sen Haz\u0131rsan Ba\u015fl\u0131yoruz! G\u00f6ky\u00fcz\u00fc (Ciltli)"},"content":{"rendered":"<p>Haydi, g\u00f6ky\u00fcz\u00fcnde gezintiye \u00e7\u0131kal\u0131m veara\u00e7lar\u0131 tan\u0131maya ba\u015flayal\u0131m! Her bir arac\u0131n i\u00e7ini g\u00f6rmek i\u00e7in par\u00e7alar\u0131 kald\u0131r\u0131nveya bir ara\u00e7 yapbozu olu\u015fturmak i\u00e7inpar\u00e7alar\u0131 birle\u015ftirin!<\/p>\n","protected":false},"excerpt":{"rendered":"<p>Haydi, g\u00f6ky\u00fcz\u00fcnde gezintiye \u00e7\u0131kal\u0131m veara\u00e7lar\u0131 tan\u0131maya ba\u015flayal\u0131m! Her bir arac\u0131n i\u00e7ini g\u00f6rmek i\u00e7in par\u00e7alar\u0131 kald\u0131r\u0131nveya bir ara\u00e7 yapbozu olu\u015fturmak i\u00e7inpar\u00e7alar\u0131 birle\u015ftirin!<\/p>\n","protected":false},"featured_media":0,"template":"","meta":{"_monsterinsights_skip_tracking":false,"_monsterinsights_sitenote_active":false,"_monsterinsights_sitenote_note":"","_monsterinsights_sitenote_category":0},"product_brand":[],"product_cat":[12274,90558],"product_tag":[],"class_list":{"0":"post-764497","1":"product","2":"type-product","3":"status-publish","5":"product_cat-cocuk-ve-genclik-kitaplari","6":"product_cat-yapboz-kitaplari","7":"pa_cilt-ciltli","8":"pa_tur-kitap","9":"pa_yayinevi-ucan-fil-yayinlari","10":"pa_yazar-rebecca-weerasekera","12":"first","13":"instock","14":"sale","15":"shipping-taxable","16":"purchasable","17":"product-type-simple"},"_links":{"self":[{"href":"https:\/\/roveyayinevi.com.tr\/index.php\/wp-json\/wp\/v2\/product\/764497","targetHints":{"allow":["GET"]}}],"collection":[{"href":"https:\/\/roveyayinevi.com.tr\/index.php\/wp-json\/wp\/v2\/product"}],"about":[{"href":"https:\/\/roveyayinevi.com.tr\/index.php\/wp-json\/wp\/v2\/types\/product"}],"wp:attachment":[{"href":"https:\/\/roveyayinevi.com.tr\/index.php\/wp-json\/wp\/v2\/media?parent=764497"}],"wp:term":[{"taxonomy":"product_brand","embeddable":true,"href":"https:\/\/roveyayinevi.com.tr\/index.php\/wp-json\/wp\/v2\/product_brand?post=764497"},{"taxonomy":"product_cat","embeddable":true,"href":"https:\/\/roveyayinevi.com.tr\/index.php\/wp-json\/wp\/v2\/product_cat?post=764497"},{"taxonomy":"product_tag","embeddable":true,"href":"https:\/\/roveyayinevi.com.tr\/index.php\/wp-json\/wp\/v2\/product_tag?post=764497"}],"curies":[{"name":"wp","href":"https:\/\/api.w.org\/{rel}","templated":true}]}}