{"id":764493,"date":"2025-08-28T11:12:24","date_gmt":"2025-08-28T08:12:24","guid":{"rendered":"https:\/\/roveyayinevi.com.tr\/index.php\/urun\/yap-boz-karistir-doga-ciltli\/"},"modified":"2026-04-15T03:30:20","modified_gmt":"2026-04-15T00:30:20","slug":"yap-boz-karistir-doga-ciltli","status":"publish","type":"product","link":"https:\/\/roveyayinevi.com.tr\/index.php\/urun\/yap-boz-karistir-doga-ciltli\/","title":{"rendered":"Yap Boz Kar\u0131\u015ft\u0131r Do\u011fa (Ciltli)"},"content":{"rendered":"<p>Kar\u0131\u015ft\u0131r\u0131p tekrar bir araya getirebilece\u011finizYapbozlardaki sevimli hayvanlar\u0131 ke\u015ffedin.  Do\u011fadaki hayvanlar\u0131 \u00f6\u011fren.Ayr\u0131ca her sayfada bulunan k\u00fc\u00e7\u00fcktukan\u0131 g\u00f6sterebilir misin?<\/p>\n","protected":false},"excerpt":{"rendered":"<p>Kar\u0131\u015ft\u0131r\u0131p tekrar bir araya getirebilece\u011finizYapbozlardaki sevimli hayvanlar\u0131 ke\u015ffedin. Do\u011fadaki hayvanlar\u0131 \u00f6\u011fren.Ayr\u0131ca her sayfada bulunan k\u00fc\u00e7\u00fcktukan\u0131 g\u00f6sterebilir misin?<\/p>\n","protected":false},"featured_media":0,"template":"","meta":{"_monsterinsights_skip_tracking":false,"_monsterinsights_sitenote_active":false,"_monsterinsights_sitenote_note":"","_monsterinsights_sitenote_category":0},"product_brand":[],"product_cat":[12274,90558],"product_tag":[],"class_list":{"0":"post-764493","1":"product","2":"type-product","3":"status-publish","5":"product_cat-cocuk-ve-genclik-kitaplari","6":"product_cat-yapboz-kitaplari","7":"pa_cilt-ciltli","8":"pa_tur-kitap","9":"pa_yayinevi-ucan-fil-yayinlari","10":"pa_yazar-rebecca-weerasekera","12":"first","13":"instock","14":"sale","15":"shipping-taxable","16":"purchasable","17":"product-type-simple"},"_links":{"self":[{"href":"https:\/\/roveyayinevi.com.tr\/index.php\/wp-json\/wp\/v2\/product\/764493","targetHints":{"allow":["GET"]}}],"collection":[{"href":"https:\/\/roveyayinevi.com.tr\/index.php\/wp-json\/wp\/v2\/product"}],"about":[{"href":"https:\/\/roveyayinevi.com.tr\/index.php\/wp-json\/wp\/v2\/types\/product"}],"wp:attachment":[{"href":"https:\/\/roveyayinevi.com.tr\/index.php\/wp-json\/wp\/v2\/media?parent=764493"}],"wp:term":[{"taxonomy":"product_brand","embeddable":true,"href":"https:\/\/roveyayinevi.com.tr\/index.php\/wp-json\/wp\/v2\/product_brand?post=764493"},{"taxonomy":"product_cat","embeddable":true,"href":"https:\/\/roveyayinevi.com.tr\/index.php\/wp-json\/wp\/v2\/product_cat?post=764493"},{"taxonomy":"product_tag","embeddable":true,"href":"https:\/\/roveyayinevi.com.tr\/index.php\/wp-json\/wp\/v2\/product_tag?post=764493"}],"curies":[{"name":"wp","href":"https:\/\/api.w.org\/{rel}","templated":true}]}}