{"id":764491,"date":"2025-08-28T11:12:20","date_gmt":"2025-08-28T08:12:20","guid":{"rendered":"https:\/\/roveyayinevi.com.tr\/index.php\/urun\/sukut-kusu\/"},"modified":"2026-04-15T03:30:19","modified_gmt":"2026-04-15T00:30:19","slug":"sukut-kusu","status":"publish","type":"product","link":"https:\/\/roveyayinevi.com.tr\/index.php\/urun\/sukut-kusu\/","title":{"rendered":"S\u00fckut Ku\u015fu"},"content":{"rendered":"<p>S\u00fckut Ku\u015fuYa\u011fmurun damarlar\u0131nda buluttan r\u00fcyaSa\u00e7lar\u0131n r\u00fczg\u00e2r at\u0131, g\u00f6zlerin lunapark.Ellerinde renklenir mutluluk kokan d\u00fcnyaEllerin, i\u00e7imdeki \u00e7ocu\u011fun salland\u0131\u011f\u0131 sal\u0131ncak&#8230;G\u00f6zlerinden tema\u015fa ederim renkleri,G\u00f6zlerin ki ellerin gibi \u00f6zel&#8230;G\u00f6zlerin ki gecemi g\u00fcnd\u00fcz eyleyen y\u0131ld\u0131z&#8230;G\u00f6zlerinden gayr\u0131 bana her yer \u0131ss\u0131z.Ya\u011fmursun, bereketin g\u00fcl\u00fc\u015f\u00fcnde gizli.Bilmiyorsan da \u00f6\u011fren s\u00fck\u00fbt ku\u015fumS\u00fck\u00fbt, senden al\u0131r g\u00fczelli\u011fini.Bak\u0131\u015f\u0131n sonsuzlu\u011fu mu\u015ftulayan kap\u0131Kalbinden gayr\u0131s\u0131 ruhuma yabanc\u0131.Mehmet Nuri Parmaks\u0131z<\/p>\n","protected":false},"excerpt":{"rendered":"<p>S\u00fckut Ku\u015fuYa\u011fmurun damarlar\u0131nda buluttan r\u00fcyaSa\u00e7lar\u0131n r\u00fczg\u00e2r at\u0131, g\u00f6zlerin lunapark.Ellerinde renklenir mutluluk kokan d\u00fcnyaEllerin, i\u00e7imdeki \u00e7ocu\u011fun salland\u0131\u011f\u0131 sal\u0131ncak&#8230;G\u00f6zlerinden tema\u015fa ederim renkleri,G\u00f6zlerin ki ellerin gibi \u00f6zel&#8230;G\u00f6zlerin ki gecemi<span class=\"excerpt-hellip\"> [\u2026]<\/span><\/p>\n","protected":false},"featured_media":0,"template":"","meta":{"_monsterinsights_skip_tracking":false,"_monsterinsights_sitenote_active":false,"_monsterinsights_sitenote_note":"","_monsterinsights_sitenote_category":0},"product_brand":[],"product_cat":[12291,12509],"product_tag":[],"class_list":{"0":"post-764491","1":"product","2":"type-product","3":"status-publish","5":"product_cat-edebiyat","6":"product_cat-siir","7":"pa_cilt-ciltsiz","8":"pa_tur-kitap","9":"pa_yayinevi-bilgekut-yayinlari","10":"pa_yazar-mehmet-nuri-parmaksiz","12":"first","13":"instock","14":"sale","15":"shipping-taxable","16":"purchasable","17":"product-type-simple"},"_links":{"self":[{"href":"https:\/\/roveyayinevi.com.tr\/index.php\/wp-json\/wp\/v2\/product\/764491","targetHints":{"allow":["GET"]}}],"collection":[{"href":"https:\/\/roveyayinevi.com.tr\/index.php\/wp-json\/wp\/v2\/product"}],"about":[{"href":"https:\/\/roveyayinevi.com.tr\/index.php\/wp-json\/wp\/v2\/types\/product"}],"wp:attachment":[{"href":"https:\/\/roveyayinevi.com.tr\/index.php\/wp-json\/wp\/v2\/media?parent=764491"}],"wp:term":[{"taxonomy":"product_brand","embeddable":true,"href":"https:\/\/roveyayinevi.com.tr\/index.php\/wp-json\/wp\/v2\/product_brand?post=764491"},{"taxonomy":"product_cat","embeddable":true,"href":"https:\/\/roveyayinevi.com.tr\/index.php\/wp-json\/wp\/v2\/product_cat?post=764491"},{"taxonomy":"product_tag","embeddable":true,"href":"https:\/\/roveyayinevi.com.tr\/index.php\/wp-json\/wp\/v2\/product_tag?post=764491"}],"curies":[{"name":"wp","href":"https:\/\/api.w.org\/{rel}","templated":true}]}}