{"id":764490,"date":"2025-08-28T11:12:19","date_gmt":"2025-08-28T08:12:19","guid":{"rendered":"https:\/\/roveyayinevi.com.tr\/index.php\/urun\/milli-mucadele-edebiyatimiz\/"},"modified":"2026-04-15T03:30:19","modified_gmt":"2026-04-15T00:30:19","slug":"milli-mucadele-edebiyatimiz","status":"publish","type":"product","link":"https:\/\/roveyayinevi.com.tr\/index.php\/urun\/milli-mucadele-edebiyatimiz\/","title":{"rendered":"Milli M\u00fccadele Edebiyat\u0131m\u0131z"},"content":{"rendered":"<p>Bu eser, 1918-1922 y\u0131llar\u0131 aras\u0131nda \u0130tilaf Devletleri adlanan \u0130ngiltere, Fransa, \u0130talya, Yunanistan, Amerika taraf\u0131ndan i\u015fgal edilen vatan\u0131m\u0131z\u0131 kurtarmak i\u00e7in kutlu bir sava\u015f veren Kuva-y\u0131 Milliye m\u00fccahitlerinin Milli M\u00fccadelesinin T\u00fcrk edebiyat\u0131na nas\u0131l yans\u0131d\u0131\u011f\u0131n\u0131n incelendi\u011fi bir \u00e7al\u0131\u015fmad\u0131r. Milli M\u00fccadelemizin T\u00fcrk edebiyat\u0131n\u0131n \u015fiir, roman, hikaye, tiyatro ve s\u00f6ylev t\u00fcrlerinde nas\u0131l i\u015flendi\u011fini, konunun hangi boyutlar\u0131 \u00fczerinde duruldu\u011funu ele almaktad\u0131r.<\/p>\n","protected":false},"excerpt":{"rendered":"<p>Bu eser, 1918-1922 y\u0131llar\u0131 aras\u0131nda \u0130tilaf Devletleri adlanan \u0130ngiltere, Fransa, \u0130talya, Yunanistan, Amerika taraf\u0131ndan i\u015fgal edilen vatan\u0131m\u0131z\u0131 kurtarmak i\u00e7in kutlu bir sava\u015f veren Kuva-y\u0131 Milliye m\u00fccahitlerinin<span class=\"excerpt-hellip\"> [\u2026]<\/span><\/p>\n","protected":false},"featured_media":0,"template":"","meta":{"_monsterinsights_skip_tracking":false,"_monsterinsights_sitenote_active":false,"_monsterinsights_sitenote_note":"","_monsterinsights_sitenote_category":0},"product_brand":[],"product_cat":[12370,12304],"product_tag":[],"class_list":{"0":"post-764490","1":"product","2":"type-product","3":"status-publish","5":"product_cat-arastirma-inceleme","6":"product_cat-tarih","7":"pa_cilt-ciltsiz","8":"pa_tur-kitap","9":"pa_yayinevi-bilgekut-yayinlari","10":"pa_yazar-nurullah-cetin","12":"first","13":"instock","14":"sale","15":"shipping-taxable","16":"purchasable","17":"product-type-simple"},"_links":{"self":[{"href":"https:\/\/roveyayinevi.com.tr\/index.php\/wp-json\/wp\/v2\/product\/764490","targetHints":{"allow":["GET"]}}],"collection":[{"href":"https:\/\/roveyayinevi.com.tr\/index.php\/wp-json\/wp\/v2\/product"}],"about":[{"href":"https:\/\/roveyayinevi.com.tr\/index.php\/wp-json\/wp\/v2\/types\/product"}],"wp:attachment":[{"href":"https:\/\/roveyayinevi.com.tr\/index.php\/wp-json\/wp\/v2\/media?parent=764490"}],"wp:term":[{"taxonomy":"product_brand","embeddable":true,"href":"https:\/\/roveyayinevi.com.tr\/index.php\/wp-json\/wp\/v2\/product_brand?post=764490"},{"taxonomy":"product_cat","embeddable":true,"href":"https:\/\/roveyayinevi.com.tr\/index.php\/wp-json\/wp\/v2\/product_cat?post=764490"},{"taxonomy":"product_tag","embeddable":true,"href":"https:\/\/roveyayinevi.com.tr\/index.php\/wp-json\/wp\/v2\/product_tag?post=764490"}],"curies":[{"name":"wp","href":"https:\/\/api.w.org\/{rel}","templated":true}]}}