{"id":764485,"date":"2025-08-28T11:12:10","date_gmt":"2025-08-28T08:12:10","guid":{"rendered":"https:\/\/roveyayinevi.com.tr\/index.php\/urun\/delicesine\/"},"modified":"2026-04-15T03:30:19","modified_gmt":"2026-04-15T00:30:19","slug":"delicesine","status":"publish","type":"product","link":"https:\/\/roveyayinevi.com.tr\/index.php\/urun\/delicesine\/","title":{"rendered":"Delicesine"},"content":{"rendered":"<p>Re\u015fad Mecid, zaman\u0131n ruhunu yakalam\u0131\u015f bir yazar olarak, \u00e7a\u011fda\u015f Azerbaycan d\u00fc\u015f\u00fcncesinin d\u00fcnyadaki yerini ku\u015fbak\u0131\u015f\u0131 anlamak i\u00e7in se\u00e7ilebilecek belki de en \u00f6zg\u00fcn kendine mahsus ve orijinal karakterli yazarlardan biridir. Kendinden \u00f6nceki devrin \u00fcslubu ve dili ile de\u011fil, ya\u015fad\u0131\u011f\u0131 d\u00fcnyay\u0131 kendi zaman\u0131n\u0131n bilinciyle ve fark\u0131ndal\u0131klar\u0131yla yorumlayarak ve bug\u00fcn\u00fcn s\u00f6ylemiyle anlat\u0131yor. Bu kitap Re\u015fad Mecid\u2019in planlay\u0131p yad\u0131\u011f\u0131 bir kitap de\u011fil, \u0130LESAM\u2019\u0131n yapt\u0131\u011f\u0131 bir Re\u015fad Mecid se\u00e7kisidir. \u00d6zellikle yazar dostlar\u0131ndan farkl\u0131 ele\u015ftiriler ve teklifler mutlaka gelecektir. \u00d6nemli olan okuyucuyu Re\u015fad Mecid\u2019in di\u011fer yaz\u0131lar\u0131na do\u011fru g\u00f6t\u00fcrecek yeterlilikte bir \u00e7al\u0131\u015fma olmas\u0131d\u0131r, bu ba\u011flamda ba\u015far\u0131l\u0131 olmu\u015ftur.<\/p>\n","protected":false},"excerpt":{"rendered":"<p>Re\u015fad Mecid, zaman\u0131n ruhunu yakalam\u0131\u015f bir yazar olarak, \u00e7a\u011fda\u015f Azerbaycan d\u00fc\u015f\u00fcncesinin d\u00fcnyadaki yerini ku\u015fbak\u0131\u015f\u0131 anlamak i\u00e7in se\u00e7ilebilecek belki de en \u00f6zg\u00fcn kendine mahsus ve orijinal karakterli<span class=\"excerpt-hellip\"> [\u2026]<\/span><\/p>\n","protected":false},"featured_media":0,"template":"","meta":{"_monsterinsights_skip_tracking":false,"_monsterinsights_sitenote_active":false,"_monsterinsights_sitenote_note":"","_monsterinsights_sitenote_category":0},"product_brand":[],"product_cat":[12777,12291],"product_tag":[],"class_list":{"0":"post-764485","1":"product","2":"type-product","3":"status-publish","5":"product_cat-deneme","6":"product_cat-edebiyat","7":"pa_cilt-ciltsiz","8":"pa_tur-kitap","9":"pa_yayinevi-imbik-yayinlari","10":"pa_yazar-resad-mecid","12":"first","13":"instock","14":"sale","15":"shipping-taxable","16":"purchasable","17":"product-type-simple"},"_links":{"self":[{"href":"https:\/\/roveyayinevi.com.tr\/index.php\/wp-json\/wp\/v2\/product\/764485","targetHints":{"allow":["GET"]}}],"collection":[{"href":"https:\/\/roveyayinevi.com.tr\/index.php\/wp-json\/wp\/v2\/product"}],"about":[{"href":"https:\/\/roveyayinevi.com.tr\/index.php\/wp-json\/wp\/v2\/types\/product"}],"wp:attachment":[{"href":"https:\/\/roveyayinevi.com.tr\/index.php\/wp-json\/wp\/v2\/media?parent=764485"}],"wp:term":[{"taxonomy":"product_brand","embeddable":true,"href":"https:\/\/roveyayinevi.com.tr\/index.php\/wp-json\/wp\/v2\/product_brand?post=764485"},{"taxonomy":"product_cat","embeddable":true,"href":"https:\/\/roveyayinevi.com.tr\/index.php\/wp-json\/wp\/v2\/product_cat?post=764485"},{"taxonomy":"product_tag","embeddable":true,"href":"https:\/\/roveyayinevi.com.tr\/index.php\/wp-json\/wp\/v2\/product_tag?post=764485"}],"curies":[{"name":"wp","href":"https:\/\/api.w.org\/{rel}","templated":true}]}}