{"id":764483,"date":"2025-08-28T11:12:06","date_gmt":"2025-08-28T08:12:06","guid":{"rendered":"https:\/\/roveyayinevi.com.tr\/index.php\/urun\/acilarin-buyuttugu-insan\/"},"modified":"2026-04-15T03:30:19","modified_gmt":"2026-04-15T00:30:19","slug":"acilarin-buyuttugu-insan","status":"publish","type":"product","link":"https:\/\/roveyayinevi.com.tr\/index.php\/urun\/acilarin-buyuttugu-insan\/","title":{"rendered":"Ac\u0131lar\u0131n B\u00fcy\u00fctt\u00fc\u011f\u00fc \u0130nsan"},"content":{"rendered":"<p>\u2018Hi\u00e7bir \u015fey eskisi gibi olmaz\u2019 adl\u0131 bu serinin alt\u0131nc\u0131 kitab\u0131n\u0131n sonlar\u0131nda \u2018Tarih makaras\u0131n\u0131 bug\u00fcnden ba\u015flay\u0131p eskilere do\u011fru a\u00e7may\u0131 deneyelim\u2019, konuyu aynen yazm\u0131\u015f ve Ac\u0131lar\u0131n B\u00fcy\u00fctt\u00fc\u011f\u00fc \u0130nsan adl\u0131 kitab\u0131mda bu konuyu konu\u015fal\u0131m, ben de merak ediyorum, Acaba zaman film makaras\u0131n\u0131 i\u00e7inde bulundu\u011fumuz zamandan \u00f6nceye do\u011fru sararken, ne gibi t\u00f6kezlemeler, ne gibi engeller veya kolayl\u0131klar g\u00f6rece\u011fiz diye. O kadar karma\u015f\u0131k bir yap\u0131 olu\u015ftu ki, nas\u0131l ve hangi noktadan bug\u00fcnk\u00fc seviyelere gelinmi\u015fse, bug\u00fcnk\u00fc birikimlerden hangisini terk etmek toplumu hangi bilinmedik, beklenmedik \u00e7ukura d\u00fc\u015f\u00fcr\u00fcr? Siz de merak etmiyor musunuz? San\u0131yor musunuz, her \u015fey kendili\u011finden ve bir anda oldu, her g\u00fczel \u015fey birden ortaya \u00e7\u0131kt\u0131 ve birden b\u00fct\u00fcn toplumlar\u0131 gezindi, bakt\u0131 ki b\u00fct\u00fcn insanlar bu yeni bak\u0131\u015f a\u00e7\u0131s\u0131n\u0131 haz\u0131r ald\u0131lar, o yenili\u011fi kullanarak toplum yava\u015f yava\u015f kendini bulmaya \u00e7al\u0131\u015ft\u0131. Diyorlar ya i\u015fte \u015eu toplum sanayi devrimini ya\u015famad\u0131\u011f\u0131 i\u00e7in i\u00e7inde bulundu\u011fu geri kalm\u0131\u015fl\u0131\u011f\u0131 atlatamad\u0131, okuyucu da hakikaten sanayi toplumu bir s\u0131n\u0131ft\u0131r baz\u0131 insanlara g\u00f6re ya\u015fanmas\u0131 \u015fart bir basamakt\u0131r, baz\u0131lar\u0131na g\u00f6re de s\u0131rf konuyu bir sebebe dayand\u0131rmak i\u00e7in insanlar\u0131n buldu\u011fu bir s\u0131\u011f\u0131nma noktas\u0131d\u0131r. Peki sanayi toplumu s\u0131n\u0131f\u0131na ge\u00e7mek i\u00e7in hangi noktadan, hangi noktaya s\u0131\u00e7ramak i\u00e7in, hangi yeni ders \u00fcnitelerini toplumun okumas\u0131 gerekir. Yani onlar\u0131n okullar\u0131nda fizik, matematik, biyoloji ve di\u011fer do\u011fa bilimleri ba\u015fka t\u00fcrl\u00fc m\u00fc okutuluyor da hemen sanayi toplumuna ge\u00e7erek, bir z\u0131plama, bir at\u0131l\u0131m, bir devrim ortaya \u00e7\u0131kararak insanl\u0131\u011f\u0131 daha sayg\u0131n, daha refah i\u00e7inde ve daha mutlu bir hayata kavu\u015fturuyor.Ac\u0131lar\u0131n b\u00fcy\u00fctt\u00fc\u011f\u00fc insan adl\u0131 bu serinin yedinci kitab\u0131nda \u00e7ok g\u00fcncel meselenin ve gidi\u015fat\u0131n ele\u015ftirel bir foto\u011fraf\u0131n\u0131 ve \u00e7\u00f6z\u00fcm \u00f6nerilerini merakla ve be\u011fenerek okuyacaks\u0131n\u0131z. Titiz bir dikkat ve g\u00fc\u00e7l\u00fc bir ele\u015ftiri, san\u0131r\u0131m \u00e7ok sorunuza cevap bulacaks\u0131n\u0131z.<\/p>\n","protected":false},"excerpt":{"rendered":"<p>\u2018Hi\u00e7bir \u015fey eskisi gibi olmaz\u2019 adl\u0131 bu serinin alt\u0131nc\u0131 kitab\u0131n\u0131n sonlar\u0131nda \u2018Tarih makaras\u0131n\u0131 bug\u00fcnden ba\u015flay\u0131p eskilere do\u011fru a\u00e7may\u0131 deneyelim\u2019, konuyu aynen yazm\u0131\u015f ve Ac\u0131lar\u0131n B\u00fcy\u00fctt\u00fc\u011f\u00fc \u0130nsan<span class=\"excerpt-hellip\"> [\u2026]<\/span><\/p>\n","protected":false},"featured_media":0,"template":"","meta":{"_monsterinsights_skip_tracking":false,"_monsterinsights_sitenote_active":false,"_monsterinsights_sitenote_note":"","_monsterinsights_sitenote_category":0},"product_brand":[],"product_cat":[12777,12291],"product_tag":[],"class_list":{"0":"post-764483","1":"product","2":"type-product","3":"status-publish","5":"product_cat-deneme","6":"product_cat-edebiyat","7":"pa_cilt-ciltsiz","8":"pa_tur-kitap","9":"pa_yayinevi-bilge-tonyukuk-yayinlari","10":"pa_yazar-ismail-ozmel","12":"first","13":"instock","14":"sale","15":"shipping-taxable","16":"purchasable","17":"product-type-simple"},"_links":{"self":[{"href":"https:\/\/roveyayinevi.com.tr\/index.php\/wp-json\/wp\/v2\/product\/764483","targetHints":{"allow":["GET"]}}],"collection":[{"href":"https:\/\/roveyayinevi.com.tr\/index.php\/wp-json\/wp\/v2\/product"}],"about":[{"href":"https:\/\/roveyayinevi.com.tr\/index.php\/wp-json\/wp\/v2\/types\/product"}],"wp:attachment":[{"href":"https:\/\/roveyayinevi.com.tr\/index.php\/wp-json\/wp\/v2\/media?parent=764483"}],"wp:term":[{"taxonomy":"product_brand","embeddable":true,"href":"https:\/\/roveyayinevi.com.tr\/index.php\/wp-json\/wp\/v2\/product_brand?post=764483"},{"taxonomy":"product_cat","embeddable":true,"href":"https:\/\/roveyayinevi.com.tr\/index.php\/wp-json\/wp\/v2\/product_cat?post=764483"},{"taxonomy":"product_tag","embeddable":true,"href":"https:\/\/roveyayinevi.com.tr\/index.php\/wp-json\/wp\/v2\/product_tag?post=764483"}],"curies":[{"name":"wp","href":"https:\/\/api.w.org\/{rel}","templated":true}]}}