{"id":764482,"date":"2025-08-28T11:12:05","date_gmt":"2025-08-28T08:12:05","guid":{"rendered":"https:\/\/roveyayinevi.com.tr\/index.php\/urun\/iran-petrolleri-1872-1933\/"},"modified":"2026-04-15T03:30:19","modified_gmt":"2026-04-15T00:30:19","slug":"iran-petrolleri-1872-1933","status":"publish","type":"product","link":"https:\/\/roveyayinevi.com.tr\/index.php\/urun\/iran-petrolleri-1872-1933\/","title":{"rendered":"\u0130ran Petrolleri 1872-1933"},"content":{"rendered":"<p>\u0130\u00e7indekiler :   1. B\u00d6L\u00dcM \u0130RAN\u2019DA PETROL VARLI\u011eINA DA\u0130R \u0130LK BULGULAR VE M\u00dcTE\u015eEBB\u0130SLER\u0130N \u0130LK \u0130MT\u0130YAZ G\u0130R\u0130\u015e\u0130MLER\u0130   2. B\u00d6L\u00dcM PETROL\u00dcN \u0130NG\u0130LTERE\u2019N\u0130N G\u00d6Z\u00dcNDE DE\u011eER KAZANMASI   3. B\u00d6L\u00dcM B\u0130R\u0130NC\u0130 D\u00dcNYA SAVA\u015eI VE \u0130NG\u0130LTERE S\u0130YASET\u0130NDE PETROL   4. B\u00d6L\u00dcM PEHLEV\u00ce D\u00d6NEM\u0130 \u0130LE PETROL ANLA\u015eMASININ DE\u011e\u0130\u015eEN Y\u00dcZ\u00dc <\/p>\n","protected":false},"excerpt":{"rendered":"<p>\u0130\u00e7indekiler : 1. B\u00d6L\u00dcM \u0130RAN\u2019DA PETROL VARLI\u011eINA DA\u0130R \u0130LK BULGULAR VE M\u00dcTE\u015eEBB\u0130SLER\u0130N \u0130LK \u0130MT\u0130YAZ G\u0130R\u0130\u015e\u0130MLER\u0130 2. B\u00d6L\u00dcM PETROL\u00dcN \u0130NG\u0130LTERE\u2019N\u0130N G\u00d6Z\u00dcNDE DE\u011eER KAZANMASI 3. B\u00d6L\u00dcM B\u0130R\u0130NC\u0130 D\u00dcNYA<span class=\"excerpt-hellip\"> [\u2026]<\/span><\/p>\n","protected":false},"featured_media":0,"template":"","meta":{"_monsterinsights_skip_tracking":false,"_monsterinsights_sitenote_active":false,"_monsterinsights_sitenote_note":"","_monsterinsights_sitenote_category":0},"product_brand":[],"product_cat":[13005,40995],"product_tag":[],"class_list":{"0":"post-764482","1":"product","2":"type-product","3":"status-publish","5":"product_cat-bilim-muhendislik","6":"product_cat-sosyal-bilimler","7":"pa_cilt-ciltsiz","8":"pa_tur-kitap","9":"pa_yayinevi-gazi-kitabevi","10":"pa_yazar-alper-yildirim","12":"first","13":"instock","14":"sale","15":"shipping-taxable","16":"purchasable","17":"product-type-simple"},"_links":{"self":[{"href":"https:\/\/roveyayinevi.com.tr\/index.php\/wp-json\/wp\/v2\/product\/764482","targetHints":{"allow":["GET"]}}],"collection":[{"href":"https:\/\/roveyayinevi.com.tr\/index.php\/wp-json\/wp\/v2\/product"}],"about":[{"href":"https:\/\/roveyayinevi.com.tr\/index.php\/wp-json\/wp\/v2\/types\/product"}],"wp:attachment":[{"href":"https:\/\/roveyayinevi.com.tr\/index.php\/wp-json\/wp\/v2\/media?parent=764482"}],"wp:term":[{"taxonomy":"product_brand","embeddable":true,"href":"https:\/\/roveyayinevi.com.tr\/index.php\/wp-json\/wp\/v2\/product_brand?post=764482"},{"taxonomy":"product_cat","embeddable":true,"href":"https:\/\/roveyayinevi.com.tr\/index.php\/wp-json\/wp\/v2\/product_cat?post=764482"},{"taxonomy":"product_tag","embeddable":true,"href":"https:\/\/roveyayinevi.com.tr\/index.php\/wp-json\/wp\/v2\/product_tag?post=764482"}],"curies":[{"name":"wp","href":"https:\/\/api.w.org\/{rel}","templated":true}]}}