{"id":764480,"date":"2025-08-28T11:12:03","date_gmt":"2025-08-28T08:12:03","guid":{"rendered":"https:\/\/roveyayinevi.com.tr\/index.php\/urun\/tanzimattan-i-dunya-savasina-1839-1918-turk-muhasebe-sisteminde-batililasma-sureci\/"},"modified":"2026-04-15T03:30:19","modified_gmt":"2026-04-15T00:30:19","slug":"tanzimattan-i-dunya-savasina-1839-1918-turk-muhasebe-sisteminde-batililasma-sureci","status":"publish","type":"product","link":"https:\/\/roveyayinevi.com.tr\/index.php\/urun\/tanzimattan-i-dunya-savasina-1839-1918-turk-muhasebe-sisteminde-batililasma-sureci\/","title":{"rendered":"Tanzimat\u2019tan I. D\u00fcnya Sava\u015f\u0131\u2019na (1839-1918) T\u00fcrk Muhasebe Sisteminde Bat\u0131l\u0131la\u015fma S\u00fcreci"},"content":{"rendered":"<p>\u0130\u00e7indekiler :     B\u0130R\u0130NC\u0130 B\u00d6L\u00dcM: KURULU\u015eTAN TANZ\u0130MAT D\u00d6NEM\u0130\u2019NE KADAR OSMANLI EKONOM\u0130 ANLAYI\u015eI MAL\u0130 Y\u00d6NET\u0130M VE MUHASEBE S\u0130STEM\u0130 (1299-1839)   \u0130K\u0130NC\u0130 B\u00d6L\u00dcM: OSMANLI\u2019DA BATILILA\u015eMA HAREKET\u0130 (MODERNLE\u015eME) VE MAL\u0130 S\u0130STEMDEK\u0130 DE\u011e\u0130\u015e\u0130M VE D\u00d6N\u00dc\u015e\u00dcMLER   \u00dc\u00c7\u00dcNC\u00dc B\u00d6L\u00dcM: TANZ\u0130MAT\u2019TAN SONRA MUHASEBE S\u00dcREC\u0130NDEK\u0130 DE\u011e\u0130\u015e\u0130M VE GEL\u0130\u015e\u0130M <\/p>\n","protected":false},"excerpt":{"rendered":"<p>\u0130\u00e7indekiler : B\u0130R\u0130NC\u0130 B\u00d6L\u00dcM: KURULU\u015eTAN TANZ\u0130MAT D\u00d6NEM\u0130\u2019NE KADAR OSMANLI EKONOM\u0130 ANLAYI\u015eI MAL\u0130 Y\u00d6NET\u0130M VE MUHASEBE S\u0130STEM\u0130 (1299-1839) \u0130K\u0130NC\u0130 B\u00d6L\u00dcM: OSMANLI\u2019DA BATILILA\u015eMA HAREKET\u0130 (MODERNLE\u015eME) VE MAL\u0130 S\u0130STEMDEK\u0130<span class=\"excerpt-hellip\"> [\u2026]<\/span><\/p>\n","protected":false},"featured_media":0,"template":"","meta":{"_monsterinsights_skip_tracking":false,"_monsterinsights_sitenote_active":false,"_monsterinsights_sitenote_note":"","_monsterinsights_sitenote_category":0},"product_brand":[],"product_cat":[13043],"product_tag":[],"class_list":{"0":"post-764480","1":"product","2":"type-product","3":"status-publish","5":"product_cat-ekonomi","6":"pa_cilt-ciltsiz","7":"pa_tur-kitap","8":"pa_yayinevi-gazi-kitabevi","9":"pa_yazar-taha-tastan","11":"first","12":"instock","13":"sale","14":"shipping-taxable","15":"purchasable","16":"product-type-simple"},"_links":{"self":[{"href":"https:\/\/roveyayinevi.com.tr\/index.php\/wp-json\/wp\/v2\/product\/764480","targetHints":{"allow":["GET"]}}],"collection":[{"href":"https:\/\/roveyayinevi.com.tr\/index.php\/wp-json\/wp\/v2\/product"}],"about":[{"href":"https:\/\/roveyayinevi.com.tr\/index.php\/wp-json\/wp\/v2\/types\/product"}],"wp:attachment":[{"href":"https:\/\/roveyayinevi.com.tr\/index.php\/wp-json\/wp\/v2\/media?parent=764480"}],"wp:term":[{"taxonomy":"product_brand","embeddable":true,"href":"https:\/\/roveyayinevi.com.tr\/index.php\/wp-json\/wp\/v2\/product_brand?post=764480"},{"taxonomy":"product_cat","embeddable":true,"href":"https:\/\/roveyayinevi.com.tr\/index.php\/wp-json\/wp\/v2\/product_cat?post=764480"},{"taxonomy":"product_tag","embeddable":true,"href":"https:\/\/roveyayinevi.com.tr\/index.php\/wp-json\/wp\/v2\/product_tag?post=764480"}],"curies":[{"name":"wp","href":"https:\/\/api.w.org\/{rel}","templated":true}]}}