{"id":764479,"date":"2025-08-28T11:12:01","date_gmt":"2025-08-28T08:12:01","guid":{"rendered":"https:\/\/roveyayinevi.com.tr\/index.php\/urun\/milliyetcilerin-ve-islamcilarin-hayalindeki-japonya-dergiler-uzerinden-bir-inceleme\/"},"modified":"2026-04-15T03:30:19","modified_gmt":"2026-04-15T00:30:19","slug":"milliyetcilerin-ve-islamcilarin-hayalindeki-japonya-dergiler-uzerinden-bir-inceleme","status":"publish","type":"product","link":"https:\/\/roveyayinevi.com.tr\/index.php\/urun\/milliyetcilerin-ve-islamcilarin-hayalindeki-japonya-dergiler-uzerinden-bir-inceleme\/","title":{"rendered":"Milliyet\u00e7ilerin Ve \u0130slamc\u0131lar\u0131n Hayalindeki Japonya Dergiler \u00dczerinden Bir \u0130nceleme"},"content":{"rendered":"<p>\u0130\u00e7indekiler :     1. B\u00d6L\u00dcM : MODERNLE\u015eME VE \u0130MGE   2. B\u00d6L\u00dcM: T\u00dcRK MODERNLE\u015eMES\u0130 VE JAPON \u0130MGES\u0130   3. B\u00d6L\u00dcM: METODOLOJ\u0130   4. B\u00d6L\u00dcM: M\u0130LL\u0130YET\u00c7\u0130 VE \u0130SL\u00c2MCI DERG\u0130LERDE JAPON \u0130MGELER\u0130: MODERNLE\u015eMEN\u0130N AYNASI OLARAK JAPONLAR <\/p>\n","protected":false},"excerpt":{"rendered":"<p>\u0130\u00e7indekiler : 1. B\u00d6L\u00dcM : MODERNLE\u015eME VE \u0130MGE 2. B\u00d6L\u00dcM: T\u00dcRK MODERNLE\u015eMES\u0130 VE JAPON \u0130MGES\u0130 3. B\u00d6L\u00dcM: METODOLOJ\u0130 4. B\u00d6L\u00dcM: M\u0130LL\u0130YET\u00c7\u0130 VE \u0130SL\u00c2MCI DERG\u0130LERDE JAPON \u0130MGELER\u0130:<span class=\"excerpt-hellip\"> [\u2026]<\/span><\/p>\n","protected":false},"featured_media":0,"template":"","meta":{"_monsterinsights_skip_tracking":false,"_monsterinsights_sitenote_active":false,"_monsterinsights_sitenote_note":"","_monsterinsights_sitenote_category":0},"product_brand":[],"product_cat":[13005,40995],"product_tag":[],"class_list":{"0":"post-764479","1":"product","2":"type-product","3":"status-publish","5":"product_cat-bilim-muhendislik","6":"product_cat-sosyal-bilimler","7":"pa_cilt-ciltsiz","8":"pa_tur-kitap","9":"pa_yayinevi-gazi-kitabevi","10":"pa_yazar-oguz-bilge-gungordu","12":"first","13":"instock","14":"sale","15":"shipping-taxable","16":"purchasable","17":"product-type-simple"},"_links":{"self":[{"href":"https:\/\/roveyayinevi.com.tr\/index.php\/wp-json\/wp\/v2\/product\/764479","targetHints":{"allow":["GET"]}}],"collection":[{"href":"https:\/\/roveyayinevi.com.tr\/index.php\/wp-json\/wp\/v2\/product"}],"about":[{"href":"https:\/\/roveyayinevi.com.tr\/index.php\/wp-json\/wp\/v2\/types\/product"}],"wp:attachment":[{"href":"https:\/\/roveyayinevi.com.tr\/index.php\/wp-json\/wp\/v2\/media?parent=764479"}],"wp:term":[{"taxonomy":"product_brand","embeddable":true,"href":"https:\/\/roveyayinevi.com.tr\/index.php\/wp-json\/wp\/v2\/product_brand?post=764479"},{"taxonomy":"product_cat","embeddable":true,"href":"https:\/\/roveyayinevi.com.tr\/index.php\/wp-json\/wp\/v2\/product_cat?post=764479"},{"taxonomy":"product_tag","embeddable":true,"href":"https:\/\/roveyayinevi.com.tr\/index.php\/wp-json\/wp\/v2\/product_tag?post=764479"}],"curies":[{"name":"wp","href":"https:\/\/api.w.org\/{rel}","templated":true}]}}