{"id":764478,"date":"2025-08-28T11:12:00","date_gmt":"2025-08-28T08:12:00","guid":{"rendered":"https:\/\/roveyayinevi.com.tr\/index.php\/urun\/turkiyenin-yesil-mutabakat-yol-haritasi\/"},"modified":"2026-04-15T03:30:19","modified_gmt":"2026-04-15T00:30:19","slug":"turkiyenin-yesil-mutabakat-yol-haritasi","status":"publish","type":"product","link":"https:\/\/roveyayinevi.com.tr\/index.php\/urun\/turkiyenin-yesil-mutabakat-yol-haritasi\/","title":{"rendered":"T\u00fcrkiye&#8217;nin Ye\u015fil Mutabakat Yol Haritas\u0131"},"content":{"rendered":"<p>\u0130\u00e7indekiler :   1) EKONOM\u0130N\u0130N TAR\u0130HSEL S\u00dcREC\u0130 VE YE\u015e\u0130L MUTABAKAT   2) YE\u015e\u0130L MUTABAKAT   3) YE\u015e\u0130L MUTABAKATIN \u00c7EVRESEL ETK\u0130LER\u0130   4) AVRUPA YE\u015e\u0130L MUTABAKATI: AB VE T\u00dcRK\u0130YE&#8217;DEK\u0130 SEKT\u00d6RLERE ETK\u0130LER\u0130   5) YE\u015e\u0130L MUTABAKAT EKONOM\u0130K ETK\u0130LER\u0130   6) KARBON AYAK \u0130Z\u0130N\u0130N KURAMSAL \u00c7ER\u00c7EVES\u0130, METOT VE STANDARTLARI   7) YE\u015e\u0130L MUTABAKATIN T\u00dcKET\u0130C\u0130 DAVRANI\u015eLARI \u00dcZER\u0130NDEK\u0130 ETK\u0130LER\u0130: S\u00dcRD\u00dcR\u00dcLEB\u0130L\u0130RL\u0130K ALGISI VE SATIN ALMA KARARLARI   8) YE\u015e\u0130L ENERJ\u0130 VE EKONOM\u0130K B\u00dcY\u00dcMEN\u0130N S\u00dcRD\u00dcR\u00dcLEB\u0130L\u0130RL\u0130\u011eE ETK\u0130S\u0130 <\/p>\n","protected":false},"excerpt":{"rendered":"<p>\u0130\u00e7indekiler : 1) EKONOM\u0130N\u0130N TAR\u0130HSEL S\u00dcREC\u0130 VE YE\u015e\u0130L MUTABAKAT 2) YE\u015e\u0130L MUTABAKAT 3) YE\u015e\u0130L MUTABAKATIN \u00c7EVRESEL ETK\u0130LER\u0130 4) AVRUPA YE\u015e\u0130L MUTABAKATI: AB VE T\u00dcRK\u0130YE&#8217;DEK\u0130 SEKT\u00d6RLERE ETK\u0130LER\u0130<span class=\"excerpt-hellip\"> [\u2026]<\/span><\/p>\n","protected":false},"featured_media":0,"template":"","meta":{"_monsterinsights_skip_tracking":false,"_monsterinsights_sitenote_active":false,"_monsterinsights_sitenote_note":"","_monsterinsights_sitenote_category":0},"product_brand":[],"product_cat":[13043],"product_tag":[],"class_list":{"0":"post-764478","1":"product","2":"type-product","3":"status-publish","5":"product_cat-ekonomi","6":"pa_cilt-ciltsiz","7":"pa_tur-kitap","8":"pa_yayinevi-gazi-kitabevi","9":"pa_yazar-kolektif","11":"first","12":"instock","13":"sale","14":"shipping-taxable","15":"purchasable","16":"product-type-simple"},"_links":{"self":[{"href":"https:\/\/roveyayinevi.com.tr\/index.php\/wp-json\/wp\/v2\/product\/764478","targetHints":{"allow":["GET"]}}],"collection":[{"href":"https:\/\/roveyayinevi.com.tr\/index.php\/wp-json\/wp\/v2\/product"}],"about":[{"href":"https:\/\/roveyayinevi.com.tr\/index.php\/wp-json\/wp\/v2\/types\/product"}],"wp:attachment":[{"href":"https:\/\/roveyayinevi.com.tr\/index.php\/wp-json\/wp\/v2\/media?parent=764478"}],"wp:term":[{"taxonomy":"product_brand","embeddable":true,"href":"https:\/\/roveyayinevi.com.tr\/index.php\/wp-json\/wp\/v2\/product_brand?post=764478"},{"taxonomy":"product_cat","embeddable":true,"href":"https:\/\/roveyayinevi.com.tr\/index.php\/wp-json\/wp\/v2\/product_cat?post=764478"},{"taxonomy":"product_tag","embeddable":true,"href":"https:\/\/roveyayinevi.com.tr\/index.php\/wp-json\/wp\/v2\/product_tag?post=764478"}],"curies":[{"name":"wp","href":"https:\/\/api.w.org\/{rel}","templated":true}]}}