{"id":764475,"date":"2025-08-28T11:11:54","date_gmt":"2025-08-28T08:11:54","guid":{"rendered":"https:\/\/roveyayinevi.com.tr\/index.php\/urun\/ne-belli\/"},"modified":"2026-04-15T03:30:19","modified_gmt":"2026-04-15T00:30:19","slug":"ne-belli","status":"publish","type":"product","link":"https:\/\/roveyayinevi.com.tr\/index.php\/urun\/ne-belli\/","title":{"rendered":"Ne Belli"},"content":{"rendered":"<p>AYLARDAN EYL\u00dcL   Bir Eyl\u00fcl sabah\u0131nda \u00dcst\u00fcne d\u00fc\u015fen sararm\u0131\u015f Yapraklar\u0131n g\u00f6lgesinin Masal\u0131na s\u0131\u011f\u0131nacaks\u0131n.   \u0130\u015fte o zaman Ad\u0131 konmam\u0131\u015f Yetim gecelerin t\u00fcrk\u00fclerinde. Ac\u0131lar\u0131ndan ar\u0131nm\u0131\u015f Y\u00fcz\u00fcnde beliren g\u00fcl\u00fcmsemenle herkesi inand\u0131racaks\u0131n. Sen asi r\u00fczgar bilmez misin her daim Umutlar k\u0131y\u0131ya vurmaz ki.   \u00c7ak\u0131l ta\u015flar\u0131 aras\u0131na d\u00fc\u015fen tohumun mevsimlere Kafa tutu\u015fundaki etrafa b\u0131rakt\u0131\u011f\u0131 kokusunda G\u00f6zlerimin i\u00e7ine bak\u0131p Kim bilir belki yine ustala\u015fm\u0131\u015f Ke\u015fkeleri ard\u0131nda b\u0131rak\u0131p i\u00e7ten i\u00e7e ya\u011fan ya\u011fmurun Mavisinde  dersin ki bir gece masal\u0131n\u0131 ne \u00e7ok \u00f6zledim. <\/p>\n","protected":false},"excerpt":{"rendered":"<p>AYLARDAN EYL\u00dcL Bir Eyl\u00fcl sabah\u0131nda \u00dcst\u00fcne d\u00fc\u015fen sararm\u0131\u015f Yapraklar\u0131n g\u00f6lgesinin Masal\u0131na s\u0131\u011f\u0131nacaks\u0131n. \u0130\u015fte o zaman Ad\u0131 konmam\u0131\u015f Yetim gecelerin t\u00fcrk\u00fclerinde. Ac\u0131lar\u0131ndan ar\u0131nm\u0131\u015f Y\u00fcz\u00fcnde beliren g\u00fcl\u00fcmsemenle herkesi<span class=\"excerpt-hellip\"> [\u2026]<\/span><\/p>\n","protected":false},"featured_media":0,"template":"","meta":{"_monsterinsights_skip_tracking":false,"_monsterinsights_sitenote_active":false,"_monsterinsights_sitenote_note":"","_monsterinsights_sitenote_category":0},"product_brand":[],"product_cat":[12291,12509],"product_tag":[],"class_list":{"0":"post-764475","1":"product","2":"type-product","3":"status-publish","5":"product_cat-edebiyat","6":"product_cat-siir","7":"pa_cilt-ciltsiz","8":"pa_tur-kitap","9":"pa_yayinevi-gulnar-yayinlari","10":"pa_yazar-hulya-dikec","12":"first","13":"instock","14":"sale","15":"shipping-taxable","16":"purchasable","17":"product-type-simple"},"_links":{"self":[{"href":"https:\/\/roveyayinevi.com.tr\/index.php\/wp-json\/wp\/v2\/product\/764475","targetHints":{"allow":["GET"]}}],"collection":[{"href":"https:\/\/roveyayinevi.com.tr\/index.php\/wp-json\/wp\/v2\/product"}],"about":[{"href":"https:\/\/roveyayinevi.com.tr\/index.php\/wp-json\/wp\/v2\/types\/product"}],"wp:attachment":[{"href":"https:\/\/roveyayinevi.com.tr\/index.php\/wp-json\/wp\/v2\/media?parent=764475"}],"wp:term":[{"taxonomy":"product_brand","embeddable":true,"href":"https:\/\/roveyayinevi.com.tr\/index.php\/wp-json\/wp\/v2\/product_brand?post=764475"},{"taxonomy":"product_cat","embeddable":true,"href":"https:\/\/roveyayinevi.com.tr\/index.php\/wp-json\/wp\/v2\/product_cat?post=764475"},{"taxonomy":"product_tag","embeddable":true,"href":"https:\/\/roveyayinevi.com.tr\/index.php\/wp-json\/wp\/v2\/product_tag?post=764475"}],"curies":[{"name":"wp","href":"https:\/\/api.w.org\/{rel}","templated":true}]}}