{"id":764474,"date":"2025-08-28T11:11:52","date_gmt":"2025-08-28T08:11:52","guid":{"rendered":"https:\/\/roveyayinevi.com.tr\/index.php\/urun\/insan-hayati-kisa-bir-film-veya-bir-romandir\/"},"modified":"2026-04-15T03:30:19","modified_gmt":"2026-04-15T00:30:19","slug":"insan-hayati-kisa-bir-film-veya-bir-romandir","status":"publish","type":"product","link":"https:\/\/roveyayinevi.com.tr\/index.php\/urun\/insan-hayati-kisa-bir-film-veya-bir-romandir\/","title":{"rendered":"\u0130nsan Hayat\u0131 K\u0131sa Bir Film veya Bir Romand\u0131r"},"content":{"rendered":"<p>\u0130nsan hayatta \u00f6nemli olan\u0131n ne oldu\u011funu bulmal\u0131d\u0131r. Zaman ak\u0131p ge\u00e7erken insan hayat\u0131n\u0131n de\u011ferinin kar\u015f\u0131l\u0131\u011f\u0131n\u0131 g\u00f6rmek ve bunun insanlar \u00fczerine etkilerine tan\u0131k olmak ister. Bireylerin ya\u015famlar\u0131 bir zaman yolculu\u011fundan ibarettir, do\u011farlar, b\u00fcy\u00fcrler ve ka\u00e7\u0131n\u0131lmaz sona ilerler. Her hayat bu yoldan gitmek zorundad\u0131r. \u00d6nemli olan insan\u0131n geriye nas\u0131l bakabildi\u011fi ve insanlar \u00fczerinde nas\u0131l bir etki yaratm\u0131\u015f oldu\u011fudur. Bunun d\u0131\u015f\u0131ndakiler ise unutulur. Ge\u00e7ip giden \u015fimdiyi ya\u015famak yerine, ge\u00e7mi\u015fte kalan bir s\u0131k\u0131nt\u0131n\u0131n hat\u0131ralar\u0131n\u0131 an\u0131msamak i\u00e7in hayal g\u00fcc\u00fcn\u00fc bu kadar zorlamasalar ya\u015fam daha kolayla\u015f\u0131r. Unutmayal\u0131m ki k\u00fc\u00e7\u00fck ad\u0131mlar, b\u00fcy\u00fck de\u011fi\u015fimlerin ba\u015flang\u0131c\u0131 olabilir.  <\/p>\n","protected":false},"excerpt":{"rendered":"<p>\u0130nsan hayatta \u00f6nemli olan\u0131n ne oldu\u011funu bulmal\u0131d\u0131r. Zaman ak\u0131p ge\u00e7erken insan hayat\u0131n\u0131n de\u011ferinin kar\u015f\u0131l\u0131\u011f\u0131n\u0131 g\u00f6rmek ve bunun insanlar \u00fczerine etkilerine tan\u0131k olmak ister. Bireylerin ya\u015famlar\u0131 bir<span class=\"excerpt-hellip\"> [\u2026]<\/span><\/p>\n","protected":false},"featured_media":0,"template":"","meta":{"_monsterinsights_skip_tracking":false,"_monsterinsights_sitenote_active":false,"_monsterinsights_sitenote_note":"","_monsterinsights_sitenote_category":0},"product_brand":[],"product_cat":[12777,12291],"product_tag":[],"class_list":{"0":"post-764474","1":"product","2":"type-product","3":"status-publish","5":"product_cat-deneme","6":"product_cat-edebiyat","7":"pa_cilt-ciltsiz","8":"pa_tur-kitap","9":"pa_yayinevi-gulnar-yayinlari","10":"pa_yazar-alihan-iren","12":"first","13":"instock","14":"sale","15":"shipping-taxable","16":"purchasable","17":"product-type-simple"},"_links":{"self":[{"href":"https:\/\/roveyayinevi.com.tr\/index.php\/wp-json\/wp\/v2\/product\/764474","targetHints":{"allow":["GET"]}}],"collection":[{"href":"https:\/\/roveyayinevi.com.tr\/index.php\/wp-json\/wp\/v2\/product"}],"about":[{"href":"https:\/\/roveyayinevi.com.tr\/index.php\/wp-json\/wp\/v2\/types\/product"}],"wp:attachment":[{"href":"https:\/\/roveyayinevi.com.tr\/index.php\/wp-json\/wp\/v2\/media?parent=764474"}],"wp:term":[{"taxonomy":"product_brand","embeddable":true,"href":"https:\/\/roveyayinevi.com.tr\/index.php\/wp-json\/wp\/v2\/product_brand?post=764474"},{"taxonomy":"product_cat","embeddable":true,"href":"https:\/\/roveyayinevi.com.tr\/index.php\/wp-json\/wp\/v2\/product_cat?post=764474"},{"taxonomy":"product_tag","embeddable":true,"href":"https:\/\/roveyayinevi.com.tr\/index.php\/wp-json\/wp\/v2\/product_tag?post=764474"}],"curies":[{"name":"wp","href":"https:\/\/api.w.org\/{rel}","templated":true}]}}