{"id":764473,"date":"2025-08-28T11:11:50","date_gmt":"2025-08-28T08:11:50","guid":{"rendered":"https:\/\/roveyayinevi.com.tr\/index.php\/urun\/hitabim-ve-cefan-serzenis\/"},"modified":"2026-04-15T03:30:19","modified_gmt":"2026-04-15T00:30:19","slug":"hitabim-ve-cefan-serzenis","status":"publish","type":"product","link":"https:\/\/roveyayinevi.com.tr\/index.php\/urun\/hitabim-ve-cefan-serzenis\/","title":{"rendered":"Hitab\u0131m ve Cefan \u201cSerzeni\u015f\u201d"},"content":{"rendered":"<p>Ne ilk sonuncu bu h\u00fcz\u00fcn denizi \u00d6ylesine essin r\u00fczg\u00e2r \u00d6ylesine ya\u011fs\u0131n ya\u011fmur Hazan sars\u0131n d\u00f6rt bir yan\u0131 her yer duvar Ne \u00e7\u0131kar ha bir eksik ha bir fazla Gem vurdu\u011fum kadar de\u011fil ki h\u00fcz\u00fcn denizi Nice gemiler s\u00fct liman Kimse y\u0131kmad\u0131 beni G\u00fclen g\u00f6zlerdeki sahtelik kadar Ne fark eder ki beyhude \u00f6m\u00fcr Kimi yalanla d\u00fcnya kurar Kimi \u00e7\u0131kar\u0131 u\u011fruna \u00fc\u00e7 kuru\u015fa seni satar <\/p>\n","protected":false},"excerpt":{"rendered":"<p>Ne ilk sonuncu bu h\u00fcz\u00fcn denizi \u00d6ylesine essin r\u00fczg\u00e2r \u00d6ylesine ya\u011fs\u0131n ya\u011fmur Hazan sars\u0131n d\u00f6rt bir yan\u0131 her yer duvar Ne \u00e7\u0131kar ha bir eksik ha<span class=\"excerpt-hellip\"> [\u2026]<\/span><\/p>\n","protected":false},"featured_media":0,"template":"","meta":{"_monsterinsights_skip_tracking":false,"_monsterinsights_sitenote_active":false,"_monsterinsights_sitenote_note":"","_monsterinsights_sitenote_category":0},"product_brand":[],"product_cat":[12291,12509],"product_tag":[],"class_list":{"0":"post-764473","1":"product","2":"type-product","3":"status-publish","5":"product_cat-edebiyat","6":"product_cat-siir","7":"pa_cilt-ciltsiz","8":"pa_tur-kitap","9":"pa_yayinevi-gulnar-yayinlari","10":"pa_yazar-elif-hale-eroglu","12":"first","13":"instock","14":"sale","15":"shipping-taxable","16":"purchasable","17":"product-type-simple"},"_links":{"self":[{"href":"https:\/\/roveyayinevi.com.tr\/index.php\/wp-json\/wp\/v2\/product\/764473","targetHints":{"allow":["GET"]}}],"collection":[{"href":"https:\/\/roveyayinevi.com.tr\/index.php\/wp-json\/wp\/v2\/product"}],"about":[{"href":"https:\/\/roveyayinevi.com.tr\/index.php\/wp-json\/wp\/v2\/types\/product"}],"wp:attachment":[{"href":"https:\/\/roveyayinevi.com.tr\/index.php\/wp-json\/wp\/v2\/media?parent=764473"}],"wp:term":[{"taxonomy":"product_brand","embeddable":true,"href":"https:\/\/roveyayinevi.com.tr\/index.php\/wp-json\/wp\/v2\/product_brand?post=764473"},{"taxonomy":"product_cat","embeddable":true,"href":"https:\/\/roveyayinevi.com.tr\/index.php\/wp-json\/wp\/v2\/product_cat?post=764473"},{"taxonomy":"product_tag","embeddable":true,"href":"https:\/\/roveyayinevi.com.tr\/index.php\/wp-json\/wp\/v2\/product_tag?post=764473"}],"curies":[{"name":"wp","href":"https:\/\/api.w.org\/{rel}","templated":true}]}}