{"id":764471,"date":"2025-08-28T11:11:47","date_gmt":"2025-08-28T08:11:47","guid":{"rendered":"https:\/\/roveyayinevi.com.tr\/index.php\/urun\/buruk-sevinc\/"},"modified":"2026-04-15T03:30:19","modified_gmt":"2026-04-15T00:30:19","slug":"buruk-sevinc","status":"publish","type":"product","link":"https:\/\/roveyayinevi.com.tr\/index.php\/urun\/buruk-sevinc\/","title":{"rendered":"Buruk Sevin\u00e7"},"content":{"rendered":"<p>Sevgili dostum, Ali Turgut Beyefendi, daha \u00f6nce \u201cY\u00fcre\u011fimden \u00d6p Beni\u201d ve \u201cZulamdaki Korkular\u201d adl\u0131 kitaplar\u0131mda b\u00fcy\u00fck katk\u0131lar sa\u011flam\u0131\u015f, bu iki kitab\u0131n yay\u0131mlanmas\u0131nda ba\u015frol oynam\u0131\u015ft\u0131r. \u015eair, yorumcu ve ayn\u0131 zamanda edit\u00f6r olan Ali Turgut, \u201cBuruk Sevin\u00e7\u201d ad\u0131n\u0131 verdi\u011fimiz bu yeni kitab\u0131m\u0131n da yay\u0131n \u00f6ncesinde yap\u0131lmas\u0131 gereken her t\u00fcrl\u00fc i\u015flemi ger\u00e7ekle\u015ftirerek, kitab\u0131 bas\u0131m a\u015famas\u0131na getirmi\u015ftir. Tamam\u0131 ger\u00e7ek olaylardan al\u0131nm\u0131\u015f bu \u00f6yk\u00fc kitab\u0131n\u0131 siz de\u011ferli okurlara sunman\u0131n onurunu ya\u015f\u0131yorum. \u00d6yk\u00fcleri okurken zaman zaman h\u00fcz\u00fcnlenece\u011finiz, bazen de &#8220;Olmaz b\u00f6yle bir \u015fey!&#8221; diyece\u011finizden hi\u00e7 \u015f\u00fcphem yok. Diyarbak\u0131r\u2019da do\u011fup \u0130zmir\u2019de ya\u015fayan yazar\u0131n daha \u00f6nce yay\u0131mlanm\u0131\u015f eserleri \u015funlard\u0131r: Be\u015finci Mevsim Y\u00fcre\u011fimden \u00d6p Beni (\u015eiir) Bitmeyen H\u00fcz\u00fcn (Roman) Zulamdaki Korkular (Hikaye Kitab\u0131) Bunlara ek olarak, Ali Turgut\u2019un \u00f6nc\u00fcl\u00fc\u011f\u00fcnde B\u0130R AVU\u00c7 \u015e\u0130\u0130R GRUBUNCA \u00e7\u0131kar\u0131lm\u0131\u015f d\u00f6rt antoloji kitab\u0131 ve AKSED taraf\u0131ndan yay\u0131mlanm\u0131\u015f antoloji kitaplar\u0131 da halen raflarda yerini korumaktad\u0131r. Bu kitab\u0131n her a\u015famas\u0131nda katk\u0131s\u0131n\u0131 esirgemeyen say\u0131n Ali Turgut Bey\u2019e ve G\u00fclnar Yay\u0131nlar\u0131 \u00e7al\u0131\u015fanlar\u0131na sonsuz te\u015fekk\u00fcrlerimi sunar\u0131m.   Mehmet Emin Turgut \/ \u0130zmir <\/p>\n","protected":false},"excerpt":{"rendered":"<p>Sevgili dostum, Ali Turgut Beyefendi, daha \u00f6nce \u201cY\u00fcre\u011fimden \u00d6p Beni\u201d ve \u201cZulamdaki Korkular\u201d adl\u0131 kitaplar\u0131mda b\u00fcy\u00fck katk\u0131lar sa\u011flam\u0131\u015f, bu iki kitab\u0131n yay\u0131mlanmas\u0131nda ba\u015frol oynam\u0131\u015ft\u0131r. \u015eair, yorumcu<span class=\"excerpt-hellip\"> [\u2026]<\/span><\/p>\n","protected":false},"featured_media":0,"template":"","meta":{"_monsterinsights_skip_tracking":false,"_monsterinsights_sitenote_active":false,"_monsterinsights_sitenote_note":"","_monsterinsights_sitenote_category":0},"product_brand":[],"product_cat":[12291,18202],"product_tag":[],"class_list":{"0":"post-764471","1":"product","2":"type-product","3":"status-publish","5":"product_cat-edebiyat","6":"product_cat-hikaye","7":"pa_cilt-ciltsiz","8":"pa_tur-kitap","9":"pa_yayinevi-gulnar-yayinlari","10":"pa_yazar-mehmet-emin-turgut","12":"first","13":"instock","14":"sale","15":"shipping-taxable","16":"purchasable","17":"product-type-simple"},"_links":{"self":[{"href":"https:\/\/roveyayinevi.com.tr\/index.php\/wp-json\/wp\/v2\/product\/764471","targetHints":{"allow":["GET"]}}],"collection":[{"href":"https:\/\/roveyayinevi.com.tr\/index.php\/wp-json\/wp\/v2\/product"}],"about":[{"href":"https:\/\/roveyayinevi.com.tr\/index.php\/wp-json\/wp\/v2\/types\/product"}],"wp:attachment":[{"href":"https:\/\/roveyayinevi.com.tr\/index.php\/wp-json\/wp\/v2\/media?parent=764471"}],"wp:term":[{"taxonomy":"product_brand","embeddable":true,"href":"https:\/\/roveyayinevi.com.tr\/index.php\/wp-json\/wp\/v2\/product_brand?post=764471"},{"taxonomy":"product_cat","embeddable":true,"href":"https:\/\/roveyayinevi.com.tr\/index.php\/wp-json\/wp\/v2\/product_cat?post=764471"},{"taxonomy":"product_tag","embeddable":true,"href":"https:\/\/roveyayinevi.com.tr\/index.php\/wp-json\/wp\/v2\/product_tag?post=764471"}],"curies":[{"name":"wp","href":"https:\/\/api.w.org\/{rel}","templated":true}]}}