{"id":764470,"date":"2025-08-28T11:11:45","date_gmt":"2025-08-28T08:11:45","guid":{"rendered":"https:\/\/roveyayinevi.com.tr\/index.php\/urun\/cocuk-hikayelerindeki-kahramanlarin-cocuklara-rol-model-olma-durumlari\/"},"modified":"2026-04-15T03:30:19","modified_gmt":"2026-04-15T00:30:19","slug":"cocuk-hikayelerindeki-kahramanlarin-cocuklara-rol-model-olma-durumlari","status":"publish","type":"product","link":"https:\/\/roveyayinevi.com.tr\/index.php\/urun\/cocuk-hikayelerindeki-kahramanlarin-cocuklara-rol-model-olma-durumlari\/","title":{"rendered":"\u00c7ocuk Hikayelerindeki Kahramanlar\u0131n \u00c7ocuklara Rol-Model Olma Durumlar\u0131"},"content":{"rendered":"<p>Kitab\u0131m\u0131z d\u00f6rt b\u00f6l\u00fcmden olu\u015fmaktad\u0131r. Birinci b\u00f6l\u00fcmde \u00e7ocuk ve \u00e7ocu\u011fun geli\u015fim \u00f6zellikleri, \u00e7ocuk edebiyat\u0131n\u0131n nitelikleri, hik\u00e2ye ve \u00e7ocuk edebiyat\u0131nda hik\u00e2ye, \u00e7ocuk edebiyat\u0131nda kahraman, karakter ve tip konular\u0131na yer verilmi\u015ftir. ikinci b\u00f6l\u00fcmde incelemeye esas al\u0131nan yazarlar ve kitaplar\u0131 hakk\u0131nda bilgi verilmi\u015ftir. \u00dc\u00e7\u00fcnc\u00fc b\u00f6l\u00fcmde dikkate al\u0131nan T\u00fcrk\u00e7e dersi \u00f6\u011fretim programlar\u0131nda yer alan temalar, bu temalar\u0131n rol model olma durumuyla ili\u015fkisi ve tespit edilen bulgular ele al\u0131nm\u0131\u015ft\u0131r. D\u00f6rd\u00fcnc\u00fc b\u00f6l\u00fcmde genel de\u011ferlendirme, sonu\u00e7 ve \u00f6neriler yorumlanm\u0131\u015ft\u0131r. \u00c7al\u0131\u015fma, kaynak\u00e7a ile son bulmu\u015ftur. <\/p>\n","protected":false},"excerpt":{"rendered":"<p>Kitab\u0131m\u0131z d\u00f6rt b\u00f6l\u00fcmden olu\u015fmaktad\u0131r. Birinci b\u00f6l\u00fcmde \u00e7ocuk ve \u00e7ocu\u011fun geli\u015fim \u00f6zellikleri, \u00e7ocuk edebiyat\u0131n\u0131n nitelikleri, hik\u00e2ye ve \u00e7ocuk edebiyat\u0131nda hik\u00e2ye, \u00e7ocuk edebiyat\u0131nda kahraman, karakter ve tip konular\u0131na<span class=\"excerpt-hellip\"> [\u2026]<\/span><\/p>\n","protected":false},"featured_media":0,"template":"","meta":{"_monsterinsights_skip_tracking":false,"_monsterinsights_sitenote_active":false,"_monsterinsights_sitenote_note":"","_monsterinsights_sitenote_category":0},"product_brand":[],"product_cat":[12573,12566],"product_tag":[],"class_list":{"0":"post-764470","1":"product","2":"type-product","3":"status-publish","5":"product_cat-akademik-kitaplar","6":"product_cat-egitim","7":"pa_cilt-ciltsiz","8":"pa_tur-kitap","9":"pa_yayinevi-soncag-akademik-kitaplar","10":"pa_yazar-suzan-ozmen","12":"first","13":"instock","14":"sale","15":"shipping-taxable","16":"purchasable","17":"product-type-simple"},"_links":{"self":[{"href":"https:\/\/roveyayinevi.com.tr\/index.php\/wp-json\/wp\/v2\/product\/764470","targetHints":{"allow":["GET"]}}],"collection":[{"href":"https:\/\/roveyayinevi.com.tr\/index.php\/wp-json\/wp\/v2\/product"}],"about":[{"href":"https:\/\/roveyayinevi.com.tr\/index.php\/wp-json\/wp\/v2\/types\/product"}],"wp:attachment":[{"href":"https:\/\/roveyayinevi.com.tr\/index.php\/wp-json\/wp\/v2\/media?parent=764470"}],"wp:term":[{"taxonomy":"product_brand","embeddable":true,"href":"https:\/\/roveyayinevi.com.tr\/index.php\/wp-json\/wp\/v2\/product_brand?post=764470"},{"taxonomy":"product_cat","embeddable":true,"href":"https:\/\/roveyayinevi.com.tr\/index.php\/wp-json\/wp\/v2\/product_cat?post=764470"},{"taxonomy":"product_tag","embeddable":true,"href":"https:\/\/roveyayinevi.com.tr\/index.php\/wp-json\/wp\/v2\/product_tag?post=764470"}],"curies":[{"name":"wp","href":"https:\/\/api.w.org\/{rel}","templated":true}]}}