{"id":764468,"date":"2025-08-28T11:11:41","date_gmt":"2025-08-28T08:11:41","guid":{"rendered":"https:\/\/roveyayinevi.com.tr\/index.php\/urun\/21-yuzyilda-dusunce-gucu\/"},"modified":"2026-04-15T03:30:19","modified_gmt":"2026-04-15T00:30:19","slug":"21-yuzyilda-dusunce-gucu","status":"publish","type":"product","link":"https:\/\/roveyayinevi.com.tr\/index.php\/urun\/21-yuzyilda-dusunce-gucu\/","title":{"rendered":"21. Y\u00fczy\u0131lda D\u00fc\u015f\u00fcnce G\u00fcc\u00fc"},"content":{"rendered":"<p>D\u00fc\u015f\u00fcnce g\u00fcc\u00fcn\u00fczle hayat\u0131n\u0131z\u0131 nas\u0131l \u015fekillendirebilirsiniz?  Yazar John Kehoe, 21. Y\u00fczy\u0131lda D\u00fc\u015f\u00fcnce G\u00fcc\u00fc adl\u0131 bu kitab\u0131nda, insan zihninin derinliklerini ke\u015ffederek, bu g\u00fcc\u00fc nas\u0131l kullanabilece\u011finizi ad\u0131m ad\u0131m anlat\u0131yor. Kehoe, y\u0131llar s\u00fcren \u00e7al\u0131\u015fmalar ve g\u00f6zlemler sonucu geli\u015ftirdi\u011fi tekniklerle, hayat\u0131n\u0131z\u0131 nas\u0131l yeniden \u015fekillendirebilece\u011finizi ve arzulad\u0131\u011f\u0131n\u0131z de\u011fi\u015fiklikleri ne \u015fekilde ger\u00e7ekle\u015ftirebilece\u011finizi kolay, anla\u015f\u0131l\u0131r, yal\u0131n bir dille a\u00e7\u0131kl\u0131yor.  Bu kitapla birlikte;  \u2022  Bilin\u00e7alt\u0131n\u0131z\u0131n g\u00fcc\u00fcn\u00fc verimli bir bi\u00e7imde kullanabilirsiniz \u2022  Yarat\u0131c\u0131l\u0131\u011f\u0131n\u0131z\u0131 harekete ge\u00e7irebilirsiniz \u2022  G\u00f6rselle\u015ftirme tekniklerini ba\u015far\u0131l\u0131 bir \u015fekilde uygulayabilirsiniz \u2022  \u00d6z-imaj\u0131n\u0131z\u0131 geli\u015ftirebilirsiniz \u2022  R\u00fcyalar\u0131n\u0131z\u0131 yorumlayabilirsiniz \u2022  Kendinizi iyile\u015ftirebilirsiniz \u2022  \u201cRefah bilinci\u201d geli\u015ftirebilirsiniz \u2022  Kal\u0131c\u0131 ili\u015fkiler kurabilir ve s\u00fcrd\u00fcrebilirsiniz Ba\u015far\u0131ya giden yolda, d\u00fc\u015f\u00fcnce g\u00fcc\u00fcn\u00fcz\u00fc kullanmay\u0131 \u00f6\u011frenin ve hayat\u0131n\u0131z\u0131 d\u00f6n\u00fc\u015ft\u00fcr\u00fcn. Kehoe\u2019nun yol g\u00f6stericili\u011finde, s\u0131n\u0131rlar\u0131 a\u015fmaya ve potansiyelinizi tam anlam\u0131yla ger\u00e7ekle\u015ftirmeye haz\u0131r olun! <\/p>\n","protected":false},"excerpt":{"rendered":"<p>D\u00fc\u015f\u00fcnce g\u00fcc\u00fcn\u00fczle hayat\u0131n\u0131z\u0131 nas\u0131l \u015fekillendirebilirsiniz? Yazar John Kehoe, 21. Y\u00fczy\u0131lda D\u00fc\u015f\u00fcnce G\u00fcc\u00fc adl\u0131 bu kitab\u0131nda, insan zihninin derinliklerini ke\u015ffederek, bu g\u00fcc\u00fc nas\u0131l kullanabilece\u011finizi ad\u0131m ad\u0131m anlat\u0131yor.<span class=\"excerpt-hellip\"> [\u2026]<\/span><\/p>\n","protected":false},"featured_media":0,"template":"","meta":{"_monsterinsights_skip_tracking":false,"_monsterinsights_sitenote_active":false,"_monsterinsights_sitenote_note":"","_monsterinsights_sitenote_category":0},"product_brand":[],"product_cat":[12364,12376],"product_tag":[],"class_list":{"0":"post-764468","1":"product","2":"type-product","3":"status-publish","5":"product_cat-genel-konular","6":"product_cat-kisisel-gelisim","7":"pa_cilt-ciltsiz","8":"pa_tur-kitap","9":"pa_yayinevi-destek-yayinlari","10":"pa_yazar-john-kehoe","12":"first","13":"instock","14":"sale","15":"shipping-taxable","16":"purchasable","17":"product-type-simple"},"_links":{"self":[{"href":"https:\/\/roveyayinevi.com.tr\/index.php\/wp-json\/wp\/v2\/product\/764468","targetHints":{"allow":["GET"]}}],"collection":[{"href":"https:\/\/roveyayinevi.com.tr\/index.php\/wp-json\/wp\/v2\/product"}],"about":[{"href":"https:\/\/roveyayinevi.com.tr\/index.php\/wp-json\/wp\/v2\/types\/product"}],"wp:attachment":[{"href":"https:\/\/roveyayinevi.com.tr\/index.php\/wp-json\/wp\/v2\/media?parent=764468"}],"wp:term":[{"taxonomy":"product_brand","embeddable":true,"href":"https:\/\/roveyayinevi.com.tr\/index.php\/wp-json\/wp\/v2\/product_brand?post=764468"},{"taxonomy":"product_cat","embeddable":true,"href":"https:\/\/roveyayinevi.com.tr\/index.php\/wp-json\/wp\/v2\/product_cat?post=764468"},{"taxonomy":"product_tag","embeddable":true,"href":"https:\/\/roveyayinevi.com.tr\/index.php\/wp-json\/wp\/v2\/product_tag?post=764468"}],"curies":[{"name":"wp","href":"https:\/\/api.w.org\/{rel}","templated":true}]}}