{"id":764467,"date":"2025-08-28T11:11:39","date_gmt":"2025-08-28T08:11:39","guid":{"rendered":"https:\/\/roveyayinevi.com.tr\/index.php\/urun\/hicbir-sey-siyah-degildir\/"},"modified":"2026-04-15T03:30:19","modified_gmt":"2026-04-15T00:30:19","slug":"hicbir-sey-siyah-degildir","status":"publish","type":"product","link":"https:\/\/roveyayinevi.com.tr\/index.php\/urun\/hicbir-sey-siyah-degildir\/","title":{"rendered":"Hi\u00e7bir \u015eey Siyah De\u011fildir"},"content":{"rendered":"<p>SANA SI\u011eINMAK \u0130STEYEREK FIRTINANIN SEN OLDU\u011eU GER\u00c7E\u011e\u0130N\u0130 G\u00d6ZDEN KA\u00c7IRDIM. SI\u011eINMAM GEREKEN K\u0130\u015e\u0130 SEND\u0130N. AMA K\u0130M FIRTINALARDAN KORUNARAK YA\u015eAMAK \u0130STER K\u0130? Frida Kahlo, ergenlik \u00e7a\u011f\u0131nda ciddi bir kaza ge\u00e7irir. Zorlu ge\u00e7en iyile\u015fme s\u00fcrecinde resim tutkusunu ve yetene\u011fini ke\u015ffeder. Yine de ya\u015famaktan vazge\u00e7mez. Kariyerinin ba\u015f\u0131nda hayat\u0131n\u0131n a\u015fk\u0131 olan \u00fcnl\u00fc Meksikal\u0131 ressam Diego Rivera ile tan\u0131\u015f\u0131r. Onlar\u0131n derin ve ac\u0131 verici a\u015fklar\u0131 adeta renklerin b\u00fcy\u00fcs\u00fcne kar\u0131\u015f\u0131r. \u00dc\u00e7 ana renk vard\u0131r: mavi, k\u0131rm\u0131z\u0131, sar\u0131. Frida\u2019n\u0131n hayat\u0131 da \u00fc\u00e7 perdelik bir oyuna d\u00f6n\u00fc\u015f\u00fcr: trajedi, \u015fehvet ve h\u00fcsran&#8230; Bu, iki ba\u015far\u0131l\u0131 sanat\u00e7\u0131n\u0131n tutkusunu ama bunun \u00f6tesinde bir kad\u0131n\u0131n, bir ikonun ve inan\u0131lmaz bir ressam\u0131n do\u011fu\u015funu anlatan muhte\u015fem bir roman. \u201cRenkler ve duygularla dolup ta\u015fan ola\u011fan\u00fcst\u00fc bir kitap.\u201d -Lib\u00e9ration <\/p>\n","protected":false},"excerpt":{"rendered":"<p>SANA SI\u011eINMAK \u0130STEYEREK FIRTINANIN SEN OLDU\u011eU GER\u00c7E\u011e\u0130N\u0130 G\u00d6ZDEN KA\u00c7IRDIM. SI\u011eINMAM GEREKEN K\u0130\u015e\u0130 SEND\u0130N. AMA K\u0130M FIRTINALARDAN KORUNARAK YA\u015eAMAK \u0130STER K\u0130? Frida Kahlo, ergenlik \u00e7a\u011f\u0131nda ciddi bir<span class=\"excerpt-hellip\"> [\u2026]<\/span><\/p>\n","protected":false},"featured_media":0,"template":"","meta":{"_monsterinsights_skip_tracking":false,"_monsterinsights_sitenote_active":false,"_monsterinsights_sitenote_note":"","_monsterinsights_sitenote_category":0},"product_brand":[],"product_cat":[12291,12711],"product_tag":[],"class_list":{"0":"post-764467","1":"product","2":"type-product","3":"status-publish","5":"product_cat-edebiyat","6":"product_cat-roman-oyku","7":"pa_cilt-ciltsiz","8":"pa_tur-kitap","9":"pa_yayinevi-beyaz-baykus-yayinlari","10":"pa_yazar-claire-berest","12":"first","13":"instock","14":"sale","15":"shipping-taxable","16":"purchasable","17":"product-type-simple"},"_links":{"self":[{"href":"https:\/\/roveyayinevi.com.tr\/index.php\/wp-json\/wp\/v2\/product\/764467","targetHints":{"allow":["GET"]}}],"collection":[{"href":"https:\/\/roveyayinevi.com.tr\/index.php\/wp-json\/wp\/v2\/product"}],"about":[{"href":"https:\/\/roveyayinevi.com.tr\/index.php\/wp-json\/wp\/v2\/types\/product"}],"wp:attachment":[{"href":"https:\/\/roveyayinevi.com.tr\/index.php\/wp-json\/wp\/v2\/media?parent=764467"}],"wp:term":[{"taxonomy":"product_brand","embeddable":true,"href":"https:\/\/roveyayinevi.com.tr\/index.php\/wp-json\/wp\/v2\/product_brand?post=764467"},{"taxonomy":"product_cat","embeddable":true,"href":"https:\/\/roveyayinevi.com.tr\/index.php\/wp-json\/wp\/v2\/product_cat?post=764467"},{"taxonomy":"product_tag","embeddable":true,"href":"https:\/\/roveyayinevi.com.tr\/index.php\/wp-json\/wp\/v2\/product_tag?post=764467"}],"curies":[{"name":"wp","href":"https:\/\/api.w.org\/{rel}","templated":true}]}}