{"id":764466,"date":"2025-08-28T11:11:37","date_gmt":"2025-08-28T08:11:37","guid":{"rendered":"https:\/\/roveyayinevi.com.tr\/index.php\/urun\/benim-mutlu-evliligim-2\/"},"modified":"2026-04-15T03:30:19","modified_gmt":"2026-04-15T00:30:19","slug":"benim-mutlu-evliligim-2","status":"publish","type":"product","link":"https:\/\/roveyayinevi.com.tr\/index.php\/urun\/benim-mutlu-evliligim-2\/","title":{"rendered":"Benim Mutlu Evlili\u011fim 2"},"content":{"rendered":"<p>\u201c\u0130LK KEZ B\u0130R\u0130 BANA B\u00d6YLES\u0130NE K\u0130BAR DAVRANIYOR&#8230;\u201d   M\u0130YO SA\u0130MOR\u0130, \u00d6ZEL G\u00dc\u00c7LERE SAH\u0130P B\u0130R A\u0130LEDE DO\u011eMU\u015e OLMASINA RA\u011eMEN H\u0130\u00c7B\u0130R YETENE\u011e\u0130 M\u0130RAS ALMAMI\u015eTIR.   EBEVEYNLER\u0130 TARAFINDAN SEV\u0130LMEYEN, HERKES\u0130N YOK SAYDI\u011eI B\u0130R KIZKEN, SO\u011eUK VE ZAL\u0130M OLDU\u011eU S\u00d6YLENEN \u00d6ZEL G\u00dc\u00c7LERE SAH\u0130P KUDOU A\u0130LES\u0130NE GEL\u0130N ADAYI OLARAK G\u0130DER. \u015eATAFATTAN UZAK, SOYLU B\u0130R A\u0130LEN\u0130N KIZINA BENZEMEYEN M\u0130YO\u2019NUN DURUMUNU G\u00d6REN A\u0130LE RE\u0130S\u0130 K\u0130YOKA KUDOU, ONDAN ETK\u0130LENEREK M\u0130YO\u2019YU \u00d6NEMSEMEYE BA\u015eLAR. ANCAK \u00d6ZEL YETENE\u011e\u0130 OLMAYAN M\u0130YO, GEL\u0130N OLMAYA UYGUN DE\u011e\u0130LD\u0130R. <\/p>\n","protected":false},"excerpt":{"rendered":"<p>\u201c\u0130LK KEZ B\u0130R\u0130 BANA B\u00d6YLES\u0130NE K\u0130BAR DAVRANIYOR&#8230;\u201d M\u0130YO SA\u0130MOR\u0130, \u00d6ZEL G\u00dc\u00c7LERE SAH\u0130P B\u0130R A\u0130LEDE DO\u011eMU\u015e OLMASINA RA\u011eMEN H\u0130\u00c7B\u0130R YETENE\u011e\u0130 M\u0130RAS ALMAMI\u015eTIR. EBEVEYNLER\u0130 TARAFINDAN SEV\u0130LMEYEN, HERKES\u0130N YOK<span class=\"excerpt-hellip\"> [\u2026]<\/span><\/p>\n","protected":false},"featured_media":0,"template":"","meta":{"_monsterinsights_skip_tracking":false,"_monsterinsights_sitenote_active":false,"_monsterinsights_sitenote_note":"","_monsterinsights_sitenote_category":0},"product_brand":[],"product_cat":[12416,12291],"product_tag":[],"class_list":{"0":"post-764466","1":"product","2":"type-product","3":"status-publish","5":"product_cat-cizgi-roman","6":"product_cat-edebiyat","7":"pa_cilt-ciltsiz","8":"pa_tur-kitap","9":"pa_yayinevi-athica-yayinlari","10":"pa_yazar-akumi-agitogi","12":"first","13":"instock","14":"sale","15":"shipping-taxable","16":"purchasable","17":"product-type-simple"},"_links":{"self":[{"href":"https:\/\/roveyayinevi.com.tr\/index.php\/wp-json\/wp\/v2\/product\/764466","targetHints":{"allow":["GET"]}}],"collection":[{"href":"https:\/\/roveyayinevi.com.tr\/index.php\/wp-json\/wp\/v2\/product"}],"about":[{"href":"https:\/\/roveyayinevi.com.tr\/index.php\/wp-json\/wp\/v2\/types\/product"}],"wp:attachment":[{"href":"https:\/\/roveyayinevi.com.tr\/index.php\/wp-json\/wp\/v2\/media?parent=764466"}],"wp:term":[{"taxonomy":"product_brand","embeddable":true,"href":"https:\/\/roveyayinevi.com.tr\/index.php\/wp-json\/wp\/v2\/product_brand?post=764466"},{"taxonomy":"product_cat","embeddable":true,"href":"https:\/\/roveyayinevi.com.tr\/index.php\/wp-json\/wp\/v2\/product_cat?post=764466"},{"taxonomy":"product_tag","embeddable":true,"href":"https:\/\/roveyayinevi.com.tr\/index.php\/wp-json\/wp\/v2\/product_tag?post=764466"}],"curies":[{"name":"wp","href":"https:\/\/api.w.org\/{rel}","templated":true}]}}