{"id":764465,"date":"2025-08-28T11:11:35","date_gmt":"2025-08-28T08:11:35","guid":{"rendered":"https:\/\/roveyayinevi.com.tr\/index.php\/urun\/dukun-malikanesi-1\/"},"modified":"2026-04-15T03:30:19","modified_gmt":"2026-04-15T00:30:19","slug":"dukun-malikanesi-1","status":"publish","type":"product","link":"https:\/\/roveyayinevi.com.tr\/index.php\/urun\/dukun-malikanesi-1\/","title":{"rendered":"D\u00fck\u2019\u00fcn Malikanesi 1"},"content":{"rendered":"<p>\u201cD\u00dcK\u2019E B\u0130R ANLA\u015eMA YAPMAYI TEKL\u0130F ETT\u0130M.\u201d   Raeliana McMillan, kaderinde onu \u00f6lu\u0308mu\u0308n bekledi\u011fini biliyordu. Hayatta kalmak i\u00e7inse melek yu\u0308zlu\u0308 bir \u015feytan olan Du\u0308k Wynknight\u2019a bir anla\u015fma teklif etti.   Gerekti\u011finde ni\u015fanl\u0131s\u0131 gibi davranacak, gerekti\u011finde de fiziksel yak\u0131nl\u0131k kuracakt\u0131.   ACABA YAPTI\u011eI BU ANLA\u015eMADAN P\u0130\u015eMAN OLACAK MIYDI? <\/p>\n","protected":false},"excerpt":{"rendered":"<p>\u201cD\u00dcK\u2019E B\u0130R ANLA\u015eMA YAPMAYI TEKL\u0130F ETT\u0130M.\u201d Raeliana McMillan, kaderinde onu \u00f6lu\u0308mu\u0308n bekledi\u011fini biliyordu. Hayatta kalmak i\u00e7inse melek yu\u0308zlu\u0308 bir \u015feytan olan Du\u0308k Wynknight\u2019a bir anla\u015fma teklif<span class=\"excerpt-hellip\"> [\u2026]<\/span><\/p>\n","protected":false},"featured_media":0,"template":"","meta":{"_monsterinsights_skip_tracking":false,"_monsterinsights_sitenote_active":false,"_monsterinsights_sitenote_note":"","_monsterinsights_sitenote_category":0},"product_brand":[],"product_cat":[12416,12291],"product_tag":[],"class_list":{"0":"post-764465","1":"product","2":"type-product","3":"status-publish","5":"product_cat-cizgi-roman","6":"product_cat-edebiyat","7":"pa_cilt-ciltsiz","8":"pa_tur-kitap","9":"pa_yayinevi-athica-yayinlari","10":"pa_yazar-milcha","12":"first","13":"instock","14":"sale","15":"shipping-taxable","16":"purchasable","17":"product-type-simple"},"_links":{"self":[{"href":"https:\/\/roveyayinevi.com.tr\/index.php\/wp-json\/wp\/v2\/product\/764465","targetHints":{"allow":["GET"]}}],"collection":[{"href":"https:\/\/roveyayinevi.com.tr\/index.php\/wp-json\/wp\/v2\/product"}],"about":[{"href":"https:\/\/roveyayinevi.com.tr\/index.php\/wp-json\/wp\/v2\/types\/product"}],"wp:attachment":[{"href":"https:\/\/roveyayinevi.com.tr\/index.php\/wp-json\/wp\/v2\/media?parent=764465"}],"wp:term":[{"taxonomy":"product_brand","embeddable":true,"href":"https:\/\/roveyayinevi.com.tr\/index.php\/wp-json\/wp\/v2\/product_brand?post=764465"},{"taxonomy":"product_cat","embeddable":true,"href":"https:\/\/roveyayinevi.com.tr\/index.php\/wp-json\/wp\/v2\/product_cat?post=764465"},{"taxonomy":"product_tag","embeddable":true,"href":"https:\/\/roveyayinevi.com.tr\/index.php\/wp-json\/wp\/v2\/product_tag?post=764465"}],"curies":[{"name":"wp","href":"https:\/\/api.w.org\/{rel}","templated":true}]}}