{"id":764464,"date":"2025-08-28T11:11:33","date_gmt":"2025-08-28T08:11:33","guid":{"rendered":"https:\/\/roveyayinevi.com.tr\/index.php\/urun\/hassas-bir-kalp\/"},"modified":"2026-04-15T03:30:19","modified_gmt":"2026-04-15T00:30:19","slug":"hassas-bir-kalp","status":"publish","type":"product","link":"https:\/\/roveyayinevi.com.tr\/index.php\/urun\/hassas-bir-kalp\/","title":{"rendered":"Hassas Bir Kalp"},"content":{"rendered":"<p>\u201cBEN OLSAYDIM L\u0130ANDRO\u2019YU MUTLU EDEB\u0130L\u0130RD\u0130M&#8230;\u201d   K\u0130TABI OKURKEN \u0130\u00c7TEN B\u0130R \u015eEK\u0130LDE D\u0130LED\u0130\u011e\u0130M D\u0130LEK M\u0130 GER\u00c7EKLE\u015eT\u0130?   UYANDI\u011eIMDA KEND\u0130M\u0130 K\u0130TABIN YAN KARAKTER\u0130, L\u0130ANDRO\u2019NUN H\u0130ZMET\u00c7\u0130S\u0130 EVEL\u0130NA OLARAK BULDUM.   K\u0130TABIN \u0130\u00c7\u0130NE G\u0130RD\u0130\u011e\u0130MDE L\u0130ANDRO\u2019YLA EN \u00d6ZENL\u0130 \u015eEK\u0130LDE \u0130LG\u0130LENMEYE KARAR VERD\u0130M. AMA B\u0130RL\u0130KTE ZAMAN GE\u00c7\u0130RD\u0130K\u00c7E LANET\u0130N L\u0130ANDRO\u2019NUN V\u00dcCUDUNDA OLU\u015eTURDU\u011eU \u0130ZLER\u0130N YAVA\u015e YAVA\u015e KAYBOLDU\u011eUNU FARK ETT\u0130M.   AYRICA L\u0130ANDRO BANA SADECE ANA KADIN KARAKTERE G\u00dcL\u00dcMSED\u0130\u011e\u0130 G\u0130B\u0130 G\u00dcL\u00dcMSEMEYE BA\u015eLADI.   SANIRIM YA\u015eADIKLARIM K\u0130TABIN \u0130LERLEY\u0130\u015e\u0130NDEN FARKLI B\u0130R YERE DO\u011eRU G\u0130TMEYE BA\u015eLIYORDU. <\/p>\n","protected":false},"excerpt":{"rendered":"<p>\u201cBEN OLSAYDIM L\u0130ANDRO\u2019YU MUTLU EDEB\u0130L\u0130RD\u0130M&#8230;\u201d K\u0130TABI OKURKEN \u0130\u00c7TEN B\u0130R \u015eEK\u0130LDE D\u0130LED\u0130\u011e\u0130M D\u0130LEK M\u0130 GER\u00c7EKLE\u015eT\u0130? UYANDI\u011eIMDA KEND\u0130M\u0130 K\u0130TABIN YAN KARAKTER\u0130, L\u0130ANDRO\u2019NUN H\u0130ZMET\u00c7\u0130S\u0130 EVEL\u0130NA OLARAK BULDUM. K\u0130TABIN \u0130\u00c7\u0130NE<span class=\"excerpt-hellip\"> [\u2026]<\/span><\/p>\n","protected":false},"featured_media":0,"template":"","meta":{"_monsterinsights_skip_tracking":false,"_monsterinsights_sitenote_active":false,"_monsterinsights_sitenote_note":"","_monsterinsights_sitenote_category":0},"product_brand":[],"product_cat":[12416,12291],"product_tag":[],"class_list":{"0":"post-764464","1":"product","2":"type-product","3":"status-publish","5":"product_cat-cizgi-roman","6":"product_cat-edebiyat","7":"pa_cilt-ciltsiz","8":"pa_tur-kitap","9":"pa_yayinevi-athica-yayinlari","10":"pa_yazar-jooahri","12":"first","13":"instock","14":"sale","15":"shipping-taxable","16":"purchasable","17":"product-type-simple"},"_links":{"self":[{"href":"https:\/\/roveyayinevi.com.tr\/index.php\/wp-json\/wp\/v2\/product\/764464","targetHints":{"allow":["GET"]}}],"collection":[{"href":"https:\/\/roveyayinevi.com.tr\/index.php\/wp-json\/wp\/v2\/product"}],"about":[{"href":"https:\/\/roveyayinevi.com.tr\/index.php\/wp-json\/wp\/v2\/types\/product"}],"wp:attachment":[{"href":"https:\/\/roveyayinevi.com.tr\/index.php\/wp-json\/wp\/v2\/media?parent=764464"}],"wp:term":[{"taxonomy":"product_brand","embeddable":true,"href":"https:\/\/roveyayinevi.com.tr\/index.php\/wp-json\/wp\/v2\/product_brand?post=764464"},{"taxonomy":"product_cat","embeddable":true,"href":"https:\/\/roveyayinevi.com.tr\/index.php\/wp-json\/wp\/v2\/product_cat?post=764464"},{"taxonomy":"product_tag","embeddable":true,"href":"https:\/\/roveyayinevi.com.tr\/index.php\/wp-json\/wp\/v2\/product_tag?post=764464"}],"curies":[{"name":"wp","href":"https:\/\/api.w.org\/{rel}","templated":true}]}}