{"id":764462,"date":"2025-08-28T11:11:29","date_gmt":"2025-08-28T08:11:29","guid":{"rendered":"https:\/\/roveyayinevi.com.tr\/index.php\/urun\/de-profundis-4\/"},"modified":"2026-04-15T03:30:19","modified_gmt":"2026-04-15T00:30:19","slug":"de-profundis-4","status":"publish","type":"product","link":"https:\/\/roveyayinevi.com.tr\/index.php\/urun\/de-profundis-4\/","title":{"rendered":"De Profundis"},"content":{"rendered":"<p>De Profundis (Lat. \u201cderinlerden\u201d),  Oscar Wilde\u2019\u0131n Reading Hapishanesi\u2019ndeki tutuklulu\u011funun sonlar\u0131na do\u011fru, Ocak-Mart 1897\u2019de, sevgilisi \u201cBosie\u201d Lord Alfred Douglas\u2019a yazd\u0131\u011f\u0131 onlarca sayfal\u0131k bir mektup. Hapishane m\u00fcd\u00fcr\u00fc Nelson, yazman\u0131n Wilde\u2019a iyi gelece\u011fini d\u00fc\u015f\u00fcnerek bu mektubu yazmas\u0131na izin verir. Muhatab\u0131na g\u00f6nderilmeyen mektup, Wilde\u2019\u0131n serbest kald\u0131\u011f\u0131 18 May\u0131s 1897\u2019de m\u00fcd\u00fcr Nelson taraf\u0131ndan kendisine geri verilir. D\u00fcnya edebiyat tarihinin en bilinen mektuplar\u0131ndan biri olan De Profundis\u2019in ilk yar\u0131s\u0131, Wilde\u2019\u0131n \u201cahlaks\u0131zl\u0131k\u201d nedeniyle hapse girmesine sebep olan Lord Alfred Douglas\u2019la ili\u015fkilerine ve abart\u0131l\u0131 ya\u015fam bi\u00e7imlerine ili\u015fkindir ve ileti\u015fimleri kopmu\u015f iki sevgiliden birinin di\u011ferine \u201csitem\u201dleriyle doludur. Mektubu her anlam\u0131yla klasik bir metne d\u00f6n\u00fc\u015ft\u00fcren ikinci yar\u0131s\u0131 ise Wilde\u2019\u0131n edebiyat, sanat ve hayata dair d\u00fc\u015f\u00fcnceleriyle \u015fekillenir. Hapishanedeki ruhsal geli\u015fimini ve romantik, bireyci bir sanat\u00e7\u0131 olarak nitelendirdi\u011fi \u0130sa Mesih\u2019le \u00f6zde\u015fle\u015fmesini anlat\u0131r. Gen\u00e7 sevgilisine olan kini yumu\u015famaya ba\u015flar ve nihayetinde mektup \u201cSevgili dostun\u201d hitab\u0131yla biter.  De Profundis, Cel\u00e2l \u00dcster\u2019in a\u00e7\u0131klamal\u0131 notlar\u0131 ve ustal\u0131kl\u0131 \u00e7evirisiyle\u2026 \u201cYazmaktan ba\u015fka \u00e7are bulamad\u0131\u011f\u0131m ve ikimizin hayat\u0131ndan, ge\u00e7mi\u015ften ve gelecekten, ac\u0131lara d\u00f6n\u00fc\u015fm\u00fc\u015f g\u00fczel \u015feylerden ve mutlulu\u011fa d\u00f6n\u00fc\u015febilecek ac\u0131 \u015feylerden dem vuran bu mektupta gururunu can evinden vuracak pek \u00e7ok \u015fey bulaca\u011f\u0131ndan hi\u00e7 ku\u015fkum yok. \u00d6yle olursa e\u011fer, bu mektubu tekrar tekrar oku, ta ki gururunu yok edinceye kadar.\u201d <\/p>\n","protected":false},"excerpt":{"rendered":"<p>De Profundis (Lat. \u201cderinlerden\u201d), Oscar Wilde\u2019\u0131n Reading Hapishanesi\u2019ndeki tutuklulu\u011funun sonlar\u0131na do\u011fru, Ocak-Mart 1897\u2019de, sevgilisi \u201cBosie\u201d Lord Alfred Douglas\u2019a yazd\u0131\u011f\u0131 onlarca sayfal\u0131k bir mektup. Hapishane m\u00fcd\u00fcr\u00fc Nelson,<span class=\"excerpt-hellip\"> [\u2026]<\/span><\/p>\n","protected":false},"featured_media":0,"template":"","meta":{"_monsterinsights_skip_tracking":false,"_monsterinsights_sitenote_active":false,"_monsterinsights_sitenote_note":"","_monsterinsights_sitenote_category":0},"product_brand":[],"product_cat":[12291,13872],"product_tag":[],"class_list":{"0":"post-764462","1":"product","2":"type-product","3":"status-publish","5":"product_cat-edebiyat","6":"product_cat-klasikler","7":"pa_cilt-ciltsiz","8":"pa_tur-kitap","9":"pa_yayinevi-kirmizi-kedi-yayinevi","10":"pa_yazar-oscar-wilde","12":"first","13":"instock","14":"sale","15":"shipping-taxable","16":"purchasable","17":"product-type-simple"},"_links":{"self":[{"href":"https:\/\/roveyayinevi.com.tr\/index.php\/wp-json\/wp\/v2\/product\/764462","targetHints":{"allow":["GET"]}}],"collection":[{"href":"https:\/\/roveyayinevi.com.tr\/index.php\/wp-json\/wp\/v2\/product"}],"about":[{"href":"https:\/\/roveyayinevi.com.tr\/index.php\/wp-json\/wp\/v2\/types\/product"}],"wp:attachment":[{"href":"https:\/\/roveyayinevi.com.tr\/index.php\/wp-json\/wp\/v2\/media?parent=764462"}],"wp:term":[{"taxonomy":"product_brand","embeddable":true,"href":"https:\/\/roveyayinevi.com.tr\/index.php\/wp-json\/wp\/v2\/product_brand?post=764462"},{"taxonomy":"product_cat","embeddable":true,"href":"https:\/\/roveyayinevi.com.tr\/index.php\/wp-json\/wp\/v2\/product_cat?post=764462"},{"taxonomy":"product_tag","embeddable":true,"href":"https:\/\/roveyayinevi.com.tr\/index.php\/wp-json\/wp\/v2\/product_tag?post=764462"}],"curies":[{"name":"wp","href":"https:\/\/api.w.org\/{rel}","templated":true}]}}