{"id":764461,"date":"2025-08-28T11:11:27","date_gmt":"2025-08-28T08:11:27","guid":{"rendered":"https:\/\/roveyayinevi.com.tr\/index.php\/urun\/mashle-3\/"},"modified":"2026-04-15T03:30:19","modified_gmt":"2026-04-15T00:30:19","slug":"mashle-3","status":"publish","type":"product","link":"https:\/\/roveyayinevi.com.tr\/index.php\/urun\/mashle-3\/","title":{"rendered":"Mashle 3"},"content":{"rendered":"<p>Lang binas\u0131, madalyonlar\u0131 toplama yar\u0131\u015f\u0131nda h\u0131z kesmeden bask\u0131y\u0131 artt\u0131rmaya devam ediyor! Tanr\u0131 taraf\u0131ndan se\u00e7ilmi\u015f ki\u015fi olan \u201cilahi vizyoner\u201d unvan\u0131na eri\u015febilmek i\u00e7in di\u011fer binalar\u0131n madalyonlar\u0131n\u0131 ele ge\u00e7irmeyi s\u00fcrd\u00fcren Lang\u2019i durdurmak \u00fczere Mash ve Adler tak\u0131m\u0131 birlikte hareket edecek. Bayku\u015f kul\u00fcbesini temizleyen Mash kendini, Magia Lupus&#8217;un alt\u0131nc\u0131 ve yedinci di\u015fleriyle kar\u015f\u0131 kar\u015f\u0131ya bulacak. Zay\u0131flar\u0131 ac\u0131mas\u0131zca ezen karanl\u0131k g\u00fc\u00e7ler, birer birer arkada\u015flar\u0131na sald\u0131rd\u0131\u011f\u0131nda \u00f6fkesi tavan yapan Mash, Magia Lupus ile bizzat y\u00fczle\u015fmeye haz\u0131rlan\u0131rken hik\u00e2ye kald\u0131\u011f\u0131 yerden devam ediyor! <\/p>\n","protected":false},"excerpt":{"rendered":"<p>Lang binas\u0131, madalyonlar\u0131 toplama yar\u0131\u015f\u0131nda h\u0131z kesmeden bask\u0131y\u0131 artt\u0131rmaya devam ediyor! Tanr\u0131 taraf\u0131ndan se\u00e7ilmi\u015f ki\u015fi olan \u201cilahi vizyoner\u201d unvan\u0131na eri\u015febilmek i\u00e7in di\u011fer binalar\u0131n madalyonlar\u0131n\u0131 ele ge\u00e7irmeyi<span class=\"excerpt-hellip\"> [\u2026]<\/span><\/p>\n","protected":false},"featured_media":0,"template":"","meta":{"_monsterinsights_skip_tracking":false,"_monsterinsights_sitenote_active":false,"_monsterinsights_sitenote_note":"","_monsterinsights_sitenote_category":0},"product_brand":[],"product_cat":[12416,12291],"product_tag":[],"class_list":{"0":"post-764461","1":"product","2":"type-product","3":"status-publish","5":"product_cat-cizgi-roman","6":"product_cat-edebiyat","7":"pa_cilt-ciltsiz","8":"pa_tur-kitap","9":"pa_yayinevi-akil-celen-kitaplar","10":"pa_yazar-hajime-komoto","12":"first","13":"instock","14":"sale","15":"shipping-taxable","16":"purchasable","17":"product-type-simple"},"_links":{"self":[{"href":"https:\/\/roveyayinevi.com.tr\/index.php\/wp-json\/wp\/v2\/product\/764461","targetHints":{"allow":["GET"]}}],"collection":[{"href":"https:\/\/roveyayinevi.com.tr\/index.php\/wp-json\/wp\/v2\/product"}],"about":[{"href":"https:\/\/roveyayinevi.com.tr\/index.php\/wp-json\/wp\/v2\/types\/product"}],"wp:attachment":[{"href":"https:\/\/roveyayinevi.com.tr\/index.php\/wp-json\/wp\/v2\/media?parent=764461"}],"wp:term":[{"taxonomy":"product_brand","embeddable":true,"href":"https:\/\/roveyayinevi.com.tr\/index.php\/wp-json\/wp\/v2\/product_brand?post=764461"},{"taxonomy":"product_cat","embeddable":true,"href":"https:\/\/roveyayinevi.com.tr\/index.php\/wp-json\/wp\/v2\/product_cat?post=764461"},{"taxonomy":"product_tag","embeddable":true,"href":"https:\/\/roveyayinevi.com.tr\/index.php\/wp-json\/wp\/v2\/product_tag?post=764461"}],"curies":[{"name":"wp","href":"https:\/\/api.w.org\/{rel}","templated":true}]}}