{"id":764458,"date":"2025-08-28T11:11:21","date_gmt":"2025-08-28T08:11:21","guid":{"rendered":"https:\/\/roveyayinevi.com.tr\/index.php\/urun\/kafayi-yemeden-yasama-sanati\/"},"modified":"2026-04-15T03:30:18","modified_gmt":"2026-04-15T00:30:18","slug":"kafayi-yemeden-yasama-sanati","status":"publish","type":"product","link":"https:\/\/roveyayinevi.com.tr\/index.php\/urun\/kafayi-yemeden-yasama-sanati\/","title":{"rendered":"Kafay\u0131 Yemeden Ya\u015fama Sanat\u0131"},"content":{"rendered":"<p>21. y\u00fczy\u0131l\u0131n h\u0131zl\u0131 temposunda, m\u00fckemmellik bask\u0131s\u0131yla yo\u011frulmu\u015f hayatlar\u0131m\u0131zda, ebeveynlikten kariyere kadar her alanda kusursuz olmaya zorlan\u0131yoruz. Peki, bu kusursuzluk ill\u00fczyonundan nas\u0131l kurtulabiliriz? \u201cKafay\u0131 Yemeden Ya\u015fama Sanat\u0131\u201d modern \u00e7a\u011f\u0131n dayatmalar\u0131yla ba\u015fa \u00e7\u0131kmaya \u00e7al\u0131\u015fan herkese hitap ediyor. Herkesin \u201cen iyi\u201d olma \u00e7abas\u0131na hapsoldu\u011fu d\u00fcnyada, yazar, insan olman\u0131n do\u011fal kusurlar\u0131n\u0131 kucaklamay\u0131 ve m\u00fckemmel olma bask\u0131s\u0131ndan s\u0131yr\u0131lmay\u0131 \u00f6neriyor. Bu kitap; ba\u015far\u0131, g\u00fczellik, ebeveynlik ve toplum bask\u0131s\u0131n\u0131n \u00fczerimizde olu\u015fturdu\u011fu y\u00fckleri sorgularken, bizi daha insani ve dengeli bir ya\u015fam aray\u0131\u015f\u0131na y\u00f6nlendiriyor. Kendi s\u0131n\u0131rlar\u0131n\u0131 kabul eden ve \u201cher \u015feye yeti\u015fememek\u201d ger\u00e7e\u011fini benimseyenlerin hik\u00e2yesiyle kar\u015f\u0131la\u015faca\u011f\u0131n\u0131z bu kitap, m\u00fckemmelli\u011fin bir ill\u00fczyon oldu\u011funu hat\u0131rlatarak, hayat\u0131n ger\u00e7ek anlam\u0131n\u0131 bulman\u0131zda rehberlik edecek. <\/p>\n","protected":false},"excerpt":{"rendered":"<p>21. y\u00fczy\u0131l\u0131n h\u0131zl\u0131 temposunda, m\u00fckemmellik bask\u0131s\u0131yla yo\u011frulmu\u015f hayatlar\u0131m\u0131zda, ebeveynlikten kariyere kadar her alanda kusursuz olmaya zorlan\u0131yoruz. Peki, bu kusursuzluk ill\u00fczyonundan nas\u0131l kurtulabiliriz? \u201cKafay\u0131 Yemeden Ya\u015fama Sanat\u0131\u201d<span class=\"excerpt-hellip\"> [\u2026]<\/span><\/p>\n","protected":false},"featured_media":0,"template":"","meta":{"_monsterinsights_skip_tracking":false,"_monsterinsights_sitenote_active":false,"_monsterinsights_sitenote_note":"","_monsterinsights_sitenote_category":0},"product_brand":[],"product_cat":[12777,12291],"product_tag":[],"class_list":{"0":"post-764458","1":"product","2":"type-product","3":"status-publish","5":"product_cat-deneme","6":"product_cat-edebiyat","7":"pa_cilt-ciltsiz","8":"pa_tur-kitap","9":"pa_yayinevi-nesil-yayinlari","10":"pa_yazar-ezgi-akgul","12":"first","13":"instock","14":"sale","15":"shipping-taxable","16":"purchasable","17":"product-type-simple"},"_links":{"self":[{"href":"https:\/\/roveyayinevi.com.tr\/index.php\/wp-json\/wp\/v2\/product\/764458","targetHints":{"allow":["GET"]}}],"collection":[{"href":"https:\/\/roveyayinevi.com.tr\/index.php\/wp-json\/wp\/v2\/product"}],"about":[{"href":"https:\/\/roveyayinevi.com.tr\/index.php\/wp-json\/wp\/v2\/types\/product"}],"wp:attachment":[{"href":"https:\/\/roveyayinevi.com.tr\/index.php\/wp-json\/wp\/v2\/media?parent=764458"}],"wp:term":[{"taxonomy":"product_brand","embeddable":true,"href":"https:\/\/roveyayinevi.com.tr\/index.php\/wp-json\/wp\/v2\/product_brand?post=764458"},{"taxonomy":"product_cat","embeddable":true,"href":"https:\/\/roveyayinevi.com.tr\/index.php\/wp-json\/wp\/v2\/product_cat?post=764458"},{"taxonomy":"product_tag","embeddable":true,"href":"https:\/\/roveyayinevi.com.tr\/index.php\/wp-json\/wp\/v2\/product_tag?post=764458"}],"curies":[{"name":"wp","href":"https:\/\/api.w.org\/{rel}","templated":true}]}}