{"id":764453,"date":"2025-08-28T11:11:13","date_gmt":"2025-08-28T08:11:13","guid":{"rendered":"https:\/\/roveyayinevi.com.tr\/index.php\/urun\/kleopatra\/"},"modified":"2026-04-15T03:30:18","modified_gmt":"2026-04-15T00:30:18","slug":"kleopatra","status":"publish","type":"product","link":"https:\/\/roveyayinevi.com.tr\/index.php\/urun\/kleopatra\/","title":{"rendered":"Kleopatra"},"content":{"rendered":"<p>Kleopatra hakk\u0131ndaki mitlerin feminist bir bak\u0131\u015f a\u00e7\u0131s\u0131yla yeniden yorumlanmas\u0131, M\u0131s\u0131r krali\u00e7esine ve efsanesine yeni bir \u0131\u015f\u0131k tutuyor. Kleopatra, efsanelerle bezeli bir karakter. Bazen Marcus Antonius&#8217;a tutkuyla a\u015f\u0131k bir siren bazense Sezar&#8217;la g\u00f6r\u00fc\u015febilmek i\u00e7in kendini bir hal\u0131ya sard\u0131rarak gizlice yan\u0131na gitti\u011fi ve hal\u0131 a\u00e7\u0131l\u0131nca yuvarlanarak meydana \u00e7\u0131kt\u0131\u011f\u0131 rivayet edilen ba\u015ftan \u00e7\u0131kar\u0131c\u0131 bir kad\u0131n gelir akla ondan bahsedince. Efsaneleri Plutarkhos, Shakespeare, George Bernard Shaw ve di\u011ferleri taraf\u0131ndan \u00f6l\u00fcms\u00fczle\u015ftirilen Kleopatra&#8217;n\u0131n kendi yazd\u0131\u011f\u0131 g\u00fcnl\u00fckler ya da mektuplar yok elimizde. Dolay\u0131s\u0131yla onun hik\u00e2yesini ancak ba\u015fkalar\u0131n\u0131n a\u011fz\u0131ndan dinleyebiliyoruz. Peki bu hik\u00e2yenin siyasi ama\u00e7lar\u0131 olan yazarlar, onun g\u00fcd\u00fclerine \u015f\u00fcpheyle yakla\u015fan kalemler ve onun a\u00e7\u0131k\u00e7a bir yalanc\u0131 oldu\u011funa inanan tarih\u00e7iler taraf\u0131ndan anlat\u0131lmas\u0131 Kleopatra alg\u0131m\u0131z\u0131 nas\u0131l etkiliyor? Francine Prose, antik Yunan ve Roma&#8217;n\u0131n edeb\u00ee kaynaklar\u0131n\u0131n yan\u0131 s\u0131ra modern d\u00f6nemde Kleopatra&#8217;n\u0131n sanat, tiyatro ve sinemadaki betimlemelerini de inceleyerek kaleme ald\u0131\u011f\u0131 eserinde, oryantalizm ve kad\u0131n d\u00fc\u015fmanl\u0131\u011f\u0131 etkisindeki geleneksel anlat\u0131lara meydan okuyor ve i\u00e7inde bulundu\u011fumuz \u00e7a\u011f\u0131n merce\u011finden Kleopatra&#8217;n\u0131n hayat\u0131na yeni bir yorum getiriyor. <\/p>\n","protected":false},"excerpt":{"rendered":"<p>Kleopatra hakk\u0131ndaki mitlerin feminist bir bak\u0131\u015f a\u00e7\u0131s\u0131yla yeniden yorumlanmas\u0131, M\u0131s\u0131r krali\u00e7esine ve efsanesine yeni bir \u0131\u015f\u0131k tutuyor. Kleopatra, efsanelerle bezeli bir karakter. Bazen Marcus Antonius&#8217;a tutkuyla<span class=\"excerpt-hellip\"> [\u2026]<\/span><\/p>\n","protected":false},"featured_media":0,"template":"","meta":{"_monsterinsights_skip_tracking":false,"_monsterinsights_sitenote_active":false,"_monsterinsights_sitenote_note":"","_monsterinsights_sitenote_category":0},"product_brand":[],"product_cat":[12370,12304],"product_tag":[],"class_list":{"0":"post-764453","1":"product","2":"type-product","3":"status-publish","5":"product_cat-arastirma-inceleme","6":"product_cat-tarih","7":"pa_cilt-ciltsiz","8":"pa_tur-kitap","9":"pa_yayinevi-yeditepe-yayinevi","10":"pa_yazar-francine-prose","12":"first","13":"instock","14":"sale","15":"shipping-taxable","16":"purchasable","17":"product-type-simple"},"_links":{"self":[{"href":"https:\/\/roveyayinevi.com.tr\/index.php\/wp-json\/wp\/v2\/product\/764453","targetHints":{"allow":["GET"]}}],"collection":[{"href":"https:\/\/roveyayinevi.com.tr\/index.php\/wp-json\/wp\/v2\/product"}],"about":[{"href":"https:\/\/roveyayinevi.com.tr\/index.php\/wp-json\/wp\/v2\/types\/product"}],"wp:attachment":[{"href":"https:\/\/roveyayinevi.com.tr\/index.php\/wp-json\/wp\/v2\/media?parent=764453"}],"wp:term":[{"taxonomy":"product_brand","embeddable":true,"href":"https:\/\/roveyayinevi.com.tr\/index.php\/wp-json\/wp\/v2\/product_brand?post=764453"},{"taxonomy":"product_cat","embeddable":true,"href":"https:\/\/roveyayinevi.com.tr\/index.php\/wp-json\/wp\/v2\/product_cat?post=764453"},{"taxonomy":"product_tag","embeddable":true,"href":"https:\/\/roveyayinevi.com.tr\/index.php\/wp-json\/wp\/v2\/product_tag?post=764453"}],"curies":[{"name":"wp","href":"https:\/\/api.w.org\/{rel}","templated":true}]}}