{"id":764451,"date":"2025-08-28T11:11:10","date_gmt":"2025-08-28T08:11:10","guid":{"rendered":"https:\/\/roveyayinevi.com.tr\/index.php\/urun\/doga-tarihi-xxxv-kitap\/"},"modified":"2026-04-15T03:30:18","modified_gmt":"2026-04-15T00:30:18","slug":"doga-tarihi-xxxv-kitap","status":"publish","type":"product","link":"https:\/\/roveyayinevi.com.tr\/index.php\/urun\/doga-tarihi-xxxv-kitap\/","title":{"rendered":"Do\u011fa Tarihi \u2013 XXXV. Kitap"},"content":{"rendered":"<p>Ya\u015fl\u0131 Plinius\u2019un ola\u011fan\u00fcst\u00fc ansiklopedik eseri Do\u011fa Tarihi\u2019nin 35. Kitab\u0131, resim sanat\u0131 \u00fczerine yaz\u0131lm\u0131\u015f Antik\u00e7a\u011f\u2019dan g\u00fcn\u00fcm\u00fcze kalm\u0131\u015f en \u00f6nemli \u00e7al\u0131\u015fmalardan biridir.   Plinius, portre sanat\u0131 \u00fczerine k\u0131sa bir giri\u015ften sonra adlar\u0131 bilinen ve bilinmeyen \u00f6nc\u00fc Yunan ressam ve heykelt\u0131ra\u015flar\u0131n\u0131 tan\u0131t\u0131r. \u00c7izgi ve renklerden, renkleri olu\u015fturan maddelerden, toprak t\u00fcrlerinden ve bunlar\u0131n tedavi ama\u00e7l\u0131 nas\u0131l kullan\u0131ld\u0131klar\u0131ndan s\u00f6z eder.   Kitapta M\u0131s\u0131r, Suriye ve Bat\u0131 Anadolu\u2019nun resim sanat\u0131 i\u00e7in merkez\u00ee bir yere sahip oldu\u011fu g\u00f6r\u00fclmektedir. Ba\u015fta Sicilya ve Roma olmak \u00fczere resim ve heykelin \u0130talya\u2019da ne \u015fekilde ba\u015flay\u0131p, k\u0131sa s\u00fcrede nas\u0131l geli\u015fti\u011finin izlerini de takip etmek m\u00fcmk\u00fcnd\u00fcr. Dolay\u0131s\u0131yla H\u0131ristiyan Orta\u00e7a\u011f\u0131\u2019nda Antik\u00e7a\u011flara yeniden ilgi uyand\u0131\u011f\u0131nda ve \u00f6zellikle R\u00f6nesans sanat\u0131nda ve d\u00fc\u015f\u00fcncesinde ni\u00e7in \u0130talya\u2019n\u0131n \u00f6ne \u00e7\u0131kt\u0131\u011f\u0131 daha iyi anla\u015f\u0131lmaktad\u0131r.   Sanat tarihi a\u00e7\u0131s\u0131ndan da ayr\u0131cal\u0131kl\u0131 bir yeri olan Plinius\u2019un bu metni sayesinde Bat\u0131 resim sanat\u0131 anlay\u0131\u015f\u0131n\u0131n k\u00f6kenlerini, sanat\u00e7\u0131lar\u0131n tarzlar\u0131n\u0131, birbirleriyle olan ili\u015fkilerini ve kad\u0131n ressamlar\u0131 daha yak\u0131ndan tan\u0131ma imk\u00e2n\u0131 elde edilmektedir. Ba\u015fka zanaatlarda oldu\u011fu gibi usta \u00e7\u0131rak ili\u015fkisiyle nas\u0131l kusursuzlu\u011fa ula\u015f\u0131ld\u0131\u011f\u0131, sanata ve sanat\u00e7\u0131ya \u00f6nem veren y\u00f6neticilerin karakterleri \u00fczerine de bilgiler verilmektedir. Galerilerin ne kadar geriye gitti\u011fi, m\u00fczecili\u011fin neden eski insanlar\u0131n emanetleri oldu\u011fu, ayr\u0131ca sahne dekorlar\u0131n\u0131 boyama, binek arabalar\u0131n\u0131n \u00e7ekti\u011fi ara\u00e7lar\u0131n ne zamandan beri boyanmaya ba\u015fland\u0131\u011f\u0131, hatt\u00e2 tahta tavana ilk resmi kimin, ne zaman \u00e7izdi\u011fi t\u00fcr\u00fcnden \u00e7e\u015fitli bilgiler de kitab\u0131n ilgi \u00e7ekici konular\u0131 aras\u0131ndad\u0131r. <\/p>\n","protected":false},"excerpt":{"rendered":"<p>Ya\u015fl\u0131 Plinius\u2019un ola\u011fan\u00fcst\u00fc ansiklopedik eseri Do\u011fa Tarihi\u2019nin 35. Kitab\u0131, resim sanat\u0131 \u00fczerine yaz\u0131lm\u0131\u015f Antik\u00e7a\u011f\u2019dan g\u00fcn\u00fcm\u00fcze kalm\u0131\u015f en \u00f6nemli \u00e7al\u0131\u015fmalardan biridir. Plinius, portre sanat\u0131 \u00fczerine k\u0131sa bir<span class=\"excerpt-hellip\"> [\u2026]<\/span><\/p>\n","protected":false},"featured_media":0,"template":"","meta":{"_monsterinsights_skip_tracking":false,"_monsterinsights_sitenote_active":false,"_monsterinsights_sitenote_note":"","_monsterinsights_sitenote_category":0},"product_brand":[],"product_cat":[12304],"product_tag":[],"class_list":{"0":"post-764451","1":"product","2":"type-product","3":"status-publish","5":"product_cat-tarih","6":"pa_cilt-ciltsiz","7":"pa_tur-kitap","8":"pa_yayinevi-dogu-bati-yayinlari","9":"pa_yazar-yasli-plinius","11":"first","12":"instock","13":"sale","14":"shipping-taxable","15":"purchasable","16":"product-type-simple"},"_links":{"self":[{"href":"https:\/\/roveyayinevi.com.tr\/index.php\/wp-json\/wp\/v2\/product\/764451","targetHints":{"allow":["GET"]}}],"collection":[{"href":"https:\/\/roveyayinevi.com.tr\/index.php\/wp-json\/wp\/v2\/product"}],"about":[{"href":"https:\/\/roveyayinevi.com.tr\/index.php\/wp-json\/wp\/v2\/types\/product"}],"wp:attachment":[{"href":"https:\/\/roveyayinevi.com.tr\/index.php\/wp-json\/wp\/v2\/media?parent=764451"}],"wp:term":[{"taxonomy":"product_brand","embeddable":true,"href":"https:\/\/roveyayinevi.com.tr\/index.php\/wp-json\/wp\/v2\/product_brand?post=764451"},{"taxonomy":"product_cat","embeddable":true,"href":"https:\/\/roveyayinevi.com.tr\/index.php\/wp-json\/wp\/v2\/product_cat?post=764451"},{"taxonomy":"product_tag","embeddable":true,"href":"https:\/\/roveyayinevi.com.tr\/index.php\/wp-json\/wp\/v2\/product_tag?post=764451"}],"curies":[{"name":"wp","href":"https:\/\/api.w.org\/{rel}","templated":true}]}}